{"id":29027,"date":"2025-10-07T11:20:26","date_gmt":"2025-10-07T08:20:26","guid":{"rendered":"https:\/\/toolhouse.fi\/?post_type=product&#038;p=29027"},"modified":"2025-10-08T10:55:21","modified_gmt":"2025-10-08T07:55:21","slug":"sax-230mm-geko","status":"publish","type":"product","link":"https:\/\/toolhouse.fi\/sv\/produkt\/sax-230mm-geko\/","title":{"rendered":"Sax 230mm Geko"},"content":{"rendered":"","protected":false},"excerpt":{"rendered":"<p data-start=\"0\" data-end=\"238\">Stadig sax fr\u00e5n Geko, tillverkad i rostfritt st\u00e5l 2Cr13. Med en total l\u00e4ngd p\u00e5 230 mm och en bladtjocklek p\u00e5 2,5 mm erbjuder den b\u00e5de h\u00e5llbarhet och precision f\u00f6r vardagens alla uppgifter.<\/p>\n<p><strong data-start=\"579\" data-end=\"608\">Tekniska specifikationer:<\/strong><\/p>\n<ul>\n<li>Blad: rostfritt st\u00e5l 2Cr13<\/li>\n<li>Bladtjocklek: 2,5 mm<\/li>\n<li>Total l\u00e4ngd: 230 mm<\/li>\n<li>Handtag: PP (polypropen) och TPR (termoplastiskt gummi)<\/li>\n<\/ul>\n","protected":false},"featured_media":29048,"template":"","meta":{"_acf_changed":false,"_seopress_robots_primary_cat":"none","_seopress_titles_title":"","_seopress_titles_desc":"","_seopress_robots_index":""},"product_cat":[578,349,336,21],"product_tag":[],"class_list":{"0":"post-29027","1":"product","2":"type-product","3":"status-publish","4":"has-post-thumbnail","6":"product_cat-handverktyg","7":"product_cat-ovrigt","8":"product_cat-verktyg","9":"product_cat-verkstadsutrustning","11":"first","12":"instock","13":"taxable","14":"shipping-taxable","15":"purchasable","16":"product-type-simple","swatches":"rey-swatches","show_selected":""},"acf":[],"_links":{"self":[{"href":"https:\/\/toolhouse.fi\/sv\/wp-json\/wp\/v2\/product\/29027","targetHints":{"allow":["GET"]}}],"collection":[{"href":"https:\/\/toolhouse.fi\/sv\/wp-json\/wp\/v2\/product"}],"about":[{"href":"https:\/\/toolhouse.fi\/sv\/wp-json\/wp\/v2\/types\/product"}],"version-history":[{"count":3,"href":"https:\/\/toolhouse.fi\/sv\/wp-json\/wp\/v2\/product\/29027\/revisions"}],"predecessor-version":[{"id":29060,"href":"https:\/\/toolhouse.fi\/sv\/wp-json\/wp\/v2\/product\/29027\/revisions\/29060"}],"wp:featuredmedia":[{"embeddable":true,"href":"https:\/\/toolhouse.fi\/sv\/wp-json\/wp\/v2\/media\/29048"}],"wp:attachment":[{"href":"https:\/\/toolhouse.fi\/sv\/wp-json\/wp\/v2\/media?parent=29027"}],"wp:term":[{"taxonomy":"product_cat","embeddable":true,"href":"https:\/\/toolhouse.fi\/sv\/wp-json\/wp\/v2\/product_cat?post=29027"},{"taxonomy":"product_tag","embeddable":true,"href":"https:\/\/toolhouse.fi\/sv\/wp-json\/wp\/v2\/product_tag?post=29027"}],"curies":[{"name":"wp","href":"https:\/\/api.w.org\/{rel}","templated":true}]}}