{"id":29083,"date":"2025-10-09T14:37:42","date_gmt":"2025-10-09T11:37:42","guid":{"rendered":"https:\/\/toolhouse.fi\/?post_type=product&#038;p=29083"},"modified":"2025-10-09T18:06:27","modified_gmt":"2025-10-09T15:06:27","slug":"fargspruta-230v-550w","status":"publish","type":"product","link":"https:\/\/toolhouse.fi\/sv\/produkt\/fargspruta-230v-550w\/","title":{"rendered":"F\u00e4rgspruta 230V 550W"},"content":{"rendered":"","protected":false},"excerpt":{"rendered":"<p>Kraftfull f\u00e4rgspruta som fungerar till alla f\u00e4rgtyper. Stegl\u00f6s luft- och f\u00e4rginst\u00e4llning samt tre olika munstycken ger ett j\u00e4mt resultat \u00f6ver din m\u00e5lning.<\/p>\n<p>Mycket l\u00e4tt att demontera och reng\u00f6ra, motorenheten lossas enkelt fr\u00e5n f\u00e4rgenheten<\/p>\n<p>&nbsp;<\/p>\n<p>&nbsp;<\/p>\n<ul>\n<li>Effekt: 550W<\/li>\n<li>Sp\u00e4nning: 230V<\/li>\n<li>Beh\u00e5llarvolym: 1000ml<\/li>\n<li>Fl\u00f6de medeltal: 200ml\/min<\/li>\n<li>Stegl\u00f6s justering av f\u00e4rg och luftm\u00e4ngd<\/li>\n<li>L\u00f6stagbar motorenhet<\/li>\n<li>Viskositet:\u00a080 din\/s (max)<\/li>\n<li>Kapacitet medeltal: 15 m\u00b2 \/ 10 minuter.<\/li>\n<li>Munstycken: 1,0mm, 1,8mm, 2,5mm<\/li>\n<li>Kabell\u00e4ngd: 180 cm<\/li>\n<li>Vikt: 1,25 kg<\/li>\n<li>M\u00e5tt: 280x125x274 mm<\/li>\n<li>Tillverkare: Geko<\/li>\n<\/ul>\n","protected":false},"featured_media":29096,"template":"","meta":{"_acf_changed":false,"_seopress_robots_primary_cat":"none","_seopress_titles_title":"","_seopress_titles_desc":"","_seopress_robots_index":""},"product_cat":[583,349,21],"product_tag":[],"class_list":{"0":"post-29083","1":"product","2":"type-product","3":"status-publish","4":"has-post-thumbnail","6":"product_cat-karosseriverktyg","7":"product_cat-ovrigt","8":"product_cat-verkstadsutrustning","10":"first","11":"instock","12":"taxable","13":"shipping-taxable","14":"purchasable","15":"product-type-simple","swatches":"rey-swatches","show_selected":""},"acf":[],"_links":{"self":[{"href":"https:\/\/toolhouse.fi\/sv\/wp-json\/wp\/v2\/product\/29083","targetHints":{"allow":["GET"]}}],"collection":[{"href":"https:\/\/toolhouse.fi\/sv\/wp-json\/wp\/v2\/product"}],"about":[{"href":"https:\/\/toolhouse.fi\/sv\/wp-json\/wp\/v2\/types\/product"}],"version-history":[{"count":1,"href":"https:\/\/toolhouse.fi\/sv\/wp-json\/wp\/v2\/product\/29083\/revisions"}],"predecessor-version":[{"id":29086,"href":"https:\/\/toolhouse.fi\/sv\/wp-json\/wp\/v2\/product\/29083\/revisions\/29086"}],"wp:featuredmedia":[{"embeddable":true,"href":"https:\/\/toolhouse.fi\/sv\/wp-json\/wp\/v2\/media\/29096"}],"wp:attachment":[{"href":"https:\/\/toolhouse.fi\/sv\/wp-json\/wp\/v2\/media?parent=29083"}],"wp:term":[{"taxonomy":"product_cat","embeddable":true,"href":"https:\/\/toolhouse.fi\/sv\/wp-json\/wp\/v2\/product_cat?post=29083"},{"taxonomy":"product_tag","embeddable":true,"href":"https:\/\/toolhouse.fi\/sv\/wp-json\/wp\/v2\/product_tag?post=29083"}],"curies":[{"name":"wp","href":"https:\/\/api.w.org\/{rel}","templated":true}]}}