{"id":29109,"date":"2025-10-10T11:21:29","date_gmt":"2025-10-10T08:21:29","guid":{"rendered":"https:\/\/toolhouse.fi\/?post_type=product&#038;p=29109"},"modified":"2025-10-10T16:37:55","modified_gmt":"2025-10-10T13:37:55","slug":"spannband-for-hjulsurrning-4-pack-3m-4t-50mm","status":"publish","type":"product","link":"https:\/\/toolhouse.fi\/sv\/produkt\/spannband-for-hjulsurrning-4-pack-3m-4t-50mm\/","title":{"rendered":"Sp\u00e4nnband f\u00f6r hjulsurrning  4-pack. 3m\/4T\/50mm"},"content":{"rendered":"","protected":false},"excerpt":{"rendered":"<p>Sp\u00e4nnband som anv\u00e4nds f\u00f6r att s\u00e4kra fordon p\u00e5 sl\u00e4pvagnar. 3m\/4T\/50mm<\/p>\n<p data-start=\"120\" data-end=\"141\">S\u00e4ljs i set om 4 st.<\/p>\n<p>&nbsp;<\/p>\n<ul>\n<li data-start=\"350\" data-end=\"366\">Bandl\u00e4ngd: 3 m<\/li>\n<li data-start=\"369\" data-end=\"387\">Bandbredd: 50 mm<\/li>\n<li data-start=\"390\" data-end=\"412\">H\u00e5llfasthet: 4000 kg<\/li>\n<li data-start=\"415\" data-end=\"441\">F\u00e4stanordning: Sp\u00e4rrhake<\/li>\n<li data-start=\"444\" data-end=\"458\">Krok(ar): Ja<\/li>\n<li data-start=\"461\" data-end=\"486\">Material: 100 % polyester<\/li>\n<li>Uppfyller standard EN12195-2<\/li>\n<li>Tillverkare: Geko<\/li>\n<li>Vikt: 7,9 kg<\/li>\n<li>Produkten inneh\u00e5ller 4 stycken sp\u00e4nnband.<\/li>\n<\/ul>\n","protected":false},"featured_media":29120,"template":"","meta":{"_acf_changed":false,"_seopress_robots_primary_cat":"none","_seopress_titles_title":"","_seopress_titles_desc":"","_seopress_robots_index":""},"product_cat":[338,349,21],"product_tag":[],"class_list":{"0":"post-29109","1":"product","2":"type-product","3":"status-publish","4":"has-post-thumbnail","6":"product_cat-fordonsverktyg","7":"product_cat-ovrigt","8":"product_cat-verkstadsutrustning","10":"first","11":"instock","12":"taxable","13":"shipping-taxable","14":"purchasable","15":"product-type-simple","swatches":"rey-swatches","show_selected":""},"acf":[],"_links":{"self":[{"href":"https:\/\/toolhouse.fi\/sv\/wp-json\/wp\/v2\/product\/29109","targetHints":{"allow":["GET"]}}],"collection":[{"href":"https:\/\/toolhouse.fi\/sv\/wp-json\/wp\/v2\/product"}],"about":[{"href":"https:\/\/toolhouse.fi\/sv\/wp-json\/wp\/v2\/types\/product"}],"version-history":[{"count":4,"href":"https:\/\/toolhouse.fi\/sv\/wp-json\/wp\/v2\/product\/29109\/revisions"}],"predecessor-version":[{"id":29158,"href":"https:\/\/toolhouse.fi\/sv\/wp-json\/wp\/v2\/product\/29109\/revisions\/29158"}],"wp:featuredmedia":[{"embeddable":true,"href":"https:\/\/toolhouse.fi\/sv\/wp-json\/wp\/v2\/media\/29120"}],"wp:attachment":[{"href":"https:\/\/toolhouse.fi\/sv\/wp-json\/wp\/v2\/media?parent=29109"}],"wp:term":[{"taxonomy":"product_cat","embeddable":true,"href":"https:\/\/toolhouse.fi\/sv\/wp-json\/wp\/v2\/product_cat?post=29109"},{"taxonomy":"product_tag","embeddable":true,"href":"https:\/\/toolhouse.fi\/sv\/wp-json\/wp\/v2\/product_tag?post=29109"}],"curies":[{"name":"wp","href":"https:\/\/api.w.org\/{rel}","templated":true}]}}