{"id":2914,"date":"2021-03-20T09:20:51","date_gmt":"2021-03-20T07:20:51","guid":{"rendered":"https:\/\/toolhouse.fi\/?post_type=product&#038;p=2914"},"modified":"2024-08-20T22:11:43","modified_gmt":"2024-08-20T19:11:43","slug":"rema-tip-top-up-6-universal-lapp","status":"publish","type":"product","link":"https:\/\/toolhouse.fi\/sv\/produkt\/rema-tip-top-up-6-universal-lapp\/","title":{"rendered":"Rema Tip Top UP 6 universal lapp 50st"},"content":{"rendered":"","protected":false},"excerpt":{"rendered":"<p>Rema Tip Top UP 6 universal lapp<\/p>\n<p>F\u00f6r reparation av skador i radial-. diagonal-, slang- och slangl\u00f6sa d\u00e4ck.<\/p>\n<p>Anv\u00e4nds med Rema Tip Top Special Cement BL<\/p>\n<p>&nbsp;<\/p>\n<p>43x43MM<\/p>\n<p>50 pack<\/p>\n","protected":false},"featured_media":7389,"template":"","meta":{"_acf_changed":false,"_seopress_robots_primary_cat":"","_seopress_titles_title":"","_seopress_titles_desc":"","_seopress_robots_index":""},"product_cat":[158],"product_tag":[],"class_list":{"0":"post-2914","1":"product","2":"type-product","3":"status-publish","4":"has-post-thumbnail","6":"product_cat-dackreparation","7":"product_shipping_class-tillbehor-490","9":"first","10":"instock","11":"taxable","12":"shipping-taxable","13":"purchasable","14":"product-type-simple","swatches":"rey-swatches","show_selected":""},"acf":[],"_links":{"self":[{"href":"https:\/\/toolhouse.fi\/sv\/wp-json\/wp\/v2\/product\/2914","targetHints":{"allow":["GET"]}}],"collection":[{"href":"https:\/\/toolhouse.fi\/sv\/wp-json\/wp\/v2\/product"}],"about":[{"href":"https:\/\/toolhouse.fi\/sv\/wp-json\/wp\/v2\/types\/product"}],"version-history":[{"count":1,"href":"https:\/\/toolhouse.fi\/sv\/wp-json\/wp\/v2\/product\/2914\/revisions"}],"predecessor-version":[{"id":18565,"href":"https:\/\/toolhouse.fi\/sv\/wp-json\/wp\/v2\/product\/2914\/revisions\/18565"}],"wp:featuredmedia":[{"embeddable":true,"href":"https:\/\/toolhouse.fi\/sv\/wp-json\/wp\/v2\/media\/7389"}],"wp:attachment":[{"href":"https:\/\/toolhouse.fi\/sv\/wp-json\/wp\/v2\/media?parent=2914"}],"wp:term":[{"taxonomy":"product_cat","embeddable":true,"href":"https:\/\/toolhouse.fi\/sv\/wp-json\/wp\/v2\/product_cat?post=2914"},{"taxonomy":"product_tag","embeddable":true,"href":"https:\/\/toolhouse.fi\/sv\/wp-json\/wp\/v2\/product_tag?post=2914"}],"curies":[{"name":"wp","href":"https:\/\/api.w.org\/{rel}","templated":true}]}}