{"id":29237,"date":"2025-10-27T12:04:13","date_gmt":"2025-10-27T10:04:13","guid":{"rendered":"https:\/\/toolhouse.fi\/?post_type=product&#038;p=29237"},"modified":"2026-03-18T15:45:08","modified_gmt":"2026-03-18T13:45:08","slug":"mk-100-10-24","status":"publish","type":"product","link":"https:\/\/toolhouse.fi\/sv\/produkt\/mk-100-10-24\/","title":{"rendered":"MK-100 10-24&#8243;"},"content":{"rendered":"<table border=\"0\" width=\"587\" cellspacing=\"0\" cellpadding=\"2\">\n<tbody>\n<tr>\n<td width=\"258\"><b>Typ\u00a0:<\/b><\/td>\n<td width=\"322\">Halvautomatisk<\/td>\n<\/tr>\n<tr>\n<td bgcolor=\"#f1f1f1\" width=\"258\"><b>Sp\u00e4nning\u00a0:<\/b><\/td>\n<td bgcolor=\"#f1f1f1\" width=\"322\">230V 50Hz<\/td>\n<\/tr>\n<tr>\n<td width=\"258\"><b>Rotationshastighet:<\/b><\/td>\n<td width=\"322\">6 rpm<\/td>\n<\/tr>\n<tr>\n<td bgcolor=\"#f1f1f1\" width=\"258\"><b>Presstryck<\/b><\/td>\n<td bgcolor=\"#f1f1f1\" width=\"322\">2600 kg<\/td>\n<\/tr>\n<tr>\n<td width=\"258\"><b>Maximal hjuldiameter\u00a0:<\/b><\/td>\n<td width=\"322\">960 mm<\/td>\n<\/tr>\n<tr>\n<td bgcolor=\"#f1f1f1\" width=\"258\"><b>Maximal hjulbredd\u00a0:<\/b><\/td>\n<td bgcolor=\"#f1f1f1\" width=\"322\">334 mm<\/td>\n<\/tr>\n<tr>\n<td width=\"258\"><b>F\u00e4lgstorlek inv\u00e4ndig\u00a0:<\/b><\/td>\n<td width=\"322\">12 \u201c-24\u201d<\/td>\n<\/tr>\n<tr>\n<td bgcolor=\"#f1f1f1\" width=\"258\"><b>F\u00e4lgstorlek utv\u00e4ndig<\/b><\/td>\n<td bgcolor=\"#f1f1f1\" width=\"322\">10\u201c- 21\u201d<\/td>\n<\/tr>\n<tr>\n<td width=\"258\"><b>Lufttryck:<\/b><\/td>\n<td width=\"322\">8 \u2013 10 Bar<\/td>\n<\/tr>\n<tr>\n<td bgcolor=\"#f1f1f1\" width=\"258\"><b>Ljudniv\u00e5\u00a0:<\/b><\/td>\n<td bgcolor=\"#f1f1f1\" width=\"322\">&lt;75 dB<\/td>\n<\/tr>\n<tr>\n<td width=\"258\"><b>Motoreffekt\u00a0:<\/b><\/td>\n<td width=\"322\">1,1 kW<\/td>\n<\/tr>\n<tr>\n<td bgcolor=\"#f1f1f1\" width=\"258\"><b>Maximal bord vridmoment\u00a0:<\/b><\/td>\n<td bgcolor=\"#f1f1f1\" width=\"322\">1240 Nm<\/td>\n<\/tr>\n<tr>\n<td width=\"258\"><b>Dimensioner (H x D x B)\u00a0:<\/b><\/td>\n<td width=\"322\">175 x 100 x 85 cm<\/td>\n<\/tr>\n<tr>\n<td bgcolor=\"#f1f1f1\" width=\"258\"><b>Standardutrustning\u00a0:<\/b><\/td>\n<td bgcolor=\"#f1f1f1\" width=\"322\">Tryckregulator med sm\u00f6rjare och vattenavskiljare.<\/p>\n<p>D\u00e4ckj\u00e4rn.<\/p>\n<p>Luftp\u00e5fyllare digital<\/p>\n<p>Borste till d\u00e4ckpasta.<\/p>\n<p>Plastskydd till monterinshuvud.<\/p>\n<p>Plastskydd till k\u00e4ftar.<\/p>\n<p>Plastskydd till klinchpress.<\/td>\n<\/tr>\n<\/tbody>\n<\/table>\n","protected":false},"excerpt":{"rendered":"<p>&nbsp;<\/p>\n<p>&nbsp;<\/p>\n<ul>\n<li>F\u00e4lgstorlek inv\u00e4ndig:\u00a0 12\u201c- 24 \u201d<\/li>\n<li>F\u00e4lgstorlek utv\u00e4ndig:\u00a0 10\u201c- 21\u201d<\/li>\n<li>Maximal hjuldiameter: 960 mm<\/li>\n<li>Maximal hjulbredd: 334 mm<\/li>\n<li>Presskraft: 2600 kg<\/li>\n<li>Str\u00f6mf\u00f6rs\u00f6rjning: 230V<\/li>\n<li>Vikt: 200 kg<\/li>\n<\/ul>\n<div class=\"flex-shrink-0 flex flex-col relative items-end\">\n<div>\n<div class=\"pt-0\">\n<div class=\"gizmo-bot-avatar flex h-8 w-8 items-center justify-center overflow-hidden rounded-full\">\n<div class=\"relative p-1 rounded-sm flex items-center justify-center bg-token-main-surface-primary text-token-text-primary h-8 w-8\"><\/div>\n<\/div>\n<\/div>\n<\/div>\n<\/div>\n<div class=\"group\/conversation-turn relative flex w-full min-w-0 flex-col agent-turn\">\n<div class=\"flex-col gap-1 md:gap-3\">\n<div class=\"flex max-w-full flex-col flex-grow\">\n<div class=\"min-h-8 text-message flex w-full flex-col items-end gap-2 whitespace-normal break-words text-start [.text-message+&amp;]:mt-5\" dir=\"auto\" data-message-author-role=\"assistant\" data-message-id=\"f61f44b5-81d6-4ccd-a7c2-76138b9f6016\" data-message-model-slug=\"gpt-4o\">\n<div class=\"flex w-full flex-col gap-1 empty:hidden first:pt-[3px]\">\n<div class=\"markdown prose w-full break-words dark:prose-invert light\">\n<h3 data-start=\"102\" data-end=\"164\">MK-100 \u2013 h\u00f6gpresterande d\u00e4ckmonteringsmaskin i toppklass<\/h3>\n<p data-start=\"191\" data-end=\"474\">MK-100 \u00e4r en robust och p\u00e5litlig d\u00e4ckmonteringsmaskin som utm\u00e4rker sig genom sin h\u00f6ga prestanda, stabilitet och drifts\u00e4kerhet.<br data-start=\"317\" data-end=\"320\" \/>Den kraftiga konstruktionen och de kvalitativa komponenterna garanterar l\u00e5ng livsl\u00e4ngd och problemfri drift \u00e4ven vid kr\u00e4vande och kontinuerlig anv\u00e4ndning.<\/p>\n<p data-start=\"476\" data-end=\"651\">Maskinen \u00e4r utrustad med en 1,1 kW rotationsmotor och en kraftig spaltbrytare med 2600 kg tryckkraft, vilket g\u00f6r den v\u00e4l l\u00e4mpad \u00e4ven f\u00f6r montering av styva d\u00e4ck.<\/p>\n<p data-start=\"653\" data-end=\"879\">Det stora och stabila monteringsbordet i kombination med den vridstyva pelaren ger h\u00f6g precision vid d\u00e4ckmontering.<\/p>\n<p data-start=\"623\" data-end=\"796\">Maskinen \u00e4r CE-godk\u00e4nd och levereras med 12 m\u00e5naders garanti. Alla reservdelar finns tillg\u00e4ngliga.<\/p>\n<\/div>\n<\/div>\n<\/div>\n<\/div>\n<\/div>\n<\/div>\n","protected":false},"featured_media":29341,"template":"","meta":{"_acf_changed":false,"_seopress_robots_primary_cat":"none","_seopress_titles_title":"","_seopress_titles_desc":"","_seopress_robots_index":"","_seopress_analysis_target_kw":""},"product_cat":[18,186,591],"product_tag":[],"class_list":{"0":"post-29237","1":"product","2":"type-product","3":"status-publish","4":"has-post-thumbnail","6":"product_cat-dackarbete","7":"product_cat-dackmaskiner","8":"product_cat-dackmonteringsmaskiner","10":"first","11":"outofstock","12":"sale","13":"taxable","14":"shipping-taxable","15":"purchasable","16":"product-type-simple","swatches":"rey-swatches","show_selected":""},"acf":[],"_links":{"self":[{"href":"https:\/\/toolhouse.fi\/sv\/wp-json\/wp\/v2\/product\/29237","targetHints":{"allow":["GET"]}}],"collection":[{"href":"https:\/\/toolhouse.fi\/sv\/wp-json\/wp\/v2\/product"}],"about":[{"href":"https:\/\/toolhouse.fi\/sv\/wp-json\/wp\/v2\/types\/product"}],"version-history":[{"count":0,"href":"https:\/\/toolhouse.fi\/sv\/wp-json\/wp\/v2\/product\/29237\/revisions"}],"wp:featuredmedia":[{"embeddable":true,"href":"https:\/\/toolhouse.fi\/sv\/wp-json\/wp\/v2\/media\/29341"}],"wp:attachment":[{"href":"https:\/\/toolhouse.fi\/sv\/wp-json\/wp\/v2\/media?parent=29237"}],"wp:term":[{"taxonomy":"product_cat","embeddable":true,"href":"https:\/\/toolhouse.fi\/sv\/wp-json\/wp\/v2\/product_cat?post=29237"},{"taxonomy":"product_tag","embeddable":true,"href":"https:\/\/toolhouse.fi\/sv\/wp-json\/wp\/v2\/product_tag?post=29237"}],"curies":[{"name":"wp","href":"https:\/\/api.w.org\/{rel}","templated":true}]}}