{"id":29576,"date":"2025-11-12T15:05:46","date_gmt":"2025-11-12T13:05:46","guid":{"rendered":"https:\/\/toolhouse.fi\/?post_type=product&#038;p=29576"},"modified":"2025-12-10T14:08:28","modified_gmt":"2025-12-10T12:08:28","slug":"geko-kompressor-200l-490l-3kw-400v","status":"publish","type":"product","link":"https:\/\/toolhouse.fi\/sv\/produkt\/geko-kompressor-200l-490l-3kw-400v\/","title":{"rendered":"Geko kompressor 200L\/490L\/3KW\/400V"},"content":{"rendered":"<table>\n<tbody>\n<tr>\n<td><strong><span class=\"\">Tillverkare<\/span><\/strong><\/td>\n<td><strong>Geko<\/strong><\/td>\n<\/tr>\n<tr>\n<td><strong>Modell<\/strong><\/td>\n<td>\n<p class=\"page-title-ui page-title-ui-isk-fix page-title-lq \"><strong>Type 3kW 200L\u00a0<\/strong><\/p>\n<\/td>\n<\/tr>\n<tr>\n<td><strong>Sugfl\u00f6de (L\/Min)<\/strong><\/td>\n<td><strong>490<\/strong><\/td>\n<\/tr>\n<tr>\n<td><strong>Tryckfl\u00f6de (L\/Min)<\/strong><\/td>\n<td><\/td>\n<\/tr>\n<tr>\n<td><strong>Tryck (bar)<\/strong><\/td>\n<td><strong>8<\/strong><\/td>\n<\/tr>\n<tr>\n<td><strong>Effekt (kW\/HP)<\/strong><\/td>\n<td><strong>3,0 \/ 4,0<\/strong><\/td>\n<\/tr>\n<tr>\n<td><strong>Tankvolym (L)<\/strong><\/td>\n<td><strong>200<\/strong><\/td>\n<\/tr>\n<tr>\n<td><strong>Cylinderantal<\/strong><\/td>\n<td><strong>3<\/strong><\/td>\n<\/tr>\n<tr>\n<td><\/td>\n<td><\/td>\n<\/tr>\n<tr>\n<td><strong>Bredd (mm)<\/strong><\/td>\n<td><strong>430<\/strong><\/td>\n<\/tr>\n<tr>\n<td><strong>H\u00f6jd (mm)<\/strong><\/td>\n<td><strong>910<\/strong><\/td>\n<\/tr>\n<tr>\n<td><strong>L\u00e4ngd (mm)<\/strong><\/td>\n<td><strong>1280<\/strong><\/td>\n<\/tr>\n<\/tbody>\n<\/table>\n<table>\n<tbody>\n<tr>\n<td><strong>Vikt (kg)<\/strong><\/p>\n<p>&nbsp;<\/p>\n<p><strong>Ljudniv\u00e5(db)\u00a0 \u00a0 \u00a0 \u00a0 \u00a0 \u00a0 \u00a0 \u00a0<\/strong><\/td>\n<td><strong>120<\/strong><\/p>\n<p>&nbsp;<\/p>\n<p><strong>92\u00a0 \u00a0 \u00a0 \u00a0 \u00a0 \u00a0 \u00a0 \u00a0 \u00a0 \u00a0 \u00a0 \u00a0 \u00a0 \u00a0 \u00a0\u00a0<\/strong><\/td>\n<\/tr>\n<tr>\n<td><strong>Sp\u00e4nning (V)<\/strong><\/td>\n<td><strong>400<\/strong><\/td>\n<\/tr>\n<tr>\n<td><\/td>\n<td><\/td>\n<\/tr>\n<tr>\n<td><strong>CE-m\u00e4rkt<\/strong><\/td>\n<td><strong>Ja<\/strong><\/td>\n<\/tr>\n<tr>\n<td><strong>Garanti<\/strong><\/td>\n<td><strong>12 M\u00e5nader<\/strong><\/td>\n<\/tr>\n<\/tbody>\n<\/table>\n","protected":false},"excerpt":{"rendered":"<p>Effektiv 3-cylindrig kompressor fr\u00e5n Geko med 200L tank och effekt p\u00e5 3,0kw \/ 4,0hk.<\/p>\n<p>Levereras komplett med hjulsats, motorskydd, tryckstr\u00f6mbrytare och tryckregulator.<\/p>\n<p>P\u00e5 tryckregulatorn finns tv\u00e5 st luftuttag samt m\u00f6jlighet till ett uttag direkt p\u00e5 tanken, p\u00e5 tankens undersida finns avtappning f\u00f6r kondens.<\/p>\n<p>Kompressorn \u00e4r l\u00e4tt att flytta p\u00e5 4 hjul och stj\u00e4lper inte som 3 hjuliga modeller.<\/p>\n<p>Elkabel och 3-fas stickpropp 16A \u00e4r f\u00e4rdigt monterade.<\/p>\n<p>&nbsp;<\/p>\n<p>&nbsp;<\/p>\n<p>&nbsp;<\/p>\n<p>&nbsp;<\/p>\n<p>&nbsp;<\/p>\n<p>&nbsp;<\/p>\n","protected":false},"featured_media":29587,"template":"","meta":{"_acf_changed":false,"_seopress_robots_primary_cat":"none","_seopress_titles_title":"","_seopress_titles_desc":"","_seopress_robots_index":""},"product_cat":[317,216],"product_tag":[],"class_list":{"0":"post-29576","1":"product","2":"type-product","3":"status-publish","4":"has-post-thumbnail","6":"product_cat-kompressorer","7":"product_cat-tryckluft-och-kompressor","8":"product_shipping_class-frakt69e","10":"first","11":"instock","12":"taxable","13":"shipping-taxable","14":"purchasable","15":"product-type-simple","swatches":"rey-swatches","show_selected":""},"acf":[],"_links":{"self":[{"href":"https:\/\/toolhouse.fi\/sv\/wp-json\/wp\/v2\/product\/29576","targetHints":{"allow":["GET"]}}],"collection":[{"href":"https:\/\/toolhouse.fi\/sv\/wp-json\/wp\/v2\/product"}],"about":[{"href":"https:\/\/toolhouse.fi\/sv\/wp-json\/wp\/v2\/types\/product"}],"version-history":[{"count":5,"href":"https:\/\/toolhouse.fi\/sv\/wp-json\/wp\/v2\/product\/29576\/revisions"}],"predecessor-version":[{"id":30114,"href":"https:\/\/toolhouse.fi\/sv\/wp-json\/wp\/v2\/product\/29576\/revisions\/30114"}],"wp:featuredmedia":[{"embeddable":true,"href":"https:\/\/toolhouse.fi\/sv\/wp-json\/wp\/v2\/media\/29587"}],"wp:attachment":[{"href":"https:\/\/toolhouse.fi\/sv\/wp-json\/wp\/v2\/media?parent=29576"}],"wp:term":[{"taxonomy":"product_cat","embeddable":true,"href":"https:\/\/toolhouse.fi\/sv\/wp-json\/wp\/v2\/product_cat?post=29576"},{"taxonomy":"product_tag","embeddable":true,"href":"https:\/\/toolhouse.fi\/sv\/wp-json\/wp\/v2\/product_tag?post=29576"}],"curies":[{"name":"wp","href":"https:\/\/api.w.org\/{rel}","templated":true}]}}