{"id":29668,"date":"2025-11-13T12:38:25","date_gmt":"2025-11-13T10:38:25","guid":{"rendered":"https:\/\/toolhouse.fi\/?post_type=product&#038;p=29668"},"modified":"2025-11-19T17:33:26","modified_gmt":"2025-11-19T15:33:26","slug":"geko-batteriladdare-booster-130a-12-24v","status":"publish","type":"product","link":"https:\/\/toolhouse.fi\/sv\/produkt\/geko-batteriladdare-booster-130a-12-24v\/","title":{"rendered":"Geko batteriladdare\/booster 130A 12\/24V"},"content":{"rendered":"<ul>\n<li>Tillverkare Geko<\/li>\n<li>Modell: Cb-50<\/li>\n<li>Sp\u00e4nning: 230 V<\/li>\n<li>Passar 12 V \/ 24 V blybatterier (<span dir=\"auto\">20-380Ah<\/span>)<\/li>\n<li>Laddningssp\u00e4nning: 12 V \/ 24 V<\/li>\n<li>Laddstr\u00f6m: 24V\/30A<\/li>\n<li>Laddstr\u00f6m: 12V\/20A<\/li>\n<li>Startstr\u00f6m max: 130 A<\/li>\n<li>\u00d6verladdnings- och kortslutningsskydd<\/li>\n<li>Lcd amperem\u00e4tare<\/li>\n<li>Kabell\u00e4ngd: 1300 mm<\/li>\n<li>Anslutningskabel: 1200 mm<\/li>\n<li>Skyddsklass: IP 23<\/li>\n<li>M\u00e5tt: 274x225x197 mm<\/li>\n<li>Vikt: 7,4 kg<\/li>\n<li>Ce-m\u00e4rkt<\/li>\n<li>Garanti: 12 m\u00e5nader<\/li>\n<\/ul>\n","protected":false},"excerpt":{"rendered":"<p><strong>Geko CB-50\u00a0<\/strong><\/p>\n<p>&nbsp;<\/p>\n<p>L\u00e4ttanv\u00e4nd 12V \/ 24V batteriladdare med startbooster p\u00e5 130A.<\/p>\n<p>CB-50 har har laddningseffekt p\u00e5 upp till 30A, l\u00e5nga kablar och tydlig Lcd amperem\u00e4tare.<\/p>\n<p>Laddaren \u00e4r robust och h\u00e5llbar med metallchassi, samt utrustad med handtag.<\/p>\n","protected":false},"featured_media":29678,"template":"","meta":{"_acf_changed":false,"_seopress_robots_primary_cat":"none","_seopress_titles_title":"","_seopress_titles_desc":"","_seopress_robots_index":""},"product_cat":[342,21],"product_tag":[],"class_list":{"0":"post-29668","1":"product","2":"type-product","3":"status-publish","4":"has-post-thumbnail","6":"product_cat-batteriladdare","7":"product_cat-verkstadsutrustning","8":"product_shipping_class-frakt-1590","10":"first","11":"instock","12":"taxable","13":"shipping-taxable","14":"purchasable","15":"product-type-simple","swatches":"rey-swatches","show_selected":""},"acf":[],"_links":{"self":[{"href":"https:\/\/toolhouse.fi\/sv\/wp-json\/wp\/v2\/product\/29668","targetHints":{"allow":["GET"]}}],"collection":[{"href":"https:\/\/toolhouse.fi\/sv\/wp-json\/wp\/v2\/product"}],"about":[{"href":"https:\/\/toolhouse.fi\/sv\/wp-json\/wp\/v2\/types\/product"}],"version-history":[{"count":4,"href":"https:\/\/toolhouse.fi\/sv\/wp-json\/wp\/v2\/product\/29668\/revisions"}],"predecessor-version":[{"id":29796,"href":"https:\/\/toolhouse.fi\/sv\/wp-json\/wp\/v2\/product\/29668\/revisions\/29796"}],"wp:featuredmedia":[{"embeddable":true,"href":"https:\/\/toolhouse.fi\/sv\/wp-json\/wp\/v2\/media\/29678"}],"wp:attachment":[{"href":"https:\/\/toolhouse.fi\/sv\/wp-json\/wp\/v2\/media?parent=29668"}],"wp:term":[{"taxonomy":"product_cat","embeddable":true,"href":"https:\/\/toolhouse.fi\/sv\/wp-json\/wp\/v2\/product_cat?post=29668"},{"taxonomy":"product_tag","embeddable":true,"href":"https:\/\/toolhouse.fi\/sv\/wp-json\/wp\/v2\/product_tag?post=29668"}],"curies":[{"name":"wp","href":"https:\/\/api.w.org\/{rel}","templated":true}]}}