{"id":29702,"date":"2025-11-13T16:19:17","date_gmt":"2025-11-13T14:19:17","guid":{"rendered":"https:\/\/toolhouse.fi\/?post_type=product&#038;p=29702"},"modified":"2025-11-19T15:03:14","modified_gmt":"2025-11-19T13:03:14","slug":"studsfri-hammare-1350g","status":"publish","type":"product","link":"https:\/\/toolhouse.fi\/sv\/produkt\/studsfri-hammare-1350g\/","title":{"rendered":"Studsfri hammare 1350g"},"content":{"rendered":"","protected":false},"excerpt":{"rendered":"<p>Geko studsfri hammare, gummikl\u00e4dd och ih\u00e5lig k\u00e4rna fylld med st\u00e5lkulor.<\/p>\n<ul>\n<li>Vikt: 1350g<\/li>\n<li>L\u00e4ngd: 360 mm<\/li>\n<li>Bredd: 60 mm<\/li>\n<li>L\u00e4ngd p\u00e5 huvud: 122 mm<\/li>\n<\/ul>\n","protected":false},"featured_media":29704,"template":"","meta":{"_acf_changed":false,"_seopress_robots_primary_cat":"none","_seopress_titles_title":"","_seopress_titles_desc":"","_seopress_robots_index":""},"product_cat":[578,336,21],"product_tag":[],"class_list":{"0":"post-29702","1":"product","2":"type-product","3":"status-publish","4":"has-post-thumbnail","6":"product_cat-handverktyg","7":"product_cat-verktyg","8":"product_cat-verkstadsutrustning","9":"product_shipping_class-tillbehor-790","11":"first","12":"instock","13":"taxable","14":"shipping-taxable","15":"purchasable","16":"product-type-simple","swatches":"rey-swatches","show_selected":""},"acf":[],"_links":{"self":[{"href":"https:\/\/toolhouse.fi\/sv\/wp-json\/wp\/v2\/product\/29702","targetHints":{"allow":["GET"]}}],"collection":[{"href":"https:\/\/toolhouse.fi\/sv\/wp-json\/wp\/v2\/product"}],"about":[{"href":"https:\/\/toolhouse.fi\/sv\/wp-json\/wp\/v2\/types\/product"}],"version-history":[{"count":1,"href":"https:\/\/toolhouse.fi\/sv\/wp-json\/wp\/v2\/product\/29702\/revisions"}],"predecessor-version":[{"id":29708,"href":"https:\/\/toolhouse.fi\/sv\/wp-json\/wp\/v2\/product\/29702\/revisions\/29708"}],"wp:featuredmedia":[{"embeddable":true,"href":"https:\/\/toolhouse.fi\/sv\/wp-json\/wp\/v2\/media\/29704"}],"wp:attachment":[{"href":"https:\/\/toolhouse.fi\/sv\/wp-json\/wp\/v2\/media?parent=29702"}],"wp:term":[{"taxonomy":"product_cat","embeddable":true,"href":"https:\/\/toolhouse.fi\/sv\/wp-json\/wp\/v2\/product_cat?post=29702"},{"taxonomy":"product_tag","embeddable":true,"href":"https:\/\/toolhouse.fi\/sv\/wp-json\/wp\/v2\/product_tag?post=29702"}],"curies":[{"name":"wp","href":"https:\/\/api.w.org\/{rel}","templated":true}]}}