{"id":29845,"date":"2025-11-21T15:01:53","date_gmt":"2025-11-21T13:01:53","guid":{"rendered":"https:\/\/toolhouse.fi\/?post_type=product&#038;p=29845"},"modified":"2025-11-21T15:58:19","modified_gmt":"2025-11-21T13:58:19","slug":"geko-batteriladdare-booster-550a-12-24v","status":"publish","type":"product","link":"https:\/\/toolhouse.fi\/sv\/produkt\/geko-batteriladdare-booster-550a-12-24v\/","title":{"rendered":"Geko batteriladdare\/booster 550A 12\/24V"},"content":{"rendered":"<ul>\n<li>Tillverkare Geko<\/li>\n<li>Modell C630A<\/li>\n<li>Sp\u00e4nning 230 V<\/li>\n<li>Passar 12 V \/ 24 V blybatterier (20 &#8211; 1550 Ah)<\/li>\n<li>Laddningssp\u00e4nning 12 V \/ 24 V<\/li>\n<li>Laddstr\u00f6m 24V\/90A<\/li>\n<li>Laddstr\u00f6m 12V\/60A<\/li>\n<li>Startstr\u00f6m max.12V 360 A<\/li>\n<li>Startstr\u00f6m max.24V 550A<\/li>\n<li>Timerladdning<\/li>\n<li>Str\u00f6mf\u00f6rbrukning 2 kW (laddning) \/ 12 kW (start)<\/li>\n<li>\u00d6verladdnings- och kortslutningsskydd<\/li>\n<li>Lcd amperem\u00e4tare<\/li>\n<li>S\u00e4kring 150 A<\/li>\n<li>Kabell\u00e4ngd 1600 mm<\/li>\n<li>Anslutningskabel 2000 mm<\/li>\n<li>Skyddsklass IP 20 C<\/li>\n<li>M\u00e5tt L 270\u00a0 x B 340\u00a0 x H 700\u00a0 mm<\/li>\n<li>Vikt 20 kg<\/li>\n<li>Ce-m\u00e4rkt<\/li>\n<li>Garanti 12 m\u00e5nader<\/li>\n<\/ul>\n","protected":false},"excerpt":{"rendered":"<p><strong>Geko C630A<\/strong><\/p>\n<p>&nbsp;<\/p>\n<p>Rej\u00e4l batteriladdare med startbooster p\u00e5 360A\/12V och 550A\/24V.<\/p>\n<p>Class 630 har har justerbar laddningseffekt p\u00e5 upp till 90A, l\u00e5nga kablar och tydlig Lcd amperem\u00e4tare.<\/p>\n<p>Laddaren \u00e4r robust och h\u00e5llbar med metallchassi, l\u00e4tt att flytta med stora handtag och hjul.<\/p>\n","protected":false},"featured_media":29849,"template":"","meta":{"_acf_changed":false,"_seopress_robots_primary_cat":"none","_seopress_titles_title":"","_seopress_titles_desc":"","_seopress_robots_index":""},"product_cat":[342,21],"product_tag":[],"class_list":{"0":"post-29845","1":"product","2":"type-product","3":"status-publish","4":"has-post-thumbnail","6":"product_cat-batteriladdare","7":"product_cat-verkstadsutrustning","8":"product_shipping_class-frakt-1590","10":"first","11":"instock","12":"taxable","13":"shipping-taxable","14":"purchasable","15":"product-type-simple","swatches":"rey-swatches","show_selected":""},"acf":[],"_links":{"self":[{"href":"https:\/\/toolhouse.fi\/sv\/wp-json\/wp\/v2\/product\/29845","targetHints":{"allow":["GET"]}}],"collection":[{"href":"https:\/\/toolhouse.fi\/sv\/wp-json\/wp\/v2\/product"}],"about":[{"href":"https:\/\/toolhouse.fi\/sv\/wp-json\/wp\/v2\/types\/product"}],"version-history":[{"count":1,"href":"https:\/\/toolhouse.fi\/sv\/wp-json\/wp\/v2\/product\/29845\/revisions"}],"predecessor-version":[{"id":29847,"href":"https:\/\/toolhouse.fi\/sv\/wp-json\/wp\/v2\/product\/29845\/revisions\/29847"}],"wp:featuredmedia":[{"embeddable":true,"href":"https:\/\/toolhouse.fi\/sv\/wp-json\/wp\/v2\/media\/29849"}],"wp:attachment":[{"href":"https:\/\/toolhouse.fi\/sv\/wp-json\/wp\/v2\/media?parent=29845"}],"wp:term":[{"taxonomy":"product_cat","embeddable":true,"href":"https:\/\/toolhouse.fi\/sv\/wp-json\/wp\/v2\/product_cat?post=29845"},{"taxonomy":"product_tag","embeddable":true,"href":"https:\/\/toolhouse.fi\/sv\/wp-json\/wp\/v2\/product_tag?post=29845"}],"curies":[{"name":"wp","href":"https:\/\/api.w.org\/{rel}","templated":true}]}}