{"id":29952,"date":"2025-11-25T11:31:54","date_gmt":"2025-11-25T09:31:54","guid":{"rendered":"https:\/\/toolhouse.fi\/?post_type=product&#038;p=29952"},"modified":"2025-11-25T16:15:24","modified_gmt":"2025-11-25T14:15:24","slug":"blastermunstycken-till-blasterskap","status":"publish","type":"product","link":"https:\/\/toolhouse.fi\/sv\/produkt\/blastermunstycken-till-blasterskap\/","title":{"rendered":"Bl\u00e4stermunstycken till bl\u00e4stersk\u00e5p"},"content":{"rendered":"","protected":false},"excerpt":{"rendered":"<p>Set med keramiska munstycken som passar till Gekos bl\u00e4stersk\u00e5p.<\/p>\n<p>Storlekar: 4, 5, 6, 7 mm<\/p>\n<p>&nbsp;<\/p>\n<p>Passar till:<\/p>\n<p><a href=\"https:\/\/toolhouse.fi\/sv\/produkt\/blasterskap-geko-220-liter\/\">Bl\u00e4stersk\u00e5p Geko 220 liter: T02022<\/a><\/p>\n<p><a href=\"https:\/\/toolhouse.fi\/sv\/produkt\/blasterskap-geko-90-liter\/\">Bl\u00e4stersk\u00e5p Geko 90 liter: T02021<\/a><\/p>\n","protected":false},"featured_media":29954,"template":"","meta":{"_acf_changed":false,"_seopress_robots_primary_cat":"none","_seopress_titles_title":"","_seopress_titles_desc":"","_seopress_robots_index":""},"product_cat":[770,216],"product_tag":[],"class_list":{"0":"post-29952","1":"product","2":"type-product","3":"status-publish","4":"has-post-thumbnail","6":"product_cat-blastring","7":"product_cat-tryckluft-och-kompressor","9":"first","10":"instock","11":"taxable","12":"shipping-taxable","13":"purchasable","14":"product-type-simple","swatches":"rey-swatches","show_selected":""},"acf":[],"_links":{"self":[{"href":"https:\/\/toolhouse.fi\/sv\/wp-json\/wp\/v2\/product\/29952","targetHints":{"allow":["GET"]}}],"collection":[{"href":"https:\/\/toolhouse.fi\/sv\/wp-json\/wp\/v2\/product"}],"about":[{"href":"https:\/\/toolhouse.fi\/sv\/wp-json\/wp\/v2\/types\/product"}],"version-history":[{"count":1,"href":"https:\/\/toolhouse.fi\/sv\/wp-json\/wp\/v2\/product\/29952\/revisions"}],"predecessor-version":[{"id":29956,"href":"https:\/\/toolhouse.fi\/sv\/wp-json\/wp\/v2\/product\/29952\/revisions\/29956"}],"wp:featuredmedia":[{"embeddable":true,"href":"https:\/\/toolhouse.fi\/sv\/wp-json\/wp\/v2\/media\/29954"}],"wp:attachment":[{"href":"https:\/\/toolhouse.fi\/sv\/wp-json\/wp\/v2\/media?parent=29952"}],"wp:term":[{"taxonomy":"product_cat","embeddable":true,"href":"https:\/\/toolhouse.fi\/sv\/wp-json\/wp\/v2\/product_cat?post=29952"},{"taxonomy":"product_tag","embeddable":true,"href":"https:\/\/toolhouse.fi\/sv\/wp-json\/wp\/v2\/product_tag?post=29952"}],"curies":[{"name":"wp","href":"https:\/\/api.w.org\/{rel}","templated":true}]}}