{"id":29968,"date":"2025-11-25T14:59:14","date_gmt":"2025-11-25T12:59:14","guid":{"rendered":"https:\/\/toolhouse.fi\/?post_type=product&#038;p=29968"},"modified":"2025-11-25T15:19:30","modified_gmt":"2025-11-25T13:19:30","slug":"spilloljedunk-10l","status":"publish","type":"product","link":"https:\/\/toolhouse.fi\/sv\/produkt\/spilloljedunk-10l\/","title":{"rendered":"Spilloljedunk 10L"},"content":{"rendered":"","protected":false},"excerpt":{"rendered":"<p data-start=\"54\" data-end=\"262\">L\u00e4tt och smidigt avtappningsk\u00e4rl i polypropen, avsett f\u00f6r uppsamling och avtappning av anv\u00e4nda v\u00e4tskor och oljor. K\u00e4rlet \u00e4r utrustat med ett extra handtag p\u00e5 undersidan f\u00f6r enkel och kontrollerad t\u00f6mning.<\/p>\n<h4 data-start=\"264\" data-end=\"287\"><strong>Produktegenskaper<\/strong><\/h4>\n<ul>\n<li data-start=\"290\" data-end=\"316\">Tre praktiska b\u00e4rhandtag<\/li>\n<li data-start=\"319\" data-end=\"350\">L\u00e5g modell \u2013 endast 11 cm h\u00f6g<\/li>\n<li data-start=\"353\" data-end=\"374\">Kapacitet: 10 liter<\/li>\n<li data-start=\"377\" data-end=\"413\">Extra plugg med packning medf\u00f6ljer<\/li>\n<li data-start=\"416\" data-end=\"463\">Smart f\u00f6rvaring f\u00f6r b\u00e5de plugg och extraplugg<\/li>\n<li data-start=\"466\" data-end=\"498\">L\u00e5g vikt och enkel att hantera<\/li>\n<li data-start=\"501\" data-end=\"554\">Tillverkat av slitstark och h\u00e5llbar polypropen (PP)<\/li>\n<li data-start=\"557\" data-end=\"591\">M\u00e5tt (L\u00d7B\u00d7H): 585 \u00d7 323 \u00d7 110 mm<\/li>\n<li data-start=\"594\" data-end=\"611\">Tillverkare: Geko<\/li>\n<\/ul>\n","protected":false},"featured_media":29972,"template":"","meta":{"_acf_changed":false,"_seopress_robots_primary_cat":"none","_seopress_titles_title":"","_seopress_titles_desc":"","_seopress_robots_index":""},"product_cat":[338,340,21],"product_tag":[],"class_list":{"0":"post-29968","1":"product","2":"type-product","3":"status-publish","4":"has-post-thumbnail","6":"product_cat-fordonsverktyg","7":"product_cat-oljeverktyg","8":"product_cat-verkstadsutrustning","10":"first","11":"instock","12":"taxable","13":"shipping-taxable","14":"purchasable","15":"product-type-simple","swatches":"rey-swatches","show_selected":""},"acf":[],"_links":{"self":[{"href":"https:\/\/toolhouse.fi\/sv\/wp-json\/wp\/v2\/product\/29968","targetHints":{"allow":["GET"]}}],"collection":[{"href":"https:\/\/toolhouse.fi\/sv\/wp-json\/wp\/v2\/product"}],"about":[{"href":"https:\/\/toolhouse.fi\/sv\/wp-json\/wp\/v2\/types\/product"}],"version-history":[{"count":1,"href":"https:\/\/toolhouse.fi\/sv\/wp-json\/wp\/v2\/product\/29968\/revisions"}],"predecessor-version":[{"id":29971,"href":"https:\/\/toolhouse.fi\/sv\/wp-json\/wp\/v2\/product\/29968\/revisions\/29971"}],"wp:featuredmedia":[{"embeddable":true,"href":"https:\/\/toolhouse.fi\/sv\/wp-json\/wp\/v2\/media\/29972"}],"wp:attachment":[{"href":"https:\/\/toolhouse.fi\/sv\/wp-json\/wp\/v2\/media?parent=29968"}],"wp:term":[{"taxonomy":"product_cat","embeddable":true,"href":"https:\/\/toolhouse.fi\/sv\/wp-json\/wp\/v2\/product_cat?post=29968"},{"taxonomy":"product_tag","embeddable":true,"href":"https:\/\/toolhouse.fi\/sv\/wp-json\/wp\/v2\/product_tag?post=29968"}],"curies":[{"name":"wp","href":"https:\/\/api.w.org\/{rel}","templated":true}]}}