{"id":29982,"date":"2025-11-25T15:40:54","date_gmt":"2025-11-25T13:40:54","guid":{"rendered":"https:\/\/toolhouse.fi\/?post_type=product&#038;p=29982"},"modified":"2025-11-25T16:23:54","modified_gmt":"2025-11-25T14:23:54","slug":"mutterdragare-1-2-kompakt","status":"publish","type":"product","link":"https:\/\/toolhouse.fi\/sv\/produkt\/mutterdragare-1-2-kompakt\/","title":{"rendered":"Mutterdragare 1\/2\u201d kompakt"},"content":{"rendered":"","protected":false},"excerpt":{"rendered":"<article class=\"text-token-text-primary w-full focus:outline-none [--shadow-height:45px] has-data-writing-block:pointer-events-none has-data-writing-block:-mt-(--shadow-height) has-data-writing-block:pt-(--shadow-height) [&amp;:has([data-writing-block])&gt;*]:pointer-events-auto [content-visibility:auto] supports-[content-visibility:auto]:[contain-intrinsic-size:auto_100lvh] scroll-mt-[calc(var(--header-height)+min(200px,max(70px,20svh)))]\" dir=\"auto\" tabindex=\"-1\" data-turn-id=\"60cbea5a-83ac-4094-8c5e-f1452b5f4a98\" data-testid=\"conversation-turn-62\" data-scroll-anchor=\"true\" data-turn=\"assistant\">\n<div class=\"text-base my-auto mx-auto pb-10 [--thread-content-margin:--spacing(4)] thread-sm:[--thread-content-margin:--spacing(6)] thread-lg:[--thread-content-margin:--spacing(16)] px-(--thread-content-margin)\">\n<div class=\"[--thread-content-max-width:40rem] thread-lg:[--thread-content-max-width:48rem] mx-auto max-w-(--thread-content-max-width) flex-1 group\/turn-messages focus-visible:outline-hidden relative flex w-full min-w-0 flex-col agent-turn\" tabindex=\"-1\">\n<div class=\"flex max-w-full flex-col grow\">\n<div class=\"min-h-8 text-message relative flex w-full flex-col items-end gap-2 text-start break-words whitespace-normal [.text-message+&amp;]:mt-1\" dir=\"auto\" data-message-author-role=\"assistant\" data-message-id=\"acf5238d-7e58-4b6e-9e30-3cee97ee9dee\" data-message-model-slug=\"gpt-5-mini\">\n<div class=\"flex w-full flex-col gap-1 empty:hidden first:pt-[1px]\">\n<div class=\"markdown prose dark:prose-invert w-full break-words light markdown-new-styling\">\n<p data-start=\"62\" data-end=\"262\" data-is-last-node=\"\" data-is-only-node=\"\">Gekos kompakta mutterdragare \u00e4r idealisk f\u00f6r tr\u00e5nga utrymmen och levererar imponerande kraft trots sin n\u00e4tta storlek, med ett maximalt vridmoment p\u00e5 hela 1200 Nm och en vridhastighet p\u00e5 8000 varv\/min.<\/p>\n<\/div>\n<\/div>\n<\/div>\n<\/div>\n<\/div>\n<\/div>\n<\/article>\n<div class=\"pointer-events-none h-px w-px\" aria-hidden=\"true\" data-edge=\"true\"><\/div>\n<ul>\n<li data-start=\"200\" data-end=\"673\">Vridmoment: 1200 Nm<\/li>\n<li>Vridhastighet: 8000 rpm<\/li>\n<li>Twin-slagmekanism<\/li>\n<li>3-steg f\u00f6r \u00e5tdragning, 1-steg f\u00f6r lossdragning.<\/li>\n<li>Tryckluftsdriven<\/li>\n<li>1\/2\u2033 fyrkantsf\u00e4ste<\/li>\n<li>Slitstarka material, skal i metall samt gummikl\u00e4tt handtag<\/li>\n<li>Vikt: 1,45 kg<\/li>\n<li>M\u00e5tt: (LxBxH) 113x60x169 mm<\/li>\n<\/ul>\n","protected":false},"featured_media":29991,"template":"","meta":{"_acf_changed":false,"_seopress_robots_primary_cat":"none","_seopress_titles_title":"","_seopress_titles_desc":"","_seopress_robots_index":""},"product_cat":[318,216],"product_tag":[],"class_list":{"0":"post-29982","1":"product","2":"type-product","3":"status-publish","4":"has-post-thumbnail","6":"product_cat-mutterdragare","7":"product_cat-tryckluft-och-kompressor","9":"first","10":"instock","11":"taxable","12":"shipping-taxable","13":"purchasable","14":"product-type-simple","swatches":"rey-swatches","show_selected":""},"acf":[],"_links":{"self":[{"href":"https:\/\/toolhouse.fi\/sv\/wp-json\/wp\/v2\/product\/29982","targetHints":{"allow":["GET"]}}],"collection":[{"href":"https:\/\/toolhouse.fi\/sv\/wp-json\/wp\/v2\/product"}],"about":[{"href":"https:\/\/toolhouse.fi\/sv\/wp-json\/wp\/v2\/types\/product"}],"version-history":[{"count":2,"href":"https:\/\/toolhouse.fi\/sv\/wp-json\/wp\/v2\/product\/29982\/revisions"}],"predecessor-version":[{"id":29987,"href":"https:\/\/toolhouse.fi\/sv\/wp-json\/wp\/v2\/product\/29982\/revisions\/29987"}],"wp:featuredmedia":[{"embeddable":true,"href":"https:\/\/toolhouse.fi\/sv\/wp-json\/wp\/v2\/media\/29991"}],"wp:attachment":[{"href":"https:\/\/toolhouse.fi\/sv\/wp-json\/wp\/v2\/media?parent=29982"}],"wp:term":[{"taxonomy":"product_cat","embeddable":true,"href":"https:\/\/toolhouse.fi\/sv\/wp-json\/wp\/v2\/product_cat?post=29982"},{"taxonomy":"product_tag","embeddable":true,"href":"https:\/\/toolhouse.fi\/sv\/wp-json\/wp\/v2\/product_tag?post=29982"}],"curies":[{"name":"wp","href":"https:\/\/api.w.org\/{rel}","templated":true}]}}