{"id":30022,"date":"2025-11-26T15:22:07","date_gmt":"2025-11-26T13:22:07","guid":{"rendered":"https:\/\/toolhouse.fi\/?post_type=product&#038;p=30022"},"modified":"2026-03-19T19:02:55","modified_gmt":"2026-03-19T17:02:55","slug":"snabbspannande-borrchuck-b18-1-16-mm","status":"publish","type":"product","link":"https:\/\/toolhouse.fi\/sv\/produkt\/snabbspannande-borrchuck-b18-1-16-mm\/","title":{"rendered":"Snabbsp\u00e4nnande borrchuck B18, 1-16 mm"},"content":{"rendered":"","protected":false},"excerpt":{"rendered":"<p>Snabbsp\u00e4nnande borrchuck B18, 1-16 mm<\/p>\n<ul>\n<li data-start=\"62\" data-end=\"90\">Borrkapacitet: 1\u201316 mm<\/li>\n<li data-start=\"93\" data-end=\"114\">Inf\u00e4stning: B18<\/li>\n<li data-start=\"117\" data-end=\"178\">L\u00e5ng livsl\u00e4ngd p\u00e5 k\u00e4ftarna tack vare h\u00e5rdmetallinsatser<\/li>\n<li data-start=\"181\" data-end=\"272\">Huvudet \u00e4r tillverkat av h\u00f6gkvalitativt st\u00e5l med h\u00f6g motst\u00e5ndskraft mot mekaniskt slitage<\/li>\n<li data-start=\"275\" data-end=\"344\">R\u00e4fflad ytteryta f\u00f6r snabb och s\u00e4ker \u00e5tdragning<\/li>\n<li data-start=\"347\" data-end=\"424\">\u201cKlick\u201d-l\u00e5ssystem som f\u00f6rhindrar att chucken lossnar oavsiktligt under arbete<\/li>\n<li>L\u00e4ngd: 113 mm<\/li>\n<li>Diameter: 50 mm<\/li>\n<li>Vikt: 1010 g<\/li>\n<li>Tillverkare: Geko<\/li>\n<\/ul>\n","protected":false},"featured_media":30027,"template":"","meta":{"_acf_changed":false,"_seopress_robots_primary_cat":"none","_seopress_titles_title":"","_seopress_titles_desc":"","_seopress_robots_index":""},"product_cat":[598,55,599],"product_tag":[],"class_list":{"0":"post-30022","1":"product","2":"type-product","3":"status-publish","4":"has-post-thumbnail","6":"product_cat-metallbearbetning","7":"product_cat-svets-metallarbete","8":"product_cat-tillbehor-metallbearbetning","10":"first","11":"instock","12":"taxable","13":"shipping-taxable","14":"purchasable","15":"product-type-simple","swatches":"rey-swatches","show_selected":""},"acf":[],"_links":{"self":[{"href":"https:\/\/toolhouse.fi\/sv\/wp-json\/wp\/v2\/product\/30022","targetHints":{"allow":["GET"]}}],"collection":[{"href":"https:\/\/toolhouse.fi\/sv\/wp-json\/wp\/v2\/product"}],"about":[{"href":"https:\/\/toolhouse.fi\/sv\/wp-json\/wp\/v2\/types\/product"}],"version-history":[{"count":1,"href":"https:\/\/toolhouse.fi\/sv\/wp-json\/wp\/v2\/product\/30022\/revisions"}],"predecessor-version":[{"id":30024,"href":"https:\/\/toolhouse.fi\/sv\/wp-json\/wp\/v2\/product\/30022\/revisions\/30024"}],"wp:featuredmedia":[{"embeddable":true,"href":"https:\/\/toolhouse.fi\/sv\/wp-json\/wp\/v2\/media\/30027"}],"wp:attachment":[{"href":"https:\/\/toolhouse.fi\/sv\/wp-json\/wp\/v2\/media?parent=30022"}],"wp:term":[{"taxonomy":"product_cat","embeddable":true,"href":"https:\/\/toolhouse.fi\/sv\/wp-json\/wp\/v2\/product_cat?post=30022"},{"taxonomy":"product_tag","embeddable":true,"href":"https:\/\/toolhouse.fi\/sv\/wp-json\/wp\/v2\/product_tag?post=30022"}],"curies":[{"name":"wp","href":"https:\/\/api.w.org\/{rel}","templated":true}]}}