{"id":30047,"date":"2025-11-27T14:29:54","date_gmt":"2025-11-27T12:29:54","guid":{"rendered":"https:\/\/toolhouse.fi\/?post_type=product&#038;p=30047"},"modified":"2026-01-28T11:45:05","modified_gmt":"2026-01-28T09:45:05","slug":"batteriladdare-12-24v-10a","status":"publish","type":"product","link":"https:\/\/toolhouse.fi\/sv\/produkt\/batteriladdare-12-24v-10a\/","title":{"rendered":"Batteriladdare 12\/24V 10A"},"content":{"rendered":"","protected":false},"excerpt":{"rendered":"<p data-start=\"56\" data-end=\"347\">Gekos moderna, mikroprocessorstyrda batteriladdare \u00e4r en intelligent enhet utvecklad f\u00f6r att ladda och underh\u00e5lla 12V- och 24V-batterier. Tack vare sitt avancerade styrsystem och automatiska s\u00e4kerhetsfunktioner garanterar den snabb, effektiv och trygg laddning av alla typer av blybatterier (WET, MF, Ca\/Ca, GEL, AGM).<\/p>\n<p data-start=\"349\" data-end=\"626\">Laddaren har flera driftl\u00e4gen, automatisk temperaturjustering (vinter\/sommar) samt ett reparations- (regenererings-) l\u00e4ge som kan f\u00f6rl\u00e4nga livsl\u00e4ngden p\u00e5 \u00e4ldre batterier. Den \u00e4r ett utm\u00e4rkt val f\u00f6r personbilar, motorcyklar, lastbilar, lantbruksmaskiner och entreprenadmaskiner.<\/p>\n<hr data-start=\"628\" data-end=\"631\" \/>\n<h3 data-start=\"633\" data-end=\"652\"><strong data-start=\"637\" data-end=\"652\">Driftsl\u00e4gen<\/strong><\/h3>\n<p data-start=\"653\" data-end=\"790\">L\u00e4gen v\u00e4ljs manuellt med MODE-knappen (utom automatiskt vinter-\/sommarl\u00e4ge). Varje l\u00e4ge \u00e4r optimerat f\u00f6r en viss batterityp eller fordon.<\/p>\n<h4 data-start=\"792\" data-end=\"815\"><strong data-start=\"797\" data-end=\"815\">MOTORCYKELL\u00c4GE<\/strong><\/h4>\n<ul>\n<li data-start=\"816\" data-end=\"997\">F\u00f6r alla typer av motorcyklar och blybatterier.<\/li>\n<li data-start=\"816\" data-end=\"997\">Kapacitet: <strong data-start=\"877\" data-end=\"897\">12V\/24V, 2\u201315 Ah<\/strong><\/li>\n<li data-start=\"816\" data-end=\"997\">L\u00e5ngsam och skonsam laddning, idealisk f\u00f6r sm\u00e5 batterier i motorcyklar, fyrhjulingar och mopeder.<\/li>\n<\/ul>\n<h4 data-start=\"999\" data-end=\"1019\"><strong data-start=\"1004\" data-end=\"1019\">FORDONSL\u00c4GE<\/strong><\/h4>\n<ul>\n<li data-start=\"1020\" data-end=\"1221\">F\u00f6r personbilar, lantbruksmaskiner och lastbilar.<\/li>\n<li data-start=\"1020\" data-end=\"1221\">Kapacitet: <strong data-start=\"1083\" data-end=\"1105\">12V\/24V, 15\u2013150 Ah<\/strong><\/li>\n<li data-start=\"1020\" data-end=\"1221\">Ger snabb laddning med upp till <strong data-start=\"1140\" data-end=\"1153\">10A (12V)<\/strong> eller <strong data-start=\"1160\" data-end=\"1172\">5A (24V)<\/strong> och anpassar automatiskt laddsp\u00e4nning och str\u00f6m.<\/li>\n<\/ul>\n<h4 data-start=\"1223\" data-end=\"1244\"><strong data-start=\"1228\" data-end=\"1244\">AGM\/GEL-L\u00c4GE<\/strong><\/h4>\n<ul>\n<li data-start=\"1245\" data-end=\"1452\">F\u00f6r moderna bilbatterier med Start-Stop-system, AGM-, GEL- och Ca\/Ca-batterier.<\/li>\n<li data-start=\"1245\" data-end=\"1452\">Kapacitet: <strong data-start=\"1338\" data-end=\"1359\">12V\/24V, 2\u2013150 Ah<\/strong><\/li>\n<li data-start=\"1245\" data-end=\"1452\">Skyddar cellerna mot \u00f6verladdning och \u00f6verhettning och ger perfekt laddningskarakt\u00e4ristik.<\/li>\n<\/ul>\n<h4 data-start=\"1454\" data-end=\"1475\"><strong data-start=\"1459\" data-end=\"1475\">LASTBILSL\u00c4GE<\/strong><\/h4>\n<ul>\n<li data-start=\"1476\" data-end=\"1623\">F\u00f6r st\u00f6rre personbilar, transportbilar och lastbilar.<\/li>\n<li data-start=\"1476\" data-end=\"1623\">Kapacitet: <strong data-start=\"1543\" data-end=\"1565\">12V\/24V, 15\u2013150 Ah<\/strong><\/li>\n<li data-start=\"1476\" data-end=\"1623\">Ger h\u00f6g laddningseffektivitet med full batteris\u00e4kerhet.<\/li>\n<\/ul>\n<h4 data-start=\"1625\" data-end=\"1659\"><strong data-start=\"1630\" data-end=\"1659\">REPARATION \/ REGENERERING<\/strong><\/h4>\n<p data-start=\"1660\" data-end=\"1729\">Pulse Repair-l\u00e4get f\u00f6rs\u00f6ker \u00e5terst\u00e4lla och avsulfatera batterier som:<\/p>\n<ul>\n<li data-start=\"1733\" data-end=\"1755\">st\u00e5tt oanv\u00e4nda l\u00e4nge<\/li>\n<li data-start=\"1758\" data-end=\"1799\">\u00e4r d\u00e5ligt laddade eller djupt urladdade<\/li>\n<li data-start=\"1802\" data-end=\"1831\">visar tecken p\u00e5 sulfatering<\/li>\n<\/ul>\n<p data-start=\"1833\" data-end=\"1996\">Processen anv\u00e4nder pulserande sp\u00e4nning f\u00f6r att bryta ned blysulfatkristaller, vilket kan \u00e5terst\u00e4lla delar av den f\u00f6rlorade kapaciteten och f\u00f6rb\u00e4ttra startf\u00f6rm\u00e5gan.<\/p>\n<p data-start=\"1998\" data-end=\"2095\"><em data-start=\"1998\" data-end=\"2010\">Observera:<\/em> Funktionen kan inte alltid \u00e5terst\u00e4lla kraftigt skadade eller mycket gamla batterier.<\/p>\n<hr data-start=\"2097\" data-end=\"2100\" \/>\n<h3 data-start=\"2102\" data-end=\"2133\"><strong data-start=\"2106\" data-end=\"2133\">Vinter-\/sommarautomatik<\/strong><\/h3>\n<p data-start=\"2134\" data-end=\"2203\">Laddaren k\u00e4nner sj\u00e4lv av omgivningstemperaturen och v\u00e4ljer r\u00e4tt l\u00e4ge:<\/p>\n<ul>\n<li data-start=\"2207\" data-end=\"2301\"><strong data-start=\"2207\" data-end=\"2221\">Vinterl\u00e4ge<\/strong> aktiveras under \u221210\u00b0C med h\u00f6gre laddsp\u00e4nning f\u00f6r effektivare laddning i kyla.<\/li>\n<li data-start=\"2304\" data-end=\"2390\"><strong data-start=\"2304\" data-end=\"2318\">Sommarl\u00e4ge<\/strong> aktiveras \u00f6ver +28\u00b0C med l\u00e4gre sp\u00e4nning f\u00f6r att f\u00f6rhindra \u00f6verladdning.<\/li>\n<\/ul>\n<hr data-start=\"2392\" data-end=\"2395\" \/>\n<h3 data-start=\"2397\" data-end=\"2430\"><strong data-start=\"2401\" data-end=\"2430\">Smart teknik och s\u00e4kerhet<\/strong><\/h3>\n<ul>\n<li data-start=\"2433\" data-end=\"2490\">Automatisk identifiering av batterisp\u00e4nning (12V \/ 24V)<\/li>\n<li data-start=\"2493\" data-end=\"2533\">Underh\u00e5llsladdning efter full laddning<\/li>\n<li data-start=\"2536\" data-end=\"2564\">Skydd mot omv\u00e4nd polaritet<\/li>\n<li data-start=\"2567\" data-end=\"2624\">Kortslutnings-, \u00f6verhettnings- och \u00f6verbelastningsskydd<\/li>\n<li data-start=\"2627\" data-end=\"2663\">Automatisk vinter-\/sommarjustering<\/li>\n<li data-start=\"2666\" data-end=\"2745\">Bakgrundsbelyst LCD-display som visar sp\u00e4nning, str\u00f6m, temperatur och valt l\u00e4ge<\/li>\n<\/ul>\n<hr data-start=\"2747\" data-end=\"2750\" \/>\n<h3 data-start=\"2752\" data-end=\"2784\"><strong data-start=\"2756\" data-end=\"2784\">Tekniska specifikationer<\/strong><\/h3>\n<ul>\n<li data-start=\"2787\" data-end=\"2813\"><strong data-start=\"2787\" data-end=\"2803\">N\u00e4tsp\u00e4nning:<\/strong> 230V AC<\/li>\n<li data-start=\"2816\" data-end=\"2846\"><strong data-start=\"2816\" data-end=\"2831\">Utsp\u00e4nning:<\/strong> 12V \/ 24V DC<\/li>\n<li data-start=\"2849\" data-end=\"2890\"><strong data-start=\"2849\" data-end=\"2867\">Max laddstr\u00f6m:<\/strong> 10A (12V) \/ 5A (24V)<\/li>\n<li data-start=\"2893\" data-end=\"2929\"><strong data-start=\"2893\" data-end=\"2919\">Max effektf\u00f6rbrukning:<\/strong> 150W AC<\/li>\n<li data-start=\"2932\" data-end=\"2964\"><strong data-start=\"2932\" data-end=\"2953\">Batterikapacitet:<\/strong> 2\u2013150 Ah<\/li>\n<li data-start=\"2967\" data-end=\"3011\"><strong data-start=\"2967\" data-end=\"2984\">Batterityper:<\/strong> WET, MF, Ca\/Ca, GEL, AGM<\/li>\n<li data-start=\"3014\" data-end=\"3054\"><strong data-start=\"3014\" data-end=\"3035\">Arbetstemperatur:<\/strong> \u221220\u00b0C till +45\u00b0C<\/li>\n<li data-start=\"3057\" data-end=\"3079\"><strong data-start=\"3057\" data-end=\"3070\">N\u00e4tkabel:<\/strong> 150 cm<\/li>\n<li data-start=\"3082\" data-end=\"3105\"><strong data-start=\"3082\" data-end=\"3097\">Laddkablar:<\/strong> 64 cm<\/li>\n<li data-start=\"3108\" data-end=\"3175\"><strong data-start=\"3108\" data-end=\"3118\">Skydd:<\/strong> omv\u00e4nd polaritet, kortslutning, \u00f6verhettning, \u00f6verlast<\/li>\n<li data-start=\"3178\" data-end=\"3249\"><strong data-start=\"3178\" data-end=\"3200\">Specialfunktioner:<\/strong> automatisk vinter-\/sommarl\u00e4ge, regenereringsl\u00e4ge<\/li>\n<\/ul>\n","protected":false},"featured_media":30056,"template":"","meta":{"_acf_changed":false,"_seopress_robots_primary_cat":"none","_seopress_titles_title":"","_seopress_titles_desc":"","_seopress_robots_index":""},"product_cat":[342,21],"product_tag":[],"class_list":{"0":"post-30047","1":"product","2":"type-product","3":"status-publish","4":"has-post-thumbnail","6":"product_cat-batteriladdare","7":"product_cat-verkstadsutrustning","9":"first","10":"instock","11":"taxable","12":"shipping-taxable","13":"purchasable","14":"product-type-simple","swatches":"rey-swatches","show_selected":""},"acf":[],"_links":{"self":[{"href":"https:\/\/toolhouse.fi\/sv\/wp-json\/wp\/v2\/product\/30047","targetHints":{"allow":["GET"]}}],"collection":[{"href":"https:\/\/toolhouse.fi\/sv\/wp-json\/wp\/v2\/product"}],"about":[{"href":"https:\/\/toolhouse.fi\/sv\/wp-json\/wp\/v2\/types\/product"}],"version-history":[{"count":3,"href":"https:\/\/toolhouse.fi\/sv\/wp-json\/wp\/v2\/product\/30047\/revisions"}],"predecessor-version":[{"id":30070,"href":"https:\/\/toolhouse.fi\/sv\/wp-json\/wp\/v2\/product\/30047\/revisions\/30070"}],"wp:featuredmedia":[{"embeddable":true,"href":"https:\/\/toolhouse.fi\/sv\/wp-json\/wp\/v2\/media\/30056"}],"wp:attachment":[{"href":"https:\/\/toolhouse.fi\/sv\/wp-json\/wp\/v2\/media?parent=30047"}],"wp:term":[{"taxonomy":"product_cat","embeddable":true,"href":"https:\/\/toolhouse.fi\/sv\/wp-json\/wp\/v2\/product_cat?post=30047"},{"taxonomy":"product_tag","embeddable":true,"href":"https:\/\/toolhouse.fi\/sv\/wp-json\/wp\/v2\/product_tag?post=30047"}],"curies":[{"name":"wp","href":"https:\/\/api.w.org\/{rel}","templated":true}]}}