{"id":30092,"date":"2025-11-27T19:07:49","date_gmt":"2025-11-27T17:07:49","guid":{"rendered":"https:\/\/toolhouse.fi\/?post_type=product&#038;p=30092"},"modified":"2025-11-28T16:10:38","modified_gmt":"2025-11-28T14:10:38","slug":"tryckluftsfordelare-1-4-4-vags","status":"publish","type":"product","link":"https:\/\/toolhouse.fi\/sv\/produkt\/tryckluftsfordelare-1-4-4-vags\/","title":{"rendered":"Tryckluftsf\u00f6rdelare 1\/4&#8243; 4-v\u00e4gs"},"content":{"rendered":"","protected":false},"excerpt":{"rendered":"<p>Tvardy luftf\u00f6rdelare med 4 st uttag i m\u00e4ssing.<\/p>\n<ul>\n<li><span dir=\"auto\">Standardkopplingar: typ <\/span><span dir=\"auto\">26<\/span><\/li>\n<li><span dir=\"auto\">Uttag: <\/span><span dir=\"auto\">4<\/span><\/li>\n<li><span dir=\"auto\">Koppling: <\/span><span dir=\"auto\">1\/4&#8243;<\/span><\/li>\n<li><span dir=\"auto\">Tryck: <\/span><span dir=\"auto\">upp till 12 bar<\/span><\/li>\n<li><span dir=\"auto\">Material:\u00a0<\/span><span dir=\"auto\">M\u00e4ssing + aluminum<\/span><\/li>\n<\/ul>\n","protected":false},"featured_media":30095,"template":"","meta":{"_acf_changed":false,"_seopress_robots_primary_cat":"none","_seopress_titles_title":"","_seopress_titles_desc":"","_seopress_robots_index":""},"product_cat":[216,330],"product_tag":[],"class_list":{"0":"post-30092","1":"product","2":"type-product","3":"status-publish","4":"has-post-thumbnail","6":"product_cat-tryckluft-och-kompressor","7":"product_cat-tryckluft-ovrigt","9":"first","10":"instock","11":"taxable","12":"shipping-taxable","13":"purchasable","14":"product-type-simple","swatches":"rey-swatches","show_selected":""},"acf":[],"_links":{"self":[{"href":"https:\/\/toolhouse.fi\/sv\/wp-json\/wp\/v2\/product\/30092","targetHints":{"allow":["GET"]}}],"collection":[{"href":"https:\/\/toolhouse.fi\/sv\/wp-json\/wp\/v2\/product"}],"about":[{"href":"https:\/\/toolhouse.fi\/sv\/wp-json\/wp\/v2\/types\/product"}],"version-history":[{"count":1,"href":"https:\/\/toolhouse.fi\/sv\/wp-json\/wp\/v2\/product\/30092\/revisions"}],"predecessor-version":[{"id":30099,"href":"https:\/\/toolhouse.fi\/sv\/wp-json\/wp\/v2\/product\/30092\/revisions\/30099"}],"wp:featuredmedia":[{"embeddable":true,"href":"https:\/\/toolhouse.fi\/sv\/wp-json\/wp\/v2\/media\/30095"}],"wp:attachment":[{"href":"https:\/\/toolhouse.fi\/sv\/wp-json\/wp\/v2\/media?parent=30092"}],"wp:term":[{"taxonomy":"product_cat","embeddable":true,"href":"https:\/\/toolhouse.fi\/sv\/wp-json\/wp\/v2\/product_cat?post=30092"},{"taxonomy":"product_tag","embeddable":true,"href":"https:\/\/toolhouse.fi\/sv\/wp-json\/wp\/v2\/product_tag?post=30092"}],"curies":[{"name":"wp","href":"https:\/\/api.w.org\/{rel}","templated":true}]}}