{"id":30214,"date":"2025-12-11T18:16:58","date_gmt":"2025-12-11T16:16:58","guid":{"rendered":"https:\/\/toolhouse.fi\/?post_type=product&#038;p=30214"},"modified":"2026-01-06T22:06:43","modified_gmt":"2026-01-06T20:06:43","slug":"kona-till-falgar-med-stort-centrumhal-40mm","status":"publish","type":"product","link":"https:\/\/toolhouse.fi\/sv\/produkt\/kona-till-falgar-med-stort-centrumhal-40mm\/","title":{"rendered":"Kona till f\u00e4lgar med stort centrumh\u00e5l 40mm"},"content":{"rendered":"","protected":false},"excerpt":{"rendered":"<p><strong>Kona till balanseringsmaskin, f\u00f6r f\u00e4lgar med stort centrumh\u00e5l.<\/strong><\/p>\n<p>Anv\u00e4nds bland annat till paketbilsf\u00e4lgar och f\u00e4lgar till l\u00e4tta lastbilar.<\/p>\n<ul>\n<li>Passar till balanseringsmaskiner med 40mm axel och 188mm fl\u00e4ns.<\/li>\n<li>F\u00f6r f\u00e4lgar med centrumh\u00e5l 120 mm &#8211; 170 mm<\/li>\n<\/ul>\n<p>&nbsp;<\/p>\n<p>Passar till:<\/p>\n<ul>\n<li>WK-500 Laser<\/li>\n<\/ul>\n","protected":false},"featured_media":26013,"template":"","meta":{"_acf_changed":false,"_seopress_robots_primary_cat":"none","_seopress_titles_title":"","_seopress_titles_desc":"","_seopress_robots_index":""},"product_cat":[185,594],"product_tag":[],"class_list":{"0":"post-30214","1":"product","2":"type-product","3":"status-publish","4":"has-post-thumbnail","6":"product_cat-balanseringsmaskiner","7":"product_cat-tillbehor-och-reservdelar-sv","8":"product_shipping_class-tillbehor-790","10":"first","11":"outofstock","12":"taxable","13":"shipping-taxable","14":"purchasable","15":"product-type-simple","swatches":"rey-swatches","show_selected":""},"acf":[],"_links":{"self":[{"href":"https:\/\/toolhouse.fi\/sv\/wp-json\/wp\/v2\/product\/30214","targetHints":{"allow":["GET"]}}],"collection":[{"href":"https:\/\/toolhouse.fi\/sv\/wp-json\/wp\/v2\/product"}],"about":[{"href":"https:\/\/toolhouse.fi\/sv\/wp-json\/wp\/v2\/types\/product"}],"version-history":[{"count":1,"href":"https:\/\/toolhouse.fi\/sv\/wp-json\/wp\/v2\/product\/30214\/revisions"}],"predecessor-version":[{"id":30218,"href":"https:\/\/toolhouse.fi\/sv\/wp-json\/wp\/v2\/product\/30214\/revisions\/30218"}],"wp:featuredmedia":[{"embeddable":true,"href":"https:\/\/toolhouse.fi\/sv\/wp-json\/wp\/v2\/media\/26013"}],"wp:attachment":[{"href":"https:\/\/toolhouse.fi\/sv\/wp-json\/wp\/v2\/media?parent=30214"}],"wp:term":[{"taxonomy":"product_cat","embeddable":true,"href":"https:\/\/toolhouse.fi\/sv\/wp-json\/wp\/v2\/product_cat?post=30214"},{"taxonomy":"product_tag","embeddable":true,"href":"https:\/\/toolhouse.fi\/sv\/wp-json\/wp\/v2\/product_tag?post=30214"}],"curies":[{"name":"wp","href":"https:\/\/api.w.org\/{rel}","templated":true}]}}