{"id":30224,"date":"2025-12-12T10:10:06","date_gmt":"2025-12-12T08:10:06","guid":{"rendered":"https:\/\/toolhouse.fi\/?post_type=product&#038;p=30224"},"modified":"2025-12-16T15:47:09","modified_gmt":"2025-12-16T13:47:09","slug":"pxd-5500n","status":"publish","type":"product","link":"https:\/\/toolhouse.fi\/sv\/produkt\/pxd-5500n\/","title":{"rendered":"PXD-5500N"},"content":{"rendered":"<table width=\"667\">\n<tbody>\n<tr>\n<td width=\"346\">Modell<\/td>\n<td colspan=\"2\" width=\"321\">Pxd-5500n<\/td>\n<\/tr>\n<tr>\n<td width=\"346\">Lyftkapacitet<\/td>\n<td colspan=\"2\" width=\"321\">5500 kg<\/td>\n<\/tr>\n<tr>\n<td width=\"346\">Maximal\u00a0 lyfth\u00f6jd<\/td>\n<td colspan=\"2\" width=\"321\">2160 \/ 1850 mm + 450 mm<\/td>\n<\/tr>\n<tr>\n<td width=\"346\">L\u00e4gsta h\u00f6jd<\/td>\n<td colspan=\"2\" width=\"321\">350 mm<\/td>\n<\/tr>\n<tr>\n<td width=\"346\">Lyft \/ s\u00e4nktid<\/td>\n<td colspan=\"2\" width=\"321\">60 sek<\/td>\n<\/tr>\n<tr>\n<td width=\"346\">Bredd<\/td>\n<td colspan=\"2\" width=\"321\">2190 mm<\/td>\n<\/tr>\n<tr>\n<td width=\"346\">Plattformsl\u00e4ngd<\/p>\n<p>Avst\u00e5nd mellan plattformar<\/td>\n<td colspan=\"2\" width=\"321\">5000 mm<\/p>\n<p>900 mm<\/td>\n<\/tr>\n<tr>\n<td width=\"346\">Plattformsbredd<\/td>\n<td colspan=\"2\" width=\"321\">635 \/ 680 mm<\/td>\n<\/tr>\n<tr>\n<td width=\"346\">Str\u00f6mk\u00e4lla<\/p>\n<p>Man\u00f6versp\u00e4nning<\/td>\n<td colspan=\"2\" width=\"321\">400 V<\/p>\n<p>24 V<\/td>\n<\/tr>\n<tr>\n<td width=\"346\">Motoreffekt<\/td>\n<td colspan=\"2\" width=\"321\">2,2 kW<\/td>\n<\/tr>\n<tr>\n<td width=\"346\">CE m\u00e4rkt<\/p>\n<p>Garanti<\/td>\n<td colspan=\"2\" width=\"321\">Ja<\/p>\n<p>12 M\u00e5nader<\/td>\n<\/tr>\n<tr>\n<td width=\"346\">Bullerniv\u00e5<\/td>\n<td colspan=\"2\" width=\"321\">\u226470 dB(A)<\/td>\n<\/tr>\n<tr>\n<td width=\"346\">Vikt<\/td>\n<td colspan=\"2\" width=\"321\">2690 kg<\/td>\n<\/tr>\n<\/tbody>\n<\/table>\n<p>&nbsp;<\/p>\n<table style=\"height: 854px;\" width=\"667\">\n<tbody>\n<tr>\n<td width=\"346\"><strong>Inbyggd saxlyft<\/strong><\/td>\n<td colspan=\"2\" width=\"321\"><\/td>\n<\/tr>\n<tr>\n<td width=\"346\"><\/td>\n<td colspan=\"2\" width=\"321\"><\/td>\n<\/tr>\n<tr>\n<td width=\"346\">Maximal\u00a0 lyfth\u00f6jd<\/td>\n<td colspan=\"2\" width=\"321\">450 mm<\/td>\n<\/tr>\n<tr>\n<td width=\"346\"><\/td>\n<td colspan=\"2\" width=\"321\"><\/td>\n<\/tr>\n<tr>\n<td width=\"346\">Lyft \/ s\u00e4nktid<\/td>\n<td colspan=\"2\" width=\"321\">20 sek<\/td>\n<\/tr>\n<tr>\n<td width=\"346\">Bredd<\/td>\n<td colspan=\"2\" width=\"321\">635 mm<\/td>\n<\/tr>\n<tr>\n<td width=\"346\">Plattformsl\u00e4ngd<\/td>\n<td colspan=\"2\" width=\"321\">1450 mm \u2013 1800 mm<\/td>\n<\/tr>\n<tr>\n<td width=\"346\">Plattformsbredd<\/td>\n<td colspan=\"2\" width=\"321\">635 mm<\/td>\n<\/tr>\n<tr>\n<td width=\"346\"><\/td>\n<td colspan=\"2\" width=\"321\"><\/td>\n<\/tr>\n<tr>\n<td width=\"346\"><\/td>\n<td colspan=\"2\" width=\"321\"><\/td>\n<\/tr>\n<tr>\n<td width=\"346\"><\/td>\n<td colspan=\"2\" width=\"321\"><\/td>\n<\/tr>\n<tr>\n<td width=\"346\"><\/td>\n<td colspan=\"2\" width=\"321\"><\/td>\n<\/tr>\n<tr>\n<td width=\"346\"><\/td>\n<td colspan=\"2\" width=\"321\"><\/td>\n<\/tr>\n<\/tbody>\n<\/table>\n","protected":false},"excerpt":{"rendered":"<p>PXD-5500N k\u00f6rbanesaxlyft.<\/p>\n<p>&nbsp;<\/p>\n<ul class=\"mce-bullist\">\n<li>Lyftkapacitet 5500 kg<\/li>\n<li>K\u00f6rbanel\u00e4ngd 5000 mm<\/li>\n<li>Lyfth\u00f6jd vid montering p\u00e5 golv 350 &#8211; 2160 mm<\/li>\n<li>Lyfth\u00f6jd vid nedf\u00e4lld montering 0 &#8211; 1850 mm<\/li>\n<li>Lyfth\u00f6jd frihjulssaxlyft 450 mm<\/li>\n<li>L\u00e4ngd frihjulssaxlyft 1550 &#8211; 1800 mm<\/li>\n<li>Ljudsignal f\u00f6re slutlig neds\u00e4nkning<\/li>\n<\/ul>\n<ul>\n<li data-start=\"345\" data-end=\"397\">Tryckluftsdrivna automatiska s\u00e4kerhetsl\u00e5s<\/li>\n<li data-start=\"400\" data-end=\"441\">Avrullningsskydd<\/li>\n<li data-start=\"400\" data-end=\"441\">Anpassad f\u00f6r fyrhjulsinst\u00e4llning<\/li>\n<li data-start=\"444\" data-end=\"470\">Utrymmen f\u00f6r vridplattor till framhjulen<\/li>\n<li data-start=\"473\" data-end=\"500\">Glidplattor f\u00f6r bakhjulen<\/li>\n<\/ul>\n<article class=\"text-token-text-primary w-full focus:outline-none [--shadow-height:45px] has-data-writing-block:pointer-events-none has-data-writing-block:-mt-(--shadow-height) has-data-writing-block:pt-(--shadow-height) [&amp;:has([data-writing-block])&gt;*]:pointer-events-auto scroll-mt-[calc(var(--header-height)+min(200px,max(70px,20svh)))]\" dir=\"auto\" tabindex=\"-1\" data-turn-id=\"request-6935819b-5e6c-832d-a847-df3a62f9af5e-99\" data-testid=\"conversation-turn-268\" data-scroll-anchor=\"true\" data-turn=\"assistant\">\n<div class=\"text-base my-auto mx-auto pb-10 [--thread-content-margin:--spacing(4)] @w-sm\/main:[--thread-content-margin:--spacing(6)] @w-lg\/main:[--thread-content-margin:--spacing(16)] px-(--thread-content-margin)\">\n<div class=\"[--thread-content-max-width:40rem] @w-lg\/main:[--thread-content-max-width:48rem] mx-auto max-w-(--thread-content-max-width) flex-1 group\/turn-messages focus-visible:outline-hidden relative flex w-full min-w-0 flex-col agent-turn\" tabindex=\"-1\">\n<div class=\"flex max-w-full flex-col grow\">\n<div class=\"min-h-8 text-message relative flex w-full flex-col items-end gap-2 text-start break-words whitespace-normal [.text-message+&amp;]:mt-1\" dir=\"auto\" data-message-author-role=\"assistant\" data-message-id=\"5adc7d88-281b-4760-8c4c-589b4e75d504\" data-message-model-slug=\"gpt-5-1\">\n<div class=\"flex w-full flex-col gap-1 empty:hidden first:pt-[1px]\">\n<div class=\"markdown prose dark:prose-invert w-full break-words light markdown-new-styling\">\n<div class=\"flex flex-col text-sm @w-xl\/main:pt-header-height pb-25\">\n<article class=\"text-token-text-primary w-full focus:outline-none [--shadow-height:45px] has-data-writing-block:pointer-events-none has-data-writing-block:-mt-(--shadow-height) has-data-writing-block:pt-(--shadow-height) [&amp;:has([data-writing-block])&gt;*]:pointer-events-auto scroll-mt-[calc(var(--header-height)+min(200px,max(70px,20svh)))]\" dir=\"auto\" tabindex=\"-1\" data-turn-id=\"request-6935819b-5e6c-832d-a847-df3a62f9af5e-3\" data-testid=\"conversation-turn-272\" data-scroll-anchor=\"true\" data-turn=\"assistant\">\n<div class=\"text-base my-auto mx-auto pb-10 [--thread-content-margin:--spacing(4)] @w-sm\/main:[--thread-content-margin:--spacing(6)] @w-lg\/main:[--thread-content-margin:--spacing(16)] px-(--thread-content-margin)\">\n<div class=\"[--thread-content-max-width:40rem] @w-lg\/main:[--thread-content-max-width:48rem] mx-auto max-w-(--thread-content-max-width) flex-1 group\/turn-messages focus-visible:outline-hidden relative flex w-full min-w-0 flex-col agent-turn\" tabindex=\"-1\">\n<div class=\"flex max-w-full flex-col grow\">\n<div class=\"min-h-8 text-message relative flex w-full flex-col items-end gap-2 text-start break-words whitespace-normal [.text-message+&amp;]:mt-1\" dir=\"auto\" data-message-author-role=\"assistant\" data-message-id=\"4862e5f2-804d-424d-88c9-279d4249f55b\" data-message-model-slug=\"gpt-5-2\">\n<div class=\"flex w-full flex-col gap-1 empty:hidden first:pt-[1px]\">\n<div class=\"markdown prose dark:prose-invert w-full break-words light markdown-new-styling\">\n<p data-start=\"64\" data-end=\"138\" data-is-last-node=\"\" data-is-only-node=\"\">Ramper tillverkade av st\u00e5lpl\u00e5t f\u00f6r montering p\u00e5 golv ing\u00e5r, l\u00e4ngd 1900 mm.<\/p>\n<\/div>\n<\/div>\n<\/div>\n<\/div>\n<\/div>\n<\/div>\n<\/article>\n<\/div>\n<div class=\"pointer-events-none h-px w-px absolute bottom-0\" aria-hidden=\"true\" data-edge=\"true\"><\/div>\n<p data-start=\"590\" data-end=\"691\" data-is-last-node=\"\" data-is-only-node=\"\">Som extrautrustning finns <em><a href=\"https:\/\/toolhouse.fi\/sv\/produkt\/vridplattor-hjulinstallning\/\">vridplattor<\/a> <\/em>f\u00f6r hjulinst\u00e4llning.<\/p>\n<\/div>\n<\/div>\n<\/div>\n<\/div>\n<div class=\"z-0 flex min-h-[46px] justify-start\"><\/div>\n<div class=\"mt-3 w-full empty:hidden\">\n<div class=\"text-center\"><\/div>\n<\/div>\n<\/div>\n<\/div>\n<\/article>\n<div class=\"pointer-events-none h-px w-px\" aria-hidden=\"true\" data-edge=\"true\"><\/div>\n","protected":false},"featured_media":30245,"template":"","meta":{"_acf_changed":false,"_seopress_robots_primary_cat":"none","_seopress_titles_title":"","_seopress_titles_desc":"","_seopress_robots_index":""},"product_cat":[458,20,280],"product_tag":[],"class_list":{"0":"post-30224","1":"product","2":"type-product","3":"status-publish","4":"has-post-thumbnail","6":"product_cat-fordonslyftar","7":"product_cat-lyftteknik","8":"product_cat-saxlyft-laglyft","10":"first","11":"instock","12":"taxable","13":"shipping-taxable","14":"purchasable","15":"product-type-simple","swatches":"rey-swatches","show_selected":""},"acf":[],"_links":{"self":[{"href":"https:\/\/toolhouse.fi\/sv\/wp-json\/wp\/v2\/product\/30224","targetHints":{"allow":["GET"]}}],"collection":[{"href":"https:\/\/toolhouse.fi\/sv\/wp-json\/wp\/v2\/product"}],"about":[{"href":"https:\/\/toolhouse.fi\/sv\/wp-json\/wp\/v2\/types\/product"}],"version-history":[{"count":5,"href":"https:\/\/toolhouse.fi\/sv\/wp-json\/wp\/v2\/product\/30224\/revisions"}],"predecessor-version":[{"id":30272,"href":"https:\/\/toolhouse.fi\/sv\/wp-json\/wp\/v2\/product\/30224\/revisions\/30272"}],"wp:featuredmedia":[{"embeddable":true,"href":"https:\/\/toolhouse.fi\/sv\/wp-json\/wp\/v2\/media\/30245"}],"wp:attachment":[{"href":"https:\/\/toolhouse.fi\/sv\/wp-json\/wp\/v2\/media?parent=30224"}],"wp:term":[{"taxonomy":"product_cat","embeddable":true,"href":"https:\/\/toolhouse.fi\/sv\/wp-json\/wp\/v2\/product_cat?post=30224"},{"taxonomy":"product_tag","embeddable":true,"href":"https:\/\/toolhouse.fi\/sv\/wp-json\/wp\/v2\/product_tag?post=30224"}],"curies":[{"name":"wp","href":"https:\/\/api.w.org\/{rel}","templated":true}]}}