{"id":30289,"date":"2025-12-17T11:35:53","date_gmt":"2025-12-17T09:35:53","guid":{"rendered":"https:\/\/toolhouse.fi\/?post_type=product&#038;p=30289"},"modified":"2025-12-17T16:25:00","modified_gmt":"2025-12-17T14:25:00","slug":"tvardy-stegborrset-4-32-mm","status":"publish","type":"product","link":"https:\/\/toolhouse.fi\/sv\/produkt\/tvardy-stegborrset-4-32-mm\/","title":{"rendered":"Tvardy Stegborrset 4 &#8211; 32 mm"},"content":{"rendered":"","protected":false},"excerpt":{"rendered":"<p data-start=\"76\" data-end=\"114\"><strong data-start=\"76\" data-end=\"112\">Tvardy Stegborrset i HSS M2-st\u00e5l<\/strong><\/p>\n<p data-start=\"116\" data-end=\"332\">Professionellt steg-borrset tillverkat av h\u00f6gkvalitativt M2 snabbst\u00e5l. Perfekt f\u00f6r metall, tunnv\u00e4ggiga st\u00e5lpl\u00e5tar och plast. Borrarna har triangul\u00e4ra skaft, tydlig numrering och graderade steg f\u00f6r enkel anv\u00e4ndning.<\/p>\n<ul>\n<li data-start=\"336\" data-end=\"374\">St\u00e5l: HSS M2<\/li>\n<li data-start=\"377\" data-end=\"425\">Graderingar: 1 eller 2 mm beroende p\u00e5 borr<\/li>\n<li data-start=\"428\" data-end=\"477\">Borrdiametrar: 4\u201312 mm, 4\u201320 mm och 4\u201332 mm<\/li>\n<li data-start=\"428\" data-end=\"477\">L\u00e4ngder: 68 mm, 75 mm, 102 mm<\/li>\n<li data-start=\"480\" data-end=\"521\">F\u00f6rpackning: H\u00e5llbart aluminiumetui<\/li>\n<\/ul>\n<p data-start=\"523\" data-end=\"625\">\n","protected":false},"featured_media":30299,"template":"","meta":{"_acf_changed":false,"_seopress_robots_primary_cat":"none","_seopress_titles_title":"","_seopress_titles_desc":"","_seopress_robots_index":""},"product_cat":[598,55,599],"product_tag":[],"class_list":{"0":"post-30289","1":"product","2":"type-product","3":"status-publish","4":"has-post-thumbnail","6":"product_cat-metallbearbetning","7":"product_cat-svets-metallarbete","8":"product_cat-tillbehor-metallbearbetning","10":"first","11":"instock","12":"taxable","13":"shipping-taxable","14":"purchasable","15":"product-type-simple","swatches":"rey-swatches","show_selected":""},"acf":[],"_links":{"self":[{"href":"https:\/\/toolhouse.fi\/sv\/wp-json\/wp\/v2\/product\/30289","targetHints":{"allow":["GET"]}}],"collection":[{"href":"https:\/\/toolhouse.fi\/sv\/wp-json\/wp\/v2\/product"}],"about":[{"href":"https:\/\/toolhouse.fi\/sv\/wp-json\/wp\/v2\/types\/product"}],"version-history":[{"count":0,"href":"https:\/\/toolhouse.fi\/sv\/wp-json\/wp\/v2\/product\/30289\/revisions"}],"wp:featuredmedia":[{"embeddable":true,"href":"https:\/\/toolhouse.fi\/sv\/wp-json\/wp\/v2\/media\/30299"}],"wp:attachment":[{"href":"https:\/\/toolhouse.fi\/sv\/wp-json\/wp\/v2\/media?parent=30289"}],"wp:term":[{"taxonomy":"product_cat","embeddable":true,"href":"https:\/\/toolhouse.fi\/sv\/wp-json\/wp\/v2\/product_cat?post=30289"},{"taxonomy":"product_tag","embeddable":true,"href":"https:\/\/toolhouse.fi\/sv\/wp-json\/wp\/v2\/product_tag?post=30289"}],"curies":[{"name":"wp","href":"https:\/\/api.w.org\/{rel}","templated":true}]}}