{"id":30308,"date":"2025-12-17T12:03:19","date_gmt":"2025-12-17T10:03:19","guid":{"rendered":"https:\/\/toolhouse.fi\/?post_type=product&#038;p=30308"},"modified":"2025-12-17T16:18:38","modified_gmt":"2025-12-17T14:18:38","slug":"stegborrset-4-39-mm","status":"publish","type":"product","link":"https:\/\/toolhouse.fi\/sv\/produkt\/stegborrset-4-39-mm\/","title":{"rendered":"Stegborrset 4 &#8211; 39 mm"},"content":{"rendered":"","protected":false},"excerpt":{"rendered":"<p data-start=\"76\" data-end=\"114\"><strong data-start=\"76\" data-end=\"112\">Geko Stegborrset i HSS TIN-st\u00e5l<\/strong><\/p>\n<p data-start=\"116\" data-end=\"332\">Steg-borrset i 4 delar, tillverkat av h\u00f6gkvalitativt HSS-TIN st\u00e5l. Perfekt f\u00f6r metall, tunnv\u00e4ggiga st\u00e5lpl\u00e5tar och plast. Borrarna har triangul\u00e4ra skaft, tydlig numrering och graderade steg f\u00f6r enkel anv\u00e4ndning.<\/p>\n<ul>\n<li data-start=\"336\" data-end=\"374\">St\u00e5l: HSS TIN<\/li>\n<li data-start=\"377\" data-end=\"425\">Graderingar: 2 eller 3 mm beroende p\u00e5 borr<\/li>\n<li data-start=\"428\" data-end=\"477\">Borrdiametrar: 4\u201312 mm, 4\u201320 mm, 4\u201332 mm och 4-39 mm<\/li>\n<li data-start=\"428\" data-end=\"477\">L\u00e4ngder: 64 mm, 73 mm, 101 mm och 106 mm<\/li>\n<li data-start=\"480\" data-end=\"521\">F\u00f6rpackning: Tr\u00e4l\u00e5da<\/li>\n<\/ul>\n<p data-start=\"523\" data-end=\"625\">\n","protected":false},"featured_media":30312,"template":"","meta":{"_acf_changed":false,"_seopress_robots_primary_cat":"none","_seopress_titles_title":"","_seopress_titles_desc":"","_seopress_robots_index":""},"product_cat":[598,55,599],"product_tag":[],"class_list":{"0":"post-30308","1":"product","2":"type-product","3":"status-publish","4":"has-post-thumbnail","6":"product_cat-metallbearbetning","7":"product_cat-svets-metallarbete","8":"product_cat-tillbehor-metallbearbetning","10":"first","11":"instock","12":"taxable","13":"shipping-taxable","14":"purchasable","15":"product-type-simple","swatches":"rey-swatches","show_selected":""},"acf":[],"_links":{"self":[{"href":"https:\/\/toolhouse.fi\/sv\/wp-json\/wp\/v2\/product\/30308","targetHints":{"allow":["GET"]}}],"collection":[{"href":"https:\/\/toolhouse.fi\/sv\/wp-json\/wp\/v2\/product"}],"about":[{"href":"https:\/\/toolhouse.fi\/sv\/wp-json\/wp\/v2\/types\/product"}],"version-history":[{"count":0,"href":"https:\/\/toolhouse.fi\/sv\/wp-json\/wp\/v2\/product\/30308\/revisions"}],"wp:featuredmedia":[{"embeddable":true,"href":"https:\/\/toolhouse.fi\/sv\/wp-json\/wp\/v2\/media\/30312"}],"wp:attachment":[{"href":"https:\/\/toolhouse.fi\/sv\/wp-json\/wp\/v2\/media?parent=30308"}],"wp:term":[{"taxonomy":"product_cat","embeddable":true,"href":"https:\/\/toolhouse.fi\/sv\/wp-json\/wp\/v2\/product_cat?post=30308"},{"taxonomy":"product_tag","embeddable":true,"href":"https:\/\/toolhouse.fi\/sv\/wp-json\/wp\/v2\/product_tag?post=30308"}],"curies":[{"name":"wp","href":"https:\/\/api.w.org\/{rel}","templated":true}]}}