{"id":30347,"date":"2025-12-22T16:55:20","date_gmt":"2025-12-22T14:55:20","guid":{"rendered":"https:\/\/toolhouse.fi\/?post_type=product&#038;p=30347"},"modified":"2026-03-27T12:17:23","modified_gmt":"2026-03-27T10:17:23","slug":"karossericlips-655-delar","status":"publish","type":"product","link":"https:\/\/toolhouse.fi\/sv\/produkt\/karossericlips-655-delar\/","title":{"rendered":"Karossericlips 655 delar"},"content":{"rendered":"","protected":false},"excerpt":{"rendered":"<div class=\"relative basis-auto flex-col -mb-(--composer-overlap-px) [--composer-overlap-px:28px] grow flex\">\n<div class=\"flex flex-col text-sm pb-25\">\n<article class=\"text-token-text-primary w-full focus:outline-none [--shadow-height:45px] has-data-writing-block:pointer-events-none has-data-writing-block:-mt-(--shadow-height) has-data-writing-block:pt-(--shadow-height) [&amp;:has([data-writing-block])&gt;*]:pointer-events-auto scroll-mt-[calc(var(--header-height)+min(200px,max(70px,20svh)))]\" dir=\"auto\" tabindex=\"-1\" data-turn-id=\"request-69415b6a-0ba8-832e-a673-be9cdae9a7f9-53\" data-testid=\"conversation-turn-194\" data-scroll-anchor=\"true\" data-turn=\"assistant\">\n<div class=\"text-base my-auto mx-auto pb-10 [--thread-content-margin:--spacing(4)] @w-sm\/main:[--thread-content-margin:--spacing(6)] @w-lg\/main:[--thread-content-margin:--spacing(16)] px-(--thread-content-margin)\">\n<div class=\"[--thread-content-max-width:40rem] @w-lg\/main:[--thread-content-max-width:48rem] mx-auto max-w-(--thread-content-max-width) flex-1 group\/turn-messages focus-visible:outline-hidden relative flex w-full min-w-0 flex-col agent-turn\" tabindex=\"-1\">\n<div class=\"flex max-w-full flex-col grow\">\n<div class=\"min-h-8 text-message relative flex w-full flex-col items-end gap-2 text-start break-words whitespace-normal [.text-message+&amp;]:mt-1\" dir=\"auto\" data-message-author-role=\"assistant\" data-message-id=\"7b6b86e2-e010-40e0-a854-6b83d0841926\" data-message-model-slug=\"gpt-5-mini\">\n<div class=\"flex w-full flex-col gap-1 empty:hidden first:pt-[1px]\">\n<div class=\"markdown prose dark:prose-invert w-full break-words light markdown-new-styling\">\n<p data-start=\"34\" data-end=\"283\"><strong data-start=\"34\" data-end=\"63\">Geko 655-delars <\/strong>sats med clips \u00e4r designad f\u00f6r bilens inredning, d\u00f6rrpaneler och andra inv\u00e4ndiga samt utv\u00e4ndiga delar. Setet inneh\u00e5ller 16 olika typer av clips, vilket g\u00f6r att du s\u00e4kert hittar r\u00e4tt clip f\u00f6r dina behov.<\/p>\n<ul>\n<li data-start=\"772\" data-end=\"790\">Totalt 655 delar<\/li>\n<li data-start=\"793\" data-end=\"818\">16 olika typer av clips<\/li>\n<li data-start=\"821\" data-end=\"839\">4 demonteringsverktyg f\u00f6r paneler<\/li>\n<li data-start=\"842\" data-end=\"860\">1 clip-verktyg<\/li>\n<li data-start=\"863\" data-end=\"890\">10 buntband (2 storlekar)<\/li>\n<li data-start=\"893\" data-end=\"910\">20 mjuka mellanl\u00e4gg<\/li>\n<li data-start=\"913\" data-end=\"941\">Material: slitstarkt nylon<\/li>\n<li data-start=\"944\" data-end=\"987\">F\u00f6rvaringsl\u00e5dans m\u00e5tt: 180 x 180 x 180 mm<\/li>\n<\/ul>\n<\/div>\n<\/div>\n<\/div>\n<\/div>\n<\/div>\n<\/div>\n<\/article>\n<\/div>\n<\/div>\n","protected":false},"featured_media":30360,"template":"","meta":{"_acf_changed":false,"_seopress_robots_primary_cat":"none","_seopress_titles_title":"","_seopress_titles_desc":"","_seopress_robots_index":""},"product_cat":[338,583,349,21],"product_tag":[],"class_list":{"0":"post-30347","1":"product","2":"type-product","3":"status-publish","4":"has-post-thumbnail","6":"product_cat-fordonsverktyg","7":"product_cat-karosseriverktyg","8":"product_cat-ovrigt","9":"product_cat-verkstadsutrustning","11":"first","12":"outofstock","13":"taxable","14":"shipping-taxable","15":"purchasable","16":"product-type-simple","swatches":"rey-swatches","show_selected":""},"acf":[],"_links":{"self":[{"href":"https:\/\/toolhouse.fi\/sv\/wp-json\/wp\/v2\/product\/30347","targetHints":{"allow":["GET"]}}],"collection":[{"href":"https:\/\/toolhouse.fi\/sv\/wp-json\/wp\/v2\/product"}],"about":[{"href":"https:\/\/toolhouse.fi\/sv\/wp-json\/wp\/v2\/types\/product"}],"version-history":[{"count":0,"href":"https:\/\/toolhouse.fi\/sv\/wp-json\/wp\/v2\/product\/30347\/revisions"}],"wp:featuredmedia":[{"embeddable":true,"href":"https:\/\/toolhouse.fi\/sv\/wp-json\/wp\/v2\/media\/30360"}],"wp:attachment":[{"href":"https:\/\/toolhouse.fi\/sv\/wp-json\/wp\/v2\/media?parent=30347"}],"wp:term":[{"taxonomy":"product_cat","embeddable":true,"href":"https:\/\/toolhouse.fi\/sv\/wp-json\/wp\/v2\/product_cat?post=30347"},{"taxonomy":"product_tag","embeddable":true,"href":"https:\/\/toolhouse.fi\/sv\/wp-json\/wp\/v2\/product_tag?post=30347"}],"curies":[{"name":"wp","href":"https:\/\/api.w.org\/{rel}","templated":true}]}}