{"id":30394,"date":"2025-12-23T13:55:35","date_gmt":"2025-12-23T11:55:35","guid":{"rendered":"https:\/\/toolhouse.fi\/?post_type=product&#038;p=30394"},"modified":"2025-12-23T14:13:22","modified_gmt":"2025-12-23T12:13:22","slug":"skruvmejselsats-och-spanningstestare-vde","status":"publish","type":"product","link":"https:\/\/toolhouse.fi\/sv\/produkt\/skruvmejselsats-och-spanningstestare-vde\/","title":{"rendered":"Skruvmejselsats och sp\u00e4nningstestare VDE"},"content":{"rendered":"","protected":false},"excerpt":{"rendered":"<h3 data-start=\"36\" data-end=\"90\">Set med VDE 1000V isolerade skruvmejslar<\/h3>\n<p data-start=\"92\" data-end=\"113\"><strong data-start=\"92\" data-end=\"113\">Produktegenskaper<\/strong><\/p>\n<ul>\n<li data-start=\"144\" data-end=\"205\">Certifierade enligt VDE och GS<\/li>\n<li data-start=\"208\" data-end=\"282\">IEC 60900,\u00a01000V<\/li>\n<li data-start=\"285\" data-end=\"369\">Digital sp\u00e4nningsprovare med tv\u00e5 m\u00e4tl\u00e4gen: kontakt och ber\u00f6ringsfri (induktiv)<\/li>\n<\/ul>\n<p data-start=\"338\" data-end=\"358\"><strong data-start=\"338\" data-end=\"358\">Inneh\u00e5ll i setet<\/strong><\/p>\n<ul>\n<li data-start=\"361\" data-end=\"389\">Kryssp\u00e5rmejsel PH0 \u00d7 75 mm<\/li>\n<li data-start=\"392\" data-end=\"420\">Kryssp\u00e5rmejsel PH1 \u00d7 80 mm<\/li>\n<li data-start=\"423\" data-end=\"452\">Kryssp\u00e5rmejsel PH2 \u00d7 100 mm<\/li>\n<li data-start=\"455\" data-end=\"485\">Sp\u00e5rmejsel 0,5 \u00d7 3,0 \u00d7 75 mm<\/li>\n<li data-start=\"488\" data-end=\"519\">Sp\u00e5rmejsel 0,8 \u00d7 4,0 \u00d7 100 mm<\/li>\n<li data-start=\"522\" data-end=\"553\">Sp\u00e5rmejsel 1,0 \u00d7 5,5 \u00d7 125 mm<\/li>\n<li data-start=\"556\" data-end=\"595\">Digital sp\u00e4nningsprovare 12V-250V AC \/ DC<\/li>\n<\/ul>\n","protected":false},"featured_media":30402,"template":"","meta":{"_acf_changed":false,"_seopress_robots_primary_cat":"none","_seopress_titles_title":"","_seopress_titles_desc":"","_seopress_robots_index":""},"product_cat":[578,336,21],"product_tag":[],"class_list":{"0":"post-30394","1":"product","2":"type-product","3":"status-publish","4":"has-post-thumbnail","6":"product_cat-handverktyg","7":"product_cat-verktyg","8":"product_cat-verkstadsutrustning","10":"first","11":"instock","12":"taxable","13":"shipping-taxable","14":"purchasable","15":"product-type-simple","swatches":"rey-swatches","show_selected":""},"acf":[],"_links":{"self":[{"href":"https:\/\/toolhouse.fi\/sv\/wp-json\/wp\/v2\/product\/30394","targetHints":{"allow":["GET"]}}],"collection":[{"href":"https:\/\/toolhouse.fi\/sv\/wp-json\/wp\/v2\/product"}],"about":[{"href":"https:\/\/toolhouse.fi\/sv\/wp-json\/wp\/v2\/types\/product"}],"version-history":[{"count":0,"href":"https:\/\/toolhouse.fi\/sv\/wp-json\/wp\/v2\/product\/30394\/revisions"}],"wp:featuredmedia":[{"embeddable":true,"href":"https:\/\/toolhouse.fi\/sv\/wp-json\/wp\/v2\/media\/30402"}],"wp:attachment":[{"href":"https:\/\/toolhouse.fi\/sv\/wp-json\/wp\/v2\/media?parent=30394"}],"wp:term":[{"taxonomy":"product_cat","embeddable":true,"href":"https:\/\/toolhouse.fi\/sv\/wp-json\/wp\/v2\/product_cat?post=30394"},{"taxonomy":"product_tag","embeddable":true,"href":"https:\/\/toolhouse.fi\/sv\/wp-json\/wp\/v2\/product_tag?post=30394"}],"curies":[{"name":"wp","href":"https:\/\/api.w.org\/{rel}","templated":true}]}}