{"id":30496,"date":"2026-01-02T16:33:33","date_gmt":"2026-01-02T14:33:33","guid":{"rendered":"https:\/\/toolhouse.fi\/?post_type=product&#038;p=30496"},"modified":"2026-01-07T16:53:54","modified_gmt":"2026-01-07T14:53:54","slug":"svetstang-tvardy-250mm-rak","status":"publish","type":"product","link":"https:\/\/toolhouse.fi\/sv\/produkt\/svetstang-tvardy-250mm-rak\/","title":{"rendered":"Svetst\u00e5ng Tvardy 250mm rak"},"content":{"rendered":"","protected":false},"excerpt":{"rendered":"<p data-start=\"60\" data-end=\"97\"><strong data-start=\"60\" data-end=\"97\">Tvardy svetst\u00e5ng 250mm med raka k\u00e4ftar<\/strong><\/p>\n<p data-start=\"99\" data-end=\"306\">Tvardys universella l\u00e5st\u00e5ng p\u00e5 250 mm \u00e4r ett h\u00e5llbart och m\u00e5ngsidigt verktyg f\u00f6r kr\u00e4vande anv\u00e4ndning . De raka slipade k\u00e4ftarna med ett greppomr\u00e5de p\u00e5 0\u201350 mm ger ett s\u00e4kert grepp och exakt fastsp\u00e4nning vid en m\u00e4ngd olika arbetsmoment.<\/p>\n<p data-start=\"308\" data-end=\"328\"><strong data-start=\"308\" data-end=\"328\">Specifikationer:<\/strong><\/p>\n<ul>\n<li data-start=\"331\" data-end=\"352\">Tillverkare: Tvardy<\/li>\n<li data-start=\"355\" data-end=\"389\">Material: Krom-vanadinst\u00e5l (CrV)<\/li>\n<li data-start=\"392\" data-end=\"414\">Greppomr\u00e5de: 0\u201350 mm<\/li>\n<li data-start=\"392\" data-end=\"414\">L\u00e4ngd: 250mm \/ 10&#8243;<\/li>\n<li data-start=\"392\" data-end=\"414\">Vikt: 0,55 kg<\/li>\n<li data-start=\"417\" data-end=\"476\">Slipade k\u00e4ftar f\u00f6r b\u00e4ttre grepp och stabilitet<\/li>\n<li data-start=\"417\" data-end=\"476\">Stabil och s\u00e4ker l\u00e5smekanism<\/li>\n<li data-start=\"479\" data-end=\"545\">Mycket slitstark k\u00e4ft- och huvudkonstruktion<\/li>\n<\/ul>\n","protected":false},"featured_media":30500,"template":"","meta":{"_acf_changed":false,"_seopress_robots_primary_cat":"none","_seopress_titles_title":"","_seopress_titles_desc":"","_seopress_robots_index":""},"product_cat":[578,55,615],"product_tag":[],"class_list":{"0":"post-30496","1":"product","2":"type-product","3":"status-publish","4":"has-post-thumbnail","6":"product_cat-handverktyg","7":"product_cat-svets-metallarbete","8":"product_cat-svetstillbehor","10":"first","11":"instock","12":"taxable","13":"shipping-taxable","14":"purchasable","15":"product-type-simple","swatches":"rey-swatches","show_selected":""},"acf":[],"_links":{"self":[{"href":"https:\/\/toolhouse.fi\/sv\/wp-json\/wp\/v2\/product\/30496","targetHints":{"allow":["GET"]}}],"collection":[{"href":"https:\/\/toolhouse.fi\/sv\/wp-json\/wp\/v2\/product"}],"about":[{"href":"https:\/\/toolhouse.fi\/sv\/wp-json\/wp\/v2\/types\/product"}],"version-history":[{"count":1,"href":"https:\/\/toolhouse.fi\/sv\/wp-json\/wp\/v2\/product\/30496\/revisions"}],"predecessor-version":[{"id":30498,"href":"https:\/\/toolhouse.fi\/sv\/wp-json\/wp\/v2\/product\/30496\/revisions\/30498"}],"wp:featuredmedia":[{"embeddable":true,"href":"https:\/\/toolhouse.fi\/sv\/wp-json\/wp\/v2\/media\/30500"}],"wp:attachment":[{"href":"https:\/\/toolhouse.fi\/sv\/wp-json\/wp\/v2\/media?parent=30496"}],"wp:term":[{"taxonomy":"product_cat","embeddable":true,"href":"https:\/\/toolhouse.fi\/sv\/wp-json\/wp\/v2\/product_cat?post=30496"},{"taxonomy":"product_tag","embeddable":true,"href":"https:\/\/toolhouse.fi\/sv\/wp-json\/wp\/v2\/product_tag?post=30496"}],"curies":[{"name":"wp","href":"https:\/\/api.w.org\/{rel}","templated":true}]}}