{"id":30526,"date":"2026-01-02T17:52:42","date_gmt":"2026-01-02T15:52:42","guid":{"rendered":"https:\/\/toolhouse.fi\/?post_type=product&#038;p=30526"},"modified":"2026-01-02T17:59:57","modified_gmt":"2026-01-02T15:59:57","slug":"krympslang-196-delar-2-12-mm","status":"publish","type":"product","link":"https:\/\/toolhouse.fi\/sv\/produkt\/krympslang-196-delar-2-12-mm\/","title":{"rendered":"Krympslang, 196 delar, 2\u201312 mm"},"content":{"rendered":"","protected":false},"excerpt":{"rendered":"<p data-start=\"0\" data-end=\"37\"><strong>Krympslang, 196 delar, 2\u201312 mm<\/strong><\/p>\n<p data-start=\"160\" data-end=\"273\"><strong data-start=\"160\" data-end=\"173\">Inneh\u00e5ll:<\/strong> 196 delar med krympf\u00f6rh\u00e5llande 2:1 i f\u00f6ljande storlekar (l\u00e4ngd x diameter f\u00f6re x diameter efter):<\/p>\n<ul>\n<li data-start=\"276\" data-end=\"309\">Vit 56 st \u2013 10 cm \u2013 2 mm \/ 1 mm<\/li>\n<li data-start=\"312\" data-end=\"346\">Gr\u00f6n 28 st \u2013 10 cm \u2013 4 mm \/ 2 mm<\/li>\n<li data-start=\"349\" data-end=\"384\">Svart 14 st \u2013 10 cm \u2013 6 mm \/ 3 mm<\/li>\n<li data-start=\"387\" data-end=\"420\">R\u00f6d 35 st \u2013 10 cm \u2013 8 mm \/ 4 mm<\/li>\n<li data-start=\"423\" data-end=\"457\">Gul 35 st \u2013 10 cm \u2013 10 mm \/ 5 mm<\/li>\n<li data-start=\"460\" data-end=\"494\">Bl\u00e5 28 st \u2013 10 cm \u2013 12 mm \/ 6 mm<\/li>\n<\/ul>\n<p data-start=\"496\" data-end=\"514\"><strong data-start=\"496\" data-end=\"512\">Produktinfo:<\/strong><\/p>\n<ul>\n<li data-start=\"517\" data-end=\"530\">M\u00e4rke: Geko<\/li>\n<li data-start=\"533\" data-end=\"553\">Storlekar: 2\u201312 mm<\/li>\n<li data-start=\"556\" data-end=\"574\">Antal: 196 delar<\/li>\n<li data-start=\"577\" data-end=\"625\">F\u00f6rvaringsl\u00e5da med fack f\u00f6r enkel organisering<\/li>\n<li data-start=\"628\" data-end=\"654\">UV-best\u00e4ndig<\/li>\n<\/ul>\n","protected":false},"featured_media":30529,"template":"","meta":{"_acf_changed":false,"_seopress_robots_primary_cat":"none","_seopress_titles_title":"","_seopress_titles_desc":"","_seopress_robots_index":""},"product_cat":[349,21],"product_tag":[],"class_list":{"0":"post-30526","1":"product","2":"type-product","3":"status-publish","4":"has-post-thumbnail","6":"product_cat-ovrigt","7":"product_cat-verkstadsutrustning","9":"first","10":"instock","11":"taxable","12":"shipping-taxable","13":"purchasable","14":"product-type-simple","swatches":"rey-swatches","show_selected":""},"acf":[],"_links":{"self":[{"href":"https:\/\/toolhouse.fi\/sv\/wp-json\/wp\/v2\/product\/30526","targetHints":{"allow":["GET"]}}],"collection":[{"href":"https:\/\/toolhouse.fi\/sv\/wp-json\/wp\/v2\/product"}],"about":[{"href":"https:\/\/toolhouse.fi\/sv\/wp-json\/wp\/v2\/types\/product"}],"version-history":[{"count":3,"href":"https:\/\/toolhouse.fi\/sv\/wp-json\/wp\/v2\/product\/30526\/revisions"}],"predecessor-version":[{"id":30537,"href":"https:\/\/toolhouse.fi\/sv\/wp-json\/wp\/v2\/product\/30526\/revisions\/30537"}],"wp:featuredmedia":[{"embeddable":true,"href":"https:\/\/toolhouse.fi\/sv\/wp-json\/wp\/v2\/media\/30529"}],"wp:attachment":[{"href":"https:\/\/toolhouse.fi\/sv\/wp-json\/wp\/v2\/media?parent=30526"}],"wp:term":[{"taxonomy":"product_cat","embeddable":true,"href":"https:\/\/toolhouse.fi\/sv\/wp-json\/wp\/v2\/product_cat?post=30526"},{"taxonomy":"product_tag","embeddable":true,"href":"https:\/\/toolhouse.fi\/sv\/wp-json\/wp\/v2\/product_tag?post=30526"}],"curies":[{"name":"wp","href":"https:\/\/api.w.org\/{rel}","templated":true}]}}