{"id":30585,"date":"2026-01-07T15:32:23","date_gmt":"2026-01-07T13:32:23","guid":{"rendered":"https:\/\/toolhouse.fi\/?post_type=product&#038;p=30585"},"modified":"2026-01-07T17:06:01","modified_gmt":"2026-01-07T15:06:01","slug":"vattenavskiljare-1-4","status":"publish","type":"product","link":"https:\/\/toolhouse.fi\/sv\/produkt\/vattenavskiljare-1-4\/","title":{"rendered":"Vattenavskiljare, 1\/4&#8243;"},"content":{"rendered":"","protected":false},"excerpt":{"rendered":"<p class=\"productitem__title--large\"><strong>Vattenavskiljare, 1\/4&#8243; med filter och snabbkopplingar<\/strong><\/p>\n<p>&nbsp;<\/p>\n<p>Vattenavskiljaren avl\u00e4gsnar effektivt vatten, fukt och f\u00f6roreningar ur tryckluften, vilket f\u00f6rl\u00e4nger livsl\u00e4ngden p\u00e5 pneumatiska verktyg och s\u00e4kerst\u00e4ller problemfri drift.<\/p>\n<p>&nbsp;<\/p>\n<p data-start=\"1027\" data-end=\"1047\"><strong>Inneh\u00e5ll<\/strong><\/p>\n<ul>\n<li data-start=\"1050\" data-end=\"1088\">1\/4&#8243; luftfilter med vattenavskiljare<\/li>\n<li data-start=\"1091\" data-end=\"1128\">Set med pneumatiska snabbkopplingar<\/li>\n<li data-start=\"1131\" data-end=\"1155\">Teflontejp f\u00f6r t\u00e4tning<\/li>\n<\/ul>\n<p><strong>Produktegenskaper<\/strong><\/p>\n<ul>\n<li>Max tryck: 12 bar<\/li>\n<li>Luftfl\u00f6de: 500 l\/min<\/li>\n<li>Filter: 40 \u00b5m (0,04 mm)<\/li>\n<li>Anslutning: 1\/4&#8243;<\/li>\n<li>M\u00e5tt: H\u00f6jd 102 mm, bredd 40 mm<\/li>\n<li>Uppsamlingskopp<strong data-start=\"574\" data-end=\"615\">:<\/strong> 15 ml, med avtappningsventil<\/li>\n<li>Material: Aluminium, plast<\/li>\n<\/ul>\n<p data-start=\"1157\" data-end=\"1179\"><strong>Anv\u00e4ndningsomr\u00e5den<\/strong><\/p>\n<ul>\n<li data-start=\"1182\" data-end=\"1234\">Pneumatiska installationer<\/li>\n<li data-start=\"1237\" data-end=\"1276\">Kompressorer och tryckluftsutrustning<\/li>\n<li data-start=\"1279\" data-end=\"1368\">Verktyg som kr\u00e4ver ren och torr luft, t.ex. mutterdragare, f\u00e4rgsprutor och spikpistoler<\/li>\n<\/ul>\n<p>Tillverkare: Geko<\/p>\n","protected":false},"featured_media":30593,"template":"","meta":{"_acf_changed":false,"_seopress_robots_primary_cat":"none","_seopress_titles_title":"","_seopress_titles_desc":"","_seopress_robots_index":""},"product_cat":[216,330],"product_tag":[],"class_list":{"0":"post-30585","1":"product","2":"type-product","3":"status-publish","4":"has-post-thumbnail","6":"product_cat-tryckluft-och-kompressor","7":"product_cat-tryckluft-ovrigt","9":"first","10":"instock","11":"taxable","12":"shipping-taxable","13":"purchasable","14":"product-type-simple","swatches":"rey-swatches","show_selected":""},"acf":[],"_links":{"self":[{"href":"https:\/\/toolhouse.fi\/sv\/wp-json\/wp\/v2\/product\/30585","targetHints":{"allow":["GET"]}}],"collection":[{"href":"https:\/\/toolhouse.fi\/sv\/wp-json\/wp\/v2\/product"}],"about":[{"href":"https:\/\/toolhouse.fi\/sv\/wp-json\/wp\/v2\/types\/product"}],"version-history":[{"count":1,"href":"https:\/\/toolhouse.fi\/sv\/wp-json\/wp\/v2\/product\/30585\/revisions"}],"predecessor-version":[{"id":30588,"href":"https:\/\/toolhouse.fi\/sv\/wp-json\/wp\/v2\/product\/30585\/revisions\/30588"}],"wp:featuredmedia":[{"embeddable":true,"href":"https:\/\/toolhouse.fi\/sv\/wp-json\/wp\/v2\/media\/30593"}],"wp:attachment":[{"href":"https:\/\/toolhouse.fi\/sv\/wp-json\/wp\/v2\/media?parent=30585"}],"wp:term":[{"taxonomy":"product_cat","embeddable":true,"href":"https:\/\/toolhouse.fi\/sv\/wp-json\/wp\/v2\/product_cat?post=30585"},{"taxonomy":"product_tag","embeddable":true,"href":"https:\/\/toolhouse.fi\/sv\/wp-json\/wp\/v2\/product_tag?post=30585"}],"curies":[{"name":"wp","href":"https:\/\/api.w.org\/{rel}","templated":true}]}}