{"id":30603,"date":"2026-01-07T16:29:41","date_gmt":"2026-01-07T14:29:41","guid":{"rendered":"https:\/\/toolhouse.fi\/?post_type=product&#038;p=30603"},"modified":"2026-02-07T22:03:29","modified_gmt":"2026-02-07T20:03:29","slug":"magnethallare-for-mutterdragare-och-hylsor","status":"publish","type":"product","link":"https:\/\/toolhouse.fi\/sv\/produkt\/magnethallare-for-mutterdragare-och-hylsor\/","title":{"rendered":"Magneth\u00e5llare f\u00f6r mutterdragare och hylsor"},"content":{"rendered":"<p>Praktisk magnetisk h\u00e5llare f\u00f6r mutterdragare och hylsor. Ger s\u00e4ker f\u00f6rvaring och snabb \u00e5tkomst till verktyg och tillbeh\u00f6r under arbetet. Perfekt f\u00f6r verkstad, garage och billyft.<\/p>\n<p>&nbsp;<\/p>\n<ul>\n<li>M\u00e5tt: 400 \u00d7 135 \u00d7 115 mm<\/li>\n<li>H\u00e5ldiameter f\u00f6r mutterdragare: 75 mm<\/li>\n<li>Magnetdiameter: 85 mm<\/li>\n<li>Max belastning: upp till 15 kg<\/li>\n<\/ul>\n","protected":false},"excerpt":{"rendered":"<p>Praktisk magnetisk h\u00e5llare f\u00f6r mutterdragare och hylsor. Ger s\u00e4ker f\u00f6rvaring och snabb \u00e5tkomst till verktyg och tillbeh\u00f6r under arbetet. Perfekt f\u00f6r verkstad, garage och billyft. &nbsp; M\u00e5tt: 400 \u00d7 135 \u00d7 115 mm H\u00e5ldiameter f\u00f6r mutterdragare: 75 mm Magnetdiameter: 85 mm Max belastning: upp till 15 kg<\/p>\n","protected":false},"featured_media":30613,"template":"","meta":{"_acf_changed":false,"_seopress_robots_primary_cat":"none","_seopress_titles_title":"","_seopress_titles_desc":"","_seopress_robots_index":""},"product_cat":[318,216,330],"product_tag":[],"class_list":{"0":"post-30603","1":"product","2":"type-product","3":"status-publish","4":"has-post-thumbnail","6":"product_cat-mutterdragare","7":"product_cat-tryckluft-och-kompressor","8":"product_cat-tryckluft-ovrigt","10":"first","11":"instock","12":"taxable","13":"shipping-taxable","14":"purchasable","15":"product-type-simple","swatches":"rey-swatches","show_selected":""},"acf":[],"_links":{"self":[{"href":"https:\/\/toolhouse.fi\/sv\/wp-json\/wp\/v2\/product\/30603","targetHints":{"allow":["GET"]}}],"collection":[{"href":"https:\/\/toolhouse.fi\/sv\/wp-json\/wp\/v2\/product"}],"about":[{"href":"https:\/\/toolhouse.fi\/sv\/wp-json\/wp\/v2\/types\/product"}],"version-history":[{"count":3,"href":"https:\/\/toolhouse.fi\/sv\/wp-json\/wp\/v2\/product\/30603\/revisions"}],"predecessor-version":[{"id":30612,"href":"https:\/\/toolhouse.fi\/sv\/wp-json\/wp\/v2\/product\/30603\/revisions\/30612"}],"wp:featuredmedia":[{"embeddable":true,"href":"https:\/\/toolhouse.fi\/sv\/wp-json\/wp\/v2\/media\/30613"}],"wp:attachment":[{"href":"https:\/\/toolhouse.fi\/sv\/wp-json\/wp\/v2\/media?parent=30603"}],"wp:term":[{"taxonomy":"product_cat","embeddable":true,"href":"https:\/\/toolhouse.fi\/sv\/wp-json\/wp\/v2\/product_cat?post=30603"},{"taxonomy":"product_tag","embeddable":true,"href":"https:\/\/toolhouse.fi\/sv\/wp-json\/wp\/v2\/product_tag?post=30603"}],"curies":[{"name":"wp","href":"https:\/\/api.w.org\/{rel}","templated":true}]}}