{"id":30619,"date":"2026-01-07T17:03:18","date_gmt":"2026-01-07T15:03:18","guid":{"rendered":"https:\/\/toolhouse.fi\/?post_type=product&#038;p=30619"},"modified":"2026-02-06T12:19:05","modified_gmt":"2026-02-06T10:19:05","slug":"stamjarnssats-tvardy","status":"publish","type":"product","link":"https:\/\/toolhouse.fi\/sv\/produkt\/stamjarnssats-tvardy\/","title":{"rendered":"St\u00e4mj\u00e4rnssats Tvardy"},"content":{"rendered":"","protected":false},"excerpt":{"rendered":"<p data-start=\"158\" data-end=\"295\"><strong>Tvardy st\u00e4mj\u00e4rn med h\u00f6g\u00a0 precision och slitstyrka samt halkfria handtag f\u00f6r bra grepp<\/strong><\/p>\n<p data-start=\"297\" data-end=\"314\"><strong data-start=\"297\" data-end=\"312\">Egenskaper:<\/strong><\/p>\n<ul>\n<li data-start=\"317\" data-end=\"398\">H\u00f6gkvalitativt CrV-st\u00e5l: Mycket slitstarkt blad, perfekt \u00e4ven f\u00f6r h\u00e5rda tr\u00e4slag.<\/li>\n<li data-start=\"401\" data-end=\"477\">Ergonomiskt handtag: Halkskyddad tv\u00e5komponentsdesign f\u00f6r s\u00e4kert grepp.<\/li>\n<li data-start=\"480\" data-end=\"576\">St\u00e5lkappa i handtaget: G\u00f6r att hammare eller klubba kan anv\u00e4ndas utan skador p\u00e5 handtaget.<\/li>\n<\/ul>\n<p data-start=\"578\" data-end=\"600\"><strong data-start=\"578\" data-end=\"598\">Specifikationer:<\/strong><\/p>\n<ul>\n<li data-start=\"603\" data-end=\"621\">Bladbredd: 10, 16, 20, 25\u00a0 mm<\/li>\n<li data-start=\"647\" data-end=\"685\">Handtag: Tv\u00e5komponents med halkskydd<\/li>\n<li data-start=\"688\" data-end=\"724\">Material: CrV-st\u00e5l (krom-vanadium)<\/li>\n<li data-start=\"688\" data-end=\"724\">Vikt: 0,95 kg<\/li>\n<\/ul>\n","protected":false},"featured_media":30628,"template":"","meta":{"_acf_changed":false,"_seopress_robots_primary_cat":"none","_seopress_titles_title":"","_seopress_titles_desc":"","_seopress_robots_index":""},"product_cat":[578,349,336,21],"product_tag":[],"class_list":{"0":"post-30619","1":"product","2":"type-product","3":"status-publish","4":"has-post-thumbnail","6":"product_cat-handverktyg","7":"product_cat-ovrigt","8":"product_cat-verktyg","9":"product_cat-verkstadsutrustning","11":"first","12":"instock","13":"taxable","14":"shipping-taxable","15":"purchasable","16":"product-type-simple","swatches":"rey-swatches","show_selected":""},"acf":[],"_links":{"self":[{"href":"https:\/\/toolhouse.fi\/sv\/wp-json\/wp\/v2\/product\/30619","targetHints":{"allow":["GET"]}}],"collection":[{"href":"https:\/\/toolhouse.fi\/sv\/wp-json\/wp\/v2\/product"}],"about":[{"href":"https:\/\/toolhouse.fi\/sv\/wp-json\/wp\/v2\/types\/product"}],"version-history":[{"count":0,"href":"https:\/\/toolhouse.fi\/sv\/wp-json\/wp\/v2\/product\/30619\/revisions"}],"wp:featuredmedia":[{"embeddable":true,"href":"https:\/\/toolhouse.fi\/sv\/wp-json\/wp\/v2\/media\/30628"}],"wp:attachment":[{"href":"https:\/\/toolhouse.fi\/sv\/wp-json\/wp\/v2\/media?parent=30619"}],"wp:term":[{"taxonomy":"product_cat","embeddable":true,"href":"https:\/\/toolhouse.fi\/sv\/wp-json\/wp\/v2\/product_cat?post=30619"},{"taxonomy":"product_tag","embeddable":true,"href":"https:\/\/toolhouse.fi\/sv\/wp-json\/wp\/v2\/product_tag?post=30619"}],"curies":[{"name":"wp","href":"https:\/\/api.w.org\/{rel}","templated":true}]}}