{"id":30643,"date":"2026-01-08T14:33:36","date_gmt":"2026-01-08T12:33:36","guid":{"rendered":"https:\/\/toolhouse.fi\/?post_type=product&#038;p=30643"},"modified":"2026-01-08T15:40:38","modified_gmt":"2026-01-08T13:40:38","slug":"laddtryckstestare-3-bar","status":"publish","type":"product","link":"https:\/\/toolhouse.fi\/sv\/produkt\/laddtryckstestare-3-bar\/","title":{"rendered":"Laddtryckstestare 3 bar"},"content":{"rendered":"","protected":false},"excerpt":{"rendered":"<p data-start=\"39\" data-end=\"207\">Geko laddtrycks testare m\u00e4ter snabbt och exakt turbotrycket. Perfekt f\u00f6r fels\u00f6kning av turbotryck.<\/p>\n<ul>\n<li data-start=\"211\" data-end=\"234\">Tillverkare: Geko<\/li>\n<li data-start=\"237\" data-end=\"261\">M\u00e4tomr\u00e5de: -1\u20133 bar<\/li>\n<\/ul>\n<p data-start=\"429\" data-end=\"446\"><strong data-start=\"429\" data-end=\"444\">Inneh\u00e5ller:<\/strong><\/p>\n<ul>\n<li data-start=\"449\" data-end=\"460\">Manometer \u00d868 mm, med snabbkoppling<\/li>\n<li data-start=\"463\" data-end=\"479\">Flexibel slang \u00d84 mm<\/li>\n<li data-start=\"482\" data-end=\"497\">2 n\u00e5lkopplingar<\/li>\n<\/ul>\n","protected":false},"featured_media":30651,"template":"","meta":{"_acf_changed":false,"_seopress_robots_primary_cat":"none","_seopress_titles_title":"","_seopress_titles_desc":"","_seopress_robots_index":""},"product_cat":[338,582,21],"product_tag":[],"class_list":{"0":"post-30643","1":"product","2":"type-product","3":"status-publish","4":"has-post-thumbnail","6":"product_cat-fordonsverktyg","7":"product_cat-motorverktyg","8":"product_cat-verkstadsutrustning","10":"first","11":"instock","12":"taxable","13":"shipping-taxable","14":"purchasable","15":"product-type-simple","swatches":"rey-swatches","show_selected":""},"acf":[],"_links":{"self":[{"href":"https:\/\/toolhouse.fi\/sv\/wp-json\/wp\/v2\/product\/30643","targetHints":{"allow":["GET"]}}],"collection":[{"href":"https:\/\/toolhouse.fi\/sv\/wp-json\/wp\/v2\/product"}],"about":[{"href":"https:\/\/toolhouse.fi\/sv\/wp-json\/wp\/v2\/types\/product"}],"version-history":[{"count":1,"href":"https:\/\/toolhouse.fi\/sv\/wp-json\/wp\/v2\/product\/30643\/revisions"}],"predecessor-version":[{"id":30646,"href":"https:\/\/toolhouse.fi\/sv\/wp-json\/wp\/v2\/product\/30643\/revisions\/30646"}],"wp:featuredmedia":[{"embeddable":true,"href":"https:\/\/toolhouse.fi\/sv\/wp-json\/wp\/v2\/media\/30651"}],"wp:attachment":[{"href":"https:\/\/toolhouse.fi\/sv\/wp-json\/wp\/v2\/media?parent=30643"}],"wp:term":[{"taxonomy":"product_cat","embeddable":true,"href":"https:\/\/toolhouse.fi\/sv\/wp-json\/wp\/v2\/product_cat?post=30643"},{"taxonomy":"product_tag","embeddable":true,"href":"https:\/\/toolhouse.fi\/sv\/wp-json\/wp\/v2\/product_tag?post=30643"}],"curies":[{"name":"wp","href":"https:\/\/api.w.org\/{rel}","templated":true}]}}