{"id":30661,"date":"2026-01-08T15:46:24","date_gmt":"2026-01-08T13:46:24","guid":{"rendered":"https:\/\/toolhouse.fi\/?post_type=product&#038;p=30661"},"modified":"2026-01-08T16:00:32","modified_gmt":"2026-01-08T14:00:32","slug":"punktblaster-2kg-blastermedel","status":"publish","type":"product","link":"https:\/\/toolhouse.fi\/sv\/produkt\/punktblaster-2kg-blastermedel\/","title":{"rendered":"Punktbl\u00e4ster + 2kg bl\u00e4stermedel"},"content":{"rendered":"","protected":false},"excerpt":{"rendered":"<article class=\"text-token-text-primary w-full focus:outline-none [--shadow-height:45px] has-data-writing-block:pointer-events-none has-data-writing-block:-mt-(--shadow-height) has-data-writing-block:pt-(--shadow-height) [&amp;:has([data-writing-block])&gt;*]:pointer-events-auto scroll-mt-[calc(var(--header-height)+min(200px,max(70px,20svh)))]\" dir=\"auto\" tabindex=\"-1\" data-turn-id=\"request-69415b6a-0ba8-832e-a673-be9cdae9a7f9-166\" data-testid=\"conversation-turn-392\" data-scroll-anchor=\"false\" data-turn=\"assistant\">\n<div class=\"text-base my-auto mx-auto [--thread-content-margin:--spacing(4)] @w-sm\/main:[--thread-content-margin:--spacing(6)] @w-lg\/main:[--thread-content-margin:--spacing(16)] px-(--thread-content-margin)\">\n<div class=\"[--thread-content-max-width:40rem] @w-lg\/main:[--thread-content-max-width:48rem] mx-auto max-w-(--thread-content-max-width) flex-1 group\/turn-messages focus-visible:outline-hidden relative flex w-full min-w-0 flex-col agent-turn\" tabindex=\"-1\">\n<div class=\"flex max-w-full flex-col grow\">\n<div class=\"min-h-8 text-message relative flex w-full flex-col items-end gap-2 text-start break-words whitespace-normal [.text-message+&amp;]:mt-1\" dir=\"auto\" data-message-author-role=\"assistant\" data-message-id=\"c6f4d092-8b07-466a-8f50-5a7ceff85f7d\" data-message-model-slug=\"gpt-5-mini\">\n<div class=\"flex w-full flex-col gap-1 empty:hidden first:pt-[1px]\">\n<div class=\"markdown prose dark:prose-invert w-full break-words light markdown-new-styling\">\n<p data-start=\"0\" data-end=\"42\">Sandbl\u00e4sterpistol med \u00e5tervinning som fungerar med sand, glas och korund upp till 1,4 mm i diameter. Fyra olika munstycken samt 2kg bl\u00e4stermedel(korund) medf\u00f6ljer.<\/p>\n<p data-start=\"383\" data-end=\"407\"><strong data-start=\"383\" data-end=\"405\">Produktegenskaper:<\/strong><\/p>\n<ul>\n<li data-start=\"410\" data-end=\"436\">Arbetstryck: 3,5\u20135,0 bar<\/li>\n<li>Uppsamlingsp\u00e5se f\u00f6r bl\u00e4stermedel<\/li>\n<li data-start=\"471\" data-end=\"499\">Luftf\u00f6rbrukning: 200 L\/min<\/li>\n<li data-start=\"502\" data-end=\"526\">Aluminiumtank: 1000 ml<\/li>\n<li data-start=\"529\" data-end=\"569\">L\u00e4tt, precis och praktisk konstruktion<\/li>\n<li data-start=\"572\" data-end=\"602\">Inkluderar bl\u00e4stermedel<\/li>\n<li data-start=\"605\" data-end=\"627\">Luftanslutning: 1\/4&#8243;<\/li>\n<li data-start=\"605\" data-end=\"627\">Tillverkare: Geko<\/li>\n<\/ul>\n<p data-start=\"629\" data-end=\"651\"><strong data-start=\"629\" data-end=\"649\">Setets inneh\u00e5ll:<\/strong><\/p>\n<ul>\n<li data-start=\"654\" data-end=\"686\">Sandbl\u00e4sterpistol med 1 L beh\u00e5llare<\/li>\n<li data-start=\"689\" data-end=\"729\">Uppsamlingsp\u00e5se f\u00f6r bl\u00e4stermedel<\/li>\n<li data-start=\"732\" data-end=\"771\">4 utbytbara munstycken i olika former<\/li>\n<li data-start=\"774\" data-end=\"783\">2 kg bl\u00e4stermedel(korund)<\/li>\n<\/ul>\n<\/div>\n<\/div>\n<\/div>\n<\/div>\n<div class=\"z-0 flex min-h-[46px] justify-start\"><\/div>\n<\/div>\n<\/div>\n<\/article>\n","protected":false},"featured_media":30665,"template":"","meta":{"_acf_changed":false,"_seopress_robots_primary_cat":"none","_seopress_titles_title":"","_seopress_titles_desc":"","_seopress_robots_index":""},"product_cat":[770,216],"product_tag":[],"class_list":{"0":"post-30661","1":"product","2":"type-product","3":"status-publish","4":"has-post-thumbnail","6":"product_cat-blastring","7":"product_cat-tryckluft-och-kompressor","9":"first","10":"instock","11":"taxable","12":"shipping-taxable","13":"purchasable","14":"product-type-simple","swatches":"rey-swatches","show_selected":""},"acf":[],"_links":{"self":[{"href":"https:\/\/toolhouse.fi\/sv\/wp-json\/wp\/v2\/product\/30661","targetHints":{"allow":["GET"]}}],"collection":[{"href":"https:\/\/toolhouse.fi\/sv\/wp-json\/wp\/v2\/product"}],"about":[{"href":"https:\/\/toolhouse.fi\/sv\/wp-json\/wp\/v2\/types\/product"}],"version-history":[{"count":2,"href":"https:\/\/toolhouse.fi\/sv\/wp-json\/wp\/v2\/product\/30661\/revisions"}],"predecessor-version":[{"id":30677,"href":"https:\/\/toolhouse.fi\/sv\/wp-json\/wp\/v2\/product\/30661\/revisions\/30677"}],"wp:featuredmedia":[{"embeddable":true,"href":"https:\/\/toolhouse.fi\/sv\/wp-json\/wp\/v2\/media\/30665"}],"wp:attachment":[{"href":"https:\/\/toolhouse.fi\/sv\/wp-json\/wp\/v2\/media?parent=30661"}],"wp:term":[{"taxonomy":"product_cat","embeddable":true,"href":"https:\/\/toolhouse.fi\/sv\/wp-json\/wp\/v2\/product_cat?post=30661"},{"taxonomy":"product_tag","embeddable":true,"href":"https:\/\/toolhouse.fi\/sv\/wp-json\/wp\/v2\/product_tag?post=30661"}],"curies":[{"name":"wp","href":"https:\/\/api.w.org\/{rel}","templated":true}]}}