{"id":30678,"date":"2026-01-08T18:20:09","date_gmt":"2026-01-08T16:20:09","guid":{"rendered":"https:\/\/toolhouse.fi\/?post_type=product&#038;p=30678"},"modified":"2026-02-16T15:40:05","modified_gmt":"2026-02-16T13:40:05","slug":"bockningsverktyg-for-bromsror","status":"publish","type":"product","link":"https:\/\/toolhouse.fi\/sv\/produkt\/bockningsverktyg-for-bromsror\/","title":{"rendered":"Bockningsverktyg f\u00f6r bromsr\u00f6r"},"content":{"rendered":"<p>R\u00f6rbockare f\u00f6r koppar-, m\u00e4ssings- aluminiumr\u00f6r samt tunnv\u00e4ggiga st\u00e5lr\u00f6r.<\/p>\n<p>&nbsp;<\/p>\n<p>F\u00f6r r\u00f6rdiametrar:<\/p>\n<ul>\n<li>6,3 mm ( 1\/4&#8243;)<\/li>\n<li>8 mm (5\/16&#8243;)<\/li>\n<li>10 mm (3\/8&#8243;)<\/li>\n<\/ul>\n<p>&nbsp;<\/p>\n","protected":false},"excerpt":{"rendered":"<p>R\u00f6rbockare f\u00f6r koppar-, m\u00e4ssings- aluminiumr\u00f6r samt tunnv\u00e4ggiga st\u00e5lr\u00f6r. &nbsp; F\u00f6r r\u00f6rdiametrar: 6,3 mm ( 1\/4&#8243;) 8 mm (5\/16&#8243;) 10 mm (3\/8&#8243;) &nbsp;<\/p>\n","protected":false},"featured_media":30681,"template":"","meta":{"_acf_changed":false,"_seopress_robots_primary_cat":"none","_seopress_titles_title":"","_seopress_titles_desc":"","_seopress_robots_index":""},"product_cat":[584,338,21],"product_tag":[],"class_list":{"0":"post-30678","1":"product","2":"type-product","3":"status-publish","4":"has-post-thumbnail","6":"product_cat-bromsverktyg","7":"product_cat-fordonsverktyg","8":"product_cat-verkstadsutrustning","10":"first","11":"outofstock","12":"taxable","13":"shipping-taxable","14":"purchasable","15":"product-type-simple","swatches":"rey-swatches","show_selected":""},"acf":[],"_links":{"self":[{"href":"https:\/\/toolhouse.fi\/sv\/wp-json\/wp\/v2\/product\/30678","targetHints":{"allow":["GET"]}}],"collection":[{"href":"https:\/\/toolhouse.fi\/sv\/wp-json\/wp\/v2\/product"}],"about":[{"href":"https:\/\/toolhouse.fi\/sv\/wp-json\/wp\/v2\/types\/product"}],"version-history":[{"count":1,"href":"https:\/\/toolhouse.fi\/sv\/wp-json\/wp\/v2\/product\/30678\/revisions"}],"predecessor-version":[{"id":30687,"href":"https:\/\/toolhouse.fi\/sv\/wp-json\/wp\/v2\/product\/30678\/revisions\/30687"}],"wp:featuredmedia":[{"embeddable":true,"href":"https:\/\/toolhouse.fi\/sv\/wp-json\/wp\/v2\/media\/30681"}],"wp:attachment":[{"href":"https:\/\/toolhouse.fi\/sv\/wp-json\/wp\/v2\/media?parent=30678"}],"wp:term":[{"taxonomy":"product_cat","embeddable":true,"href":"https:\/\/toolhouse.fi\/sv\/wp-json\/wp\/v2\/product_cat?post=30678"},{"taxonomy":"product_tag","embeddable":true,"href":"https:\/\/toolhouse.fi\/sv\/wp-json\/wp\/v2\/product_tag?post=30678"}],"curies":[{"name":"wp","href":"https:\/\/api.w.org\/{rel}","templated":true}]}}