{"id":30812,"date":"2026-01-26T16:03:17","date_gmt":"2026-01-26T14:03:17","guid":{"rendered":"https:\/\/toolhouse.fi\/?post_type=product&#038;p=30812"},"modified":"2026-02-25T15:56:40","modified_gmt":"2026-02-25T13:56:40","slug":"cormak-bs712sw","status":"publish","type":"product","link":"https:\/\/toolhouse.fi\/sv\/produkt\/cormak-bs712sw\/","title":{"rendered":"CORMAK BS712SW"},"content":{"rendered":"<div class=\"product-description\">\n<table width=\"488\">\n<tbody>\n<tr>\n<td>Effekt<\/td>\n<td><strong>1.1kW<\/strong><\/td>\n<\/tr>\n<tr>\n<td>Bandhastighet<\/td>\n<td><strong>22 \/ 33 \/ 45 \/ 65 m\/min<\/strong><\/td>\n<\/tr>\n<tr>\n<td>Sp\u00e4nning<\/td>\n<td><strong>400V<\/strong><\/td>\n<\/tr>\n<tr>\n<td>S\u00e5gblad<\/td>\n<td><strong>2360 \u00d7 20 \u00d7 0.9mm<\/strong><\/td>\n<\/tr>\n<tr>\n<td>S\u00e4gomr\u00e5de<\/td>\n<td><strong>45\u00b0L \u2013 45\u00b0R<\/strong><\/td>\n<\/tr>\n<tr>\n<td>Vikt<\/td>\n<td><strong>145kg<\/strong><\/td>\n<\/tr>\n<tr>\n<td>M\u00e5tt<\/td>\n<td><strong>1280 \u00d7 575 \u00d7 1140mm<\/strong><\/td>\n<\/tr>\n<\/tbody>\n<\/table>\n<\/div>\n<p>&nbsp;<\/p>\n<h3>\u00a0Maximal s\u00e5gkapacitet [mm]<\/h3>\n<div class=\"product-description\">\n<table border=\"&quot;1&quot;\" cellspacing=\"&quot;1&quot;\" cellpadding=\"&quot;4&quot;\">\n<tbody>\n<tr>\n<td>Vinkel<\/td>\n<td><img decoding=\"async\" src=\"https:\/\/www.cormak.pl\/img\/img_kor\/koloooo_big.jpg\" alt=\"Metal Bandsaw CORMAK BS712SW 400V\" width=\"16\" height=\"16\" name=\"&quot;grafika1&quot;\" align=\"&quot;bottom&quot;\" border=\"&quot;0&quot;\" \/><\/td>\n<td><img decoding=\"async\" src=\"https:\/\/www.cormak.pl\/img\/img_kor\/a2fff_big.jpg\" alt=\"Metal Bandsaw CORMAK BS712SW 400V\" width=\"16\" height=\"16\" name=\"&quot;grafika2&quot;\" align=\"&quot;bottom&quot;\" border=\"&quot;0&quot;\" \/><\/td>\n<td><img decoding=\"async\" src=\"https:\/\/www.cormak.pl\/img\/img_kor\/a4ffff_big.jpg\" alt=\"Metal Bandsaw CORMAK BS712SW 400V\" width=\"16\" height=\"16\" name=\"&quot;grafika4&quot;\" align=\"&quot;bottom&quot;\" border=\"&quot;0&quot;\" \/><\/td>\n<\/tr>\n<tr>\n<td>0\u00b0<\/td>\n<td>\u00d8205<\/td>\n<td>215 \u00d7 205<\/td>\n<td>205 \u00d7 205<\/td>\n<\/tr>\n<tr>\n<td>45\u00b0 L<\/td>\n<td>\u00d8150<\/td>\n<td>200 \u00d7 100<\/td>\n<td>130 \u00d7 130<\/td>\n<\/tr>\n<tr>\n<td>45\u00b0 R<\/td>\n<td>\u00d8140<\/td>\n<td>140 \u00d7 90<\/td>\n<td>90 \u00d7 90<\/td>\n<\/tr>\n<\/tbody>\n<\/table>\n<\/div>\n<p>&nbsp;<\/p>\n<p>&nbsp;<\/p>\n","protected":false},"excerpt":{"rendered":"<p data-start=\"78\" data-end=\"155\"><strong data-start=\"78\" data-end=\"109\">CORMAK BS712SW <\/strong>professionell metallbands\u00e5g med h\u00f6g precision och maximal drifts\u00e4kerhet.<\/p>\n<p data-start=\"309\" data-end=\"346\"><strong data-start=\"309\" data-end=\"329\">Sv\u00e4ngbar s\u00e5garm:<\/strong> \u221245\u00b0 till +45\u00b0<\/p>\n<ul>\n<li data-start=\"351\" data-end=\"376\">Idealisk f\u00f6r gerkapning<\/li>\n<li data-start=\"351\" data-end=\"376\">Effektiv f\u00f6r b\u00e5de profiler och massivt material.<\/li>\n<\/ul>\n<p data-start=\"379\" data-end=\"427\"><strong data-start=\"379\" data-end=\"425\">Massiv konstruktion i gjutj\u00e4rn<\/strong><\/p>\n<ul>\n<li data-start=\"432\" data-end=\"455\">Mycket h\u00f6g stabilitet<\/li>\n<li data-start=\"460\" data-end=\"479\">Minimal vibration<\/li>\n<li data-start=\"484\" data-end=\"507\">Exakta och rena snitt<\/li>\n<\/ul>\n<p><strong>Kylv\u00e4tskesystem som standard<\/strong><\/p>\n<ul>\n<li data-start=\"1061\" data-end=\"1102\">F\u00f6rl\u00e4nger s\u00e5gbladets livsl\u00e4ngd avsev\u00e4rt<\/li>\n<li data-start=\"1105\" data-end=\"1155\">Reglerbart fl\u00f6de och \u00e5tervinning<\/li>\n<\/ul>\n<p data-start=\"510\" data-end=\"546\"><strong data-start=\"510\" data-end=\"544\">Hydraulisk gravitationsmatning<\/strong><\/p>\n<ul>\n<li data-start=\"551\" data-end=\"579\">L\u00e4ttjusterad med reglerventil<\/li>\n<li data-start=\"551\" data-end=\"579\">J\u00e4mn, kontrollerad s\u00e5gning<\/li>\n<li data-start=\"584\" data-end=\"608\">Optimal bladbelastning<\/li>\n<li data-start=\"584\" data-end=\"608\">Manuell lyftning av s\u00e5garmen<\/li>\n<\/ul>\n<p data-start=\"611\" data-end=\"640\"><strong data-start=\"611\" data-end=\"638\">20 mm brett bands\u00e5gblad<\/strong><\/p>\n<ul>\n<li data-start=\"645\" data-end=\"701\">Effektiv kapning av b\u00e5de profiler och massivt material<\/li>\n<li data-start=\"894\" data-end=\"946\">Stabil och justerbar bladstyrning med kullager<\/li>\n<li data-start=\"988\" data-end=\"1019\">St\u00e5lborstar f\u00f6r s\u00e5gbladet<\/li>\n<\/ul>\n<p data-start=\"735\" data-end=\"761\"><strong data-start=\"735\" data-end=\"759\">Fyra s\u00e5ghastigheter:<\/strong><\/p>\n<ul>\n<li data-start=\"766\" data-end=\"791\">22 \/ 33 \/ 45 \/ 65 m\/min<\/li>\n<\/ul>\n<p>&nbsp;<\/p>\n<h3>Standardutustning<\/h3>\n<ul>\n<li>1x S\u00e5gblad Koronet Ultracut M42 Bimetal<\/li>\n<li>3:e generationens hydraulcylinder<\/li>\n<li>Bord f\u00f6r vertikals\u00e5gning<\/li>\n<li>Robust skruvstycke med snabbsp\u00e4nning<\/li>\n<li>Kylsystem<\/li>\n<li>Stoppare f\u00f6r arbetsstycke<\/li>\n<li>Automatisk gr\u00e4nsbrytare som stannar s\u00e5gbladet<\/li>\n<li>Hjulserie<\/li>\n<li data-start=\"1764\" data-end=\"1825\">3-fas st\u00f6psel och elkabel<\/li>\n<li>Justerbara st\u00f6dben i gjutj\u00e4rn<\/li>\n<\/ul>\n<p data-start=\"794\" data-end=\"846\"><strong data-start=\"735\" data-end=\"759\">\u00d6vriga funktioner:<\/strong><\/p>\n<ul>\n<li data-start=\"794\" data-end=\"846\">Automatisk motorstopp n\u00e4r arbetscykeln \u00e4r klar<\/li>\n<li data-start=\"849\" data-end=\"891\">Kan anv\u00e4ndas med st\u00e5ende s\u00e5garm och bord, bordet medf\u00f6ljer<\/li>\n<li>Motorskydd<\/li>\n<li>Ce-m\u00e4rkt<\/li>\n<li>Garanti 12 m\u00e5nader<\/li>\n<li>Tillverkare: Cormak<\/li>\n<\/ul>\n<p>&nbsp;<\/p>\n<p>&nbsp;<\/p>\n<p>&nbsp;<\/p>\n<p>&nbsp;<\/p>\n<p data-start=\"1179\" data-end=\"1586\">\n","protected":false},"featured_media":30836,"template":"","meta":{"_acf_changed":false,"_seopress_robots_primary_cat":"none","_seopress_titles_title":"","_seopress_titles_desc":"","_seopress_robots_index":""},"product_cat":[598,310,55],"product_tag":[],"class_list":{"0":"post-30812","1":"product","2":"type-product","3":"status-publish","4":"has-post-thumbnail","6":"product_cat-metallbearbetning","7":"product_cat-metallsagar","8":"product_cat-svets-metallarbete","10":"first","11":"instock","12":"sale","13":"taxable","14":"shipping-taxable","15":"purchasable","16":"product-type-simple","swatches":"rey-swatches","show_selected":""},"acf":[],"_links":{"self":[{"href":"https:\/\/toolhouse.fi\/sv\/wp-json\/wp\/v2\/product\/30812","targetHints":{"allow":["GET"]}}],"collection":[{"href":"https:\/\/toolhouse.fi\/sv\/wp-json\/wp\/v2\/product"}],"about":[{"href":"https:\/\/toolhouse.fi\/sv\/wp-json\/wp\/v2\/types\/product"}],"version-history":[{"count":0,"href":"https:\/\/toolhouse.fi\/sv\/wp-json\/wp\/v2\/product\/30812\/revisions"}],"wp:featuredmedia":[{"embeddable":true,"href":"https:\/\/toolhouse.fi\/sv\/wp-json\/wp\/v2\/media\/30836"}],"wp:attachment":[{"href":"https:\/\/toolhouse.fi\/sv\/wp-json\/wp\/v2\/media?parent=30812"}],"wp:term":[{"taxonomy":"product_cat","embeddable":true,"href":"https:\/\/toolhouse.fi\/sv\/wp-json\/wp\/v2\/product_cat?post=30812"},{"taxonomy":"product_tag","embeddable":true,"href":"https:\/\/toolhouse.fi\/sv\/wp-json\/wp\/v2\/product_tag?post=30812"}],"curies":[{"name":"wp","href":"https:\/\/api.w.org\/{rel}","templated":true}]}}