{"id":30853,"date":"2026-01-28T11:16:59","date_gmt":"2026-01-28T09:16:59","guid":{"rendered":"https:\/\/toolhouse.fi\/?post_type=product&#038;p=30853"},"modified":"2026-02-05T15:16:19","modified_gmt":"2026-02-05T13:16:19","slug":"cormak-msm250-med-stativ","status":"publish","type":"product","link":"https:\/\/toolhouse.fi\/sv\/produkt\/cormak-msm250-med-stativ\/","title":{"rendered":"CORMAK MSM250 med stativ"},"content":{"rendered":"<table border=\"1\">\n<tbody>\n<tr>\n<td><strong>Slipsten<\/strong><\/td>\n<td>250 \u00d7 32 mm<\/td>\n<\/tr>\n<tr>\n<td><strong>Slipsten centrumh\u00e5l<\/strong><\/td>\n<td>32 mm<\/td>\n<\/tr>\n<tr>\n<td><strong>Kornstorlek<\/strong><\/td>\n<td>K 40<\/td>\n<\/tr>\n<tr>\n<td><strong>Slipband<\/strong><\/td>\n<td>1020 \u00d7 75 mm<\/td>\n<\/tr>\n<tr>\n<td><strong>Kornstorlek<\/strong><\/td>\n<td>P 80<\/td>\n<\/tr>\n<tr>\n<td><strong>Varvtal<\/strong><\/td>\n<td>2,960 rpm<\/td>\n<\/tr>\n<tr>\n<td><strong>Motoreffekt S1<\/strong><\/td>\n<td>0.9 kW<\/td>\n<\/tr>\n<tr>\n<td><strong>Motoreffekt S6<\/strong><\/td>\n<td>1.5 kW<\/td>\n<\/tr>\n<tr>\n<td><strong>Sp\u00e4nning<\/strong><\/p>\n<p><strong>M\u00e5tt<\/strong>(LxBxH)<\/p>\n<p><strong>H\u00f6jd till spindel<\/strong><\/td>\n<td>400 V<\/p>\n<p>310 \u00d7 570 \u00d7 1,410 mm<\/p>\n<p>1150 mm<\/td>\n<\/tr>\n<tr>\n<td><strong>Vikt<\/strong><\/td>\n<td>50.5 kg<\/td>\n<\/tr>\n<tr>\n<td><strong>N\u00f6dstopp<\/strong><\/p>\n<p><strong>Ce-m\u00e4rkt<\/strong><\/td>\n<td>Ja<\/p>\n<p>Ja<\/td>\n<\/tr>\n<\/tbody>\n<\/table>\n<p data-start=\"57\" data-end=\"124\">S1 \u2013 motoreffekt vid kontinuerlig drift under full belastning<\/p>\n<p data-start=\"127\" data-end=\"201\" data-is-last-node=\"\">S6 \u2013 motoreffekt vid intermittent drift med viloperioder upp till 40 %<\/p>\n","protected":false},"excerpt":{"rendered":"<h2 data-start=\"64\" data-end=\"167\">CORMAK MSM250<\/h2>\n<p data-start=\"169\" data-end=\"453\">CORMAK MSM250 \u00e4r en robust och effektiv kombinerad band- och skivslipmaskin, utrustad med 250 mm slipsten och slipband i storleken 1020 \u00d7 72 mm.\u00a0 Genom att kombinera tv\u00e5 slipfunktioner \u2013 band och skiva \u2013 erbjuder maskinen maximal flexibilitet och h\u00f6g prestanda vid bearbetning av metall, tr\u00e4 och plast.<\/p>\n<p data-start=\"455\" data-end=\"667\">Maskinen \u00e4r utrustad med h\u00f6gkvalitativa NSK-kullager som s\u00e4kerst\u00e4ller en tyst, vibrationsfri och drifts\u00e4ker g\u00e5ng \u00e4ven vid l\u00e5ngvarigt arbete. Det g\u00f6r MSM250 till ett tydligt premiumalternativ j\u00e4mf\u00f6rt med enklare modeller.<\/p>\n<p data-start=\"669\" data-end=\"840\">Den kraftfulla kopparlindade motorn levererar h\u00f6gt vridmoment och stabil prestanda, vilket g\u00f6r maskinen idealisk \u00e4ven f\u00f6r kr\u00e4vande slipuppgifter. Den balanserade rotorn p\u00e5 kullager bidrar dessutom till j\u00e4mn drift och h\u00f6g slipnoggrannhet.<\/p>\n<p data-start=\"842\" data-end=\"1152\">MSM250 f\u00f6rsedd med ett stabilt stativ, integrerad utsugsanslutning \u00d838 mm samt slipst\u00f6d.<\/p>\n<hr data-start=\"1301\" data-end=\"1304\" \/>\n<h3 data-start=\"1306\" data-end=\"1325\">Huvudegenskaper<\/h3>\n<ul>\n<li data-start=\"1465\" data-end=\"1525\">Kombinerad band- och skivslip \u2013 tv\u00e5 funktioner i en maskin<\/li>\n<li data-start=\"1528\" data-end=\"1580\">NSK industrilager \u2013 tyst drift och l\u00e5ng h\u00e5llbarhet<\/li>\n<li data-start=\"1583\" data-end=\"1636\">Slipning av metall, tr\u00e4 och plast \u2013 bred anv\u00e4ndning<\/li>\n<li data-start=\"1583\" data-end=\"1636\">\n<div class=\"flex flex-col text-sm pb-25\">\n<article class=\"text-token-text-primary w-full focus:outline-none [--shadow-height:45px] has-data-writing-block:pointer-events-none has-data-writing-block:-mt-(--shadow-height) has-data-writing-block:pt-(--shadow-height) [&amp;:has([data-writing-block])&gt;*]:pointer-events-auto scroll-mt-[calc(var(--header-height)+min(200px,max(70px,20svh)))]\" dir=\"auto\" tabindex=\"-1\" data-turn-id=\"request-WEB:95294ba4-f6af-417b-8eaf-6636d61cb3cb-84\" data-testid=\"conversation-turn-130\" data-scroll-anchor=\"true\" data-turn=\"assistant\">\n<div class=\"text-base my-auto mx-auto pb-10 [--thread-content-margin:--spacing(4)] @w-sm\/main:[--thread-content-margin:--spacing(6)] @w-lg\/main:[--thread-content-margin:--spacing(16)] px-(--thread-content-margin)\">\n<div class=\"[--thread-content-max-width:40rem] @w-lg\/main:[--thread-content-max-width:48rem] mx-auto max-w-(--thread-content-max-width) flex-1 group\/turn-messages focus-visible:outline-hidden relative flex w-full min-w-0 flex-col agent-turn\" tabindex=\"-1\">\n<div class=\"flex max-w-full flex-col grow\">\n<div class=\"min-h-8 text-message relative flex w-full flex-col items-end gap-2 text-start break-words whitespace-normal [.text-message+&amp;]:mt-1\" dir=\"auto\" data-message-author-role=\"assistant\" data-message-id=\"d374d8e3-b8ec-4317-9b7c-b9bd33ab8236\" data-message-model-slug=\"gpt-5-2\">\n<div class=\"flex w-full flex-col gap-1 empty:hidden first:pt-[1px]\">\n<div class=\"markdown prose dark:prose-invert w-full wrap-break-word light markdown-new-styling\">\n<p data-start=\"0\" data-end=\"64\" data-is-last-node=\"\" data-is-only-node=\"\">Slipenheten kan anv\u00e4ndas b\u00e5de i horisontellt och vertikalt l\u00e4ge<\/p>\n<\/div>\n<\/div>\n<\/div>\n<\/div>\n<\/div>\n<\/div>\n<\/article>\n<\/div>\n<\/li>\n<li data-start=\"1639\" data-end=\"1700\">Kopparlindad motor \u2013 kraft, drifts\u00e4kerhet och h\u00f6g prestanda<\/li>\n<li data-start=\"1703\" data-end=\"1761\">Utsugsanslutning \u00d838 mm \u2013 renare och s\u00e4krare arbetsplats<\/li>\n<li data-start=\"1764\" data-end=\"1825\">Stabilt stativ \u2013 ergonomisk arbetsh\u00f6jd och bekv\u00e4m hantering<\/li>\n<li data-start=\"1764\" data-end=\"1825\">3-fas st\u00f6psel och 1300 mm kabel f\u00e4rdigmonterat<\/li>\n<li data-start=\"1764\" data-end=\"1825\">LED belysning (ej monterad p\u00e5 bilder)<\/li>\n<\/ul>\n","protected":false},"featured_media":30905,"template":"","meta":{"_acf_changed":false,"_seopress_robots_primary_cat":"none","_seopress_titles_title":"","_seopress_titles_desc":"","_seopress_robots_index":""},"product_cat":[306,598,55],"product_tag":[],"class_list":{"0":"post-30853","1":"product","2":"type-product","3":"status-publish","4":"has-post-thumbnail","6":"product_cat-bandslip","7":"product_cat-metallbearbetning","8":"product_cat-svets-metallarbete","10":"first","11":"instock","12":"taxable","13":"shipping-taxable","14":"purchasable","15":"product-type-simple","swatches":"rey-swatches","show_selected":""},"acf":[],"_links":{"self":[{"href":"https:\/\/toolhouse.fi\/sv\/wp-json\/wp\/v2\/product\/30853","targetHints":{"allow":["GET"]}}],"collection":[{"href":"https:\/\/toolhouse.fi\/sv\/wp-json\/wp\/v2\/product"}],"about":[{"href":"https:\/\/toolhouse.fi\/sv\/wp-json\/wp\/v2\/types\/product"}],"version-history":[{"count":0,"href":"https:\/\/toolhouse.fi\/sv\/wp-json\/wp\/v2\/product\/30853\/revisions"}],"wp:featuredmedia":[{"embeddable":true,"href":"https:\/\/toolhouse.fi\/sv\/wp-json\/wp\/v2\/media\/30905"}],"wp:attachment":[{"href":"https:\/\/toolhouse.fi\/sv\/wp-json\/wp\/v2\/media?parent=30853"}],"wp:term":[{"taxonomy":"product_cat","embeddable":true,"href":"https:\/\/toolhouse.fi\/sv\/wp-json\/wp\/v2\/product_cat?post=30853"},{"taxonomy":"product_tag","embeddable":true,"href":"https:\/\/toolhouse.fi\/sv\/wp-json\/wp\/v2\/product_tag?post=30853"}],"curies":[{"name":"wp","href":"https:\/\/api.w.org\/{rel}","templated":true}]}}