{"id":30908,"date":"2026-02-02T15:00:57","date_gmt":"2026-02-02T13:00:57","guid":{"rendered":"https:\/\/toolhouse.fi\/?post_type=product&#038;p=30908"},"modified":"2026-04-30T13:27:18","modified_gmt":"2026-04-30T10:27:18","slug":"maskinskruvstycke-roterbart-125-mm","status":"publish","type":"product","link":"https:\/\/toolhouse.fi\/sv\/produkt\/maskinskruvstycke-roterbart-125-mm\/","title":{"rendered":"Maskinskruvstycke roterbart 125 mm"},"content":{"rendered":"<p data-start=\"0\" data-end=\"17\"><img fetchpriority=\"high\" decoding=\"async\" class=\"size-full wp-image-30912 alignleft\" src=\"https:\/\/toolhouse.fi\/wp-content\/uploads\/2026\/02\/koneruuvipuristin-cormak-125mm.jpg\" alt=\"koneruuvipuristin cormak 125mm\" width=\"739\" height=\"525\" srcset=\"https:\/\/toolhouse.fi\/wp-content\/uploads\/2026\/02\/koneruuvipuristin-cormak-125mm.jpg 739w, https:\/\/toolhouse.fi\/wp-content\/uploads\/2026\/02\/koneruuvipuristin-cormak-125mm-300x213.jpg 300w\" sizes=\"(max-width: 739px) 100vw, 739px\" \/><\/p>\n<div class=\"TyagGW_tableContainer\">\n<div class=\"group TyagGW_tableWrapper flex flex-col-reverse w-fit\" tabindex=\"-1\">\n<table class=\"w-fit min-w-(--thread-content-width)\" data-start=\"19\" data-end=\"384\" data-is-last-node=\"\" data-is-only-node=\"\">\n<thead data-start=\"19\" data-end=\"40\">\n<tr data-start=\"19\" data-end=\"40\">\n<th data-start=\"19\" data-end=\"31\" data-col-size=\"sm\">CORMAK QH125<\/th>\n<th data-start=\"31\" data-end=\"40\" data-col-size=\"sm\"><\/th>\n<\/tr>\n<\/thead>\n<tbody data-start=\"62\" data-end=\"384\" data-is-last-node=\"\">\n<tr data-start=\"62\" data-end=\"88\">\n<td data-start=\"62\" data-end=\"78\" data-col-size=\"sm\">Backbredd (S)<\/td>\n<td data-col-size=\"sm\" data-start=\"78\" data-end=\"88\">125 mm<\/td>\n<\/tr>\n<tr data-start=\"89\" data-end=\"121\">\n<td data-start=\"89\" data-end=\"111\" data-col-size=\"sm\">Maximal \u00f6ppning (a)<\/td>\n<td data-col-size=\"sm\" data-start=\"111\" data-end=\"121\">100 mm<\/td>\n<\/tr>\n<tr data-start=\"122\" data-end=\"146\">\n<td data-start=\"122\" data-end=\"137\" data-col-size=\"sm\">Backh\u00f6jd (m)<\/td>\n<td data-col-size=\"sm\" data-start=\"137\" data-end=\"146\">40 mm<\/td>\n<\/tr>\n<tr data-start=\"147\" data-end=\"173\">\n<td data-start=\"147\" data-end=\"164\" data-col-size=\"sm\">Kroppsh\u00f6jd (h)<\/td>\n<td data-col-size=\"sm\" data-start=\"164\" data-end=\"173\">92 mm<\/td>\n<\/tr>\n<tr data-start=\"174\" data-end=\"202\">\n<td data-start=\"174\" data-end=\"192\" data-col-size=\"sm\">Total h\u00f6jd (H1)<\/td>\n<td data-col-size=\"sm\" data-start=\"192\" data-end=\"202\">125 mm<\/td>\n<\/tr>\n<tr data-start=\"203\" data-end=\"228\">\n<td data-start=\"203\" data-end=\"218\" data-col-size=\"sm\">Basbredd (H)<\/td>\n<td data-col-size=\"sm\" data-start=\"218\" data-end=\"228\">166 mm<\/td>\n<\/tr>\n<tr data-start=\"229\" data-end=\"270\">\n<td data-start=\"229\" data-end=\"260\" data-col-size=\"sm\">H\u00e5lavst\u00e5nd f\u00f6r montering (A)<\/td>\n<td data-col-size=\"sm\" data-start=\"260\" data-end=\"270\">295 mm<\/td>\n<\/tr>\n<tr data-start=\"271\" data-end=\"299\">\n<td data-start=\"271\" data-end=\"289\" data-col-size=\"sm\">Total l\u00e4ngd (L)<\/td>\n<td data-col-size=\"sm\" data-start=\"289\" data-end=\"299\">285 mm<\/td>\n<\/tr>\n<tr data-start=\"300\" data-end=\"341\">\n<td data-start=\"300\" data-end=\"332\" data-col-size=\"sm\">Monteringsh\u00e5lets diameter (D)<\/td>\n<td data-col-size=\"sm\" data-start=\"332\" data-end=\"341\">14 mm<\/td>\n<\/tr>\n<tr data-start=\"342\" data-end=\"367\">\n<td data-start=\"342\" data-end=\"355\" data-col-size=\"sm\">Sp\u00e4nnkraft<\/td>\n<td data-col-size=\"sm\" data-start=\"355\" data-end=\"367\">2 500 kg<\/td>\n<\/tr>\n<tr data-start=\"368\" data-end=\"384\" data-is-last-node=\"\">\n<td data-start=\"368\" data-end=\"375\" data-col-size=\"sm\">Vikt<\/td>\n<td data-col-size=\"sm\" data-start=\"375\" data-end=\"384\" data-is-last-node=\"\">14 kg<\/td>\n<\/tr>\n<\/tbody>\n<\/table>\n<\/div>\n<\/div>\n","protected":false},"excerpt":{"rendered":"<p>&nbsp;<\/p>\n<p><strong>Sv\u00e4ngbart Maskinskruvstycke 125 \u00d7 100 mm CORMAK QH125<\/strong><\/p>\n<ul>\n<li>Ett mycket kraftfullt maskinskruvstycke med god parallellitet.<\/li>\n<li>Tillverkat av h\u00f6gkvalitets gjutj\u00e4rn.<\/li>\n<li>H\u00f6g precession tack vare de exakta guiderna.<\/li>\n<li>H\u00f6g sp\u00e4nnkraft \u2013 upp till 2500 kg<\/li>\n<li>Justerbart 360\u00b0 horisontalt<\/li>\n<li>Skala med 1\u00b0 noggrannhet.<\/li>\n<li>Backorna tillverkade av verktygsst\u00e5l, h\u00e4rdade (55+- 3HRC) och exakt planslipade.<\/li>\n<li>Idealiskt till te.x. fr\u00e4sning, slipning och borrning.<\/li>\n<li>Kapslad spindelskruv skyddar mot sp\u00e5n och smuts.<\/li>\n<li>Avtagbar vridbas \u2013 kan anv\u00e4ndas som fast skruvstycke.<\/li>\n<\/ul>\n","protected":false},"featured_media":30921,"template":"","meta":{"_acf_changed":false,"_seopress_robots_primary_cat":"none","_seopress_titles_title":"","_seopress_titles_desc":"","_seopress_robots_index":""},"product_cat":[256],"product_tag":[],"class_list":{"0":"post-30908","1":"product","2":"type-product","3":"status-publish","4":"has-post-thumbnail","6":"product_cat-maskinskruvstycken","7":"product_shipping_class-k-160","9":"first","10":"instock","11":"taxable","12":"shipping-taxable","13":"purchasable","14":"product-type-simple","swatches":"rey-swatches","show_selected":""},"acf":[],"_links":{"self":[{"href":"https:\/\/toolhouse.fi\/sv\/wp-json\/wp\/v2\/product\/30908","targetHints":{"allow":["GET"]}}],"collection":[{"href":"https:\/\/toolhouse.fi\/sv\/wp-json\/wp\/v2\/product"}],"about":[{"href":"https:\/\/toolhouse.fi\/sv\/wp-json\/wp\/v2\/types\/product"}],"version-history":[{"count":0,"href":"https:\/\/toolhouse.fi\/sv\/wp-json\/wp\/v2\/product\/30908\/revisions"}],"wp:featuredmedia":[{"embeddable":true,"href":"https:\/\/toolhouse.fi\/sv\/wp-json\/wp\/v2\/media\/30921"}],"wp:attachment":[{"href":"https:\/\/toolhouse.fi\/sv\/wp-json\/wp\/v2\/media?parent=30908"}],"wp:term":[{"taxonomy":"product_cat","embeddable":true,"href":"https:\/\/toolhouse.fi\/sv\/wp-json\/wp\/v2\/product_cat?post=30908"},{"taxonomy":"product_tag","embeddable":true,"href":"https:\/\/toolhouse.fi\/sv\/wp-json\/wp\/v2\/product_tag?post=30908"}],"curies":[{"name":"wp","href":"https:\/\/api.w.org\/{rel}","templated":true}]}}