{"id":30944,"date":"2026-02-02T16:24:06","date_gmt":"2026-02-02T14:24:06","guid":{"rendered":"https:\/\/toolhouse.fi\/?post_type=product&#038;p=30944"},"modified":"2026-04-05T20:16:52","modified_gmt":"2026-04-05T17:16:52","slug":"cormak-zw400-magnetisk-spansamlare","status":"publish","type":"product","link":"https:\/\/toolhouse.fi\/sv\/produkt\/cormak-zw400-magnetisk-spansamlare\/","title":{"rendered":"CORMAK ZW400 magnetisk sp\u00e5nsamlare"},"content":{"rendered":"","protected":false},"excerpt":{"rendered":"<p data-start=\"0\" data-end=\"276\"><strong>CORMAK ZW400<\/strong> magnetisk sp\u00e5nsamlare, med en l\u00e4ngd p\u00e5 420 mm, \u00e4r ett praktiskt och smidigt verktyg f\u00f6r att samla upp och avl\u00e4gsna metallsp\u00e5n som uppst\u00e5r vid kapning, borrning och andra bearbetningsprocesser. Passar perfekt f\u00f6r industriell anv\u00e4ndning s\u00e5v\u00e4l som mindre verkst\u00e4der.<\/p>\n<p data-start=\"278\" data-end=\"425\">F\u00f6r sp\u00e5nsamlaren enkelt \u00f6ver sp\u00e5nen f\u00f6r att samla upp dem, h\u00e5ll sedan st\u00e5ngen \u00f6ver en beh\u00e5llare och dra ut kolven \u2013 sp\u00e5nen faller automatiskt av.<\/p>\n<ul>\n<li data-start=\"429\" data-end=\"483\">Snabb och effektiv sp\u00e5nuppsamling utan direktkontakt<\/li>\n<li data-start=\"486\" data-end=\"521\">Praktisk krok f\u00f6r enkel f\u00f6rvaring<\/li>\n<li data-start=\"524\" data-end=\"545\">Kompakt arbetsl\u00e4ngd<\/li>\n<li data-start=\"548\" data-end=\"583\">Slitstark och robust konstruktion<\/li>\n<\/ul>\n<p data-start=\"585\" data-end=\"604\" data-is-last-node=\"\" data-is-only-node=\"\">Tillverkare: Cormak<\/p>\n","protected":false},"featured_media":30952,"template":"","meta":{"_acf_changed":false,"_seopress_robots_primary_cat":"none","_seopress_titles_title":"","_seopress_titles_desc":"","_seopress_robots_index":""},"product_cat":[598,55,599],"product_tag":[],"class_list":{"0":"post-30944","1":"product","2":"type-product","3":"status-publish","4":"has-post-thumbnail","6":"product_cat-metallbearbetning","7":"product_cat-svets-metallarbete","8":"product_cat-tillbehor-metallbearbetning","10":"first","11":"instock","12":"taxable","13":"shipping-taxable","14":"purchasable","15":"product-type-simple","swatches":"rey-swatches","show_selected":""},"acf":[],"_links":{"self":[{"href":"https:\/\/toolhouse.fi\/sv\/wp-json\/wp\/v2\/product\/30944","targetHints":{"allow":["GET"]}}],"collection":[{"href":"https:\/\/toolhouse.fi\/sv\/wp-json\/wp\/v2\/product"}],"about":[{"href":"https:\/\/toolhouse.fi\/sv\/wp-json\/wp\/v2\/types\/product"}],"version-history":[{"count":0,"href":"https:\/\/toolhouse.fi\/sv\/wp-json\/wp\/v2\/product\/30944\/revisions"}],"wp:featuredmedia":[{"embeddable":true,"href":"https:\/\/toolhouse.fi\/sv\/wp-json\/wp\/v2\/media\/30952"}],"wp:attachment":[{"href":"https:\/\/toolhouse.fi\/sv\/wp-json\/wp\/v2\/media?parent=30944"}],"wp:term":[{"taxonomy":"product_cat","embeddable":true,"href":"https:\/\/toolhouse.fi\/sv\/wp-json\/wp\/v2\/product_cat?post=30944"},{"taxonomy":"product_tag","embeddable":true,"href":"https:\/\/toolhouse.fi\/sv\/wp-json\/wp\/v2\/product_tag?post=30944"}],"curies":[{"name":"wp","href":"https:\/\/api.w.org\/{rel}","templated":true}]}}