{"id":30967,"date":"2026-02-03T10:51:08","date_gmt":"2026-02-03T08:51:08","guid":{"rendered":"https:\/\/toolhouse.fi\/?post_type=product&#038;p=30967"},"modified":"2026-05-07T14:22:38","modified_gmt":"2026-05-07T11:22:38","slug":"vedklyv-cormak-8-ton","status":"publish","type":"product","link":"https:\/\/toolhouse.fi\/sv\/produkt\/vedklyv-cormak-8-ton\/","title":{"rendered":"Vedklyv Cormak 8 ton"},"content":{"rendered":"<h2 data-start=\"1407\" data-end=\"1434\"><\/h2>\n<div class=\"TyagGW_tableContainer\">\n<div class=\"group TyagGW_tableWrapper flex flex-col-reverse w-fit\" tabindex=\"-1\">\n<table class=\"w-fit min-w-(--thread-content-width)\" data-start=\"1436\" data-end=\"1833\">\n<thead data-start=\"1436\" data-end=\"1460\">\n<tr data-start=\"1436\" data-end=\"1460\">\n<th data-start=\"1436\" data-end=\"1452\" data-col-size=\"sm\">Specifikation<\/th>\n<th data-start=\"1452\" data-end=\"1460\" data-col-size=\"sm\">Data<\/th>\n<\/tr>\n<\/thead>\n<tbody data-start=\"1484\" data-end=\"1833\">\n<tr data-start=\"1484\" data-end=\"1517\">\n<td data-start=\"1484\" data-end=\"1492\" data-col-size=\"sm\">Motor<\/td>\n<td data-col-size=\"sm\" data-start=\"1492\" data-end=\"1517\">3 kW (4,1 hk) \/ 400 V<\/td>\n<\/tr>\n<tr data-start=\"1518\" data-end=\"1539\">\n<td data-start=\"1518\" data-end=\"1530\" data-col-size=\"sm\">Klyvkraft<\/td>\n<td data-col-size=\"sm\" data-start=\"1530\" data-end=\"1539\">8 ton<\/td>\n<\/tr>\n<tr data-start=\"1540\" data-end=\"1567\">\n<td data-start=\"1540\" data-end=\"1557\" data-col-size=\"sm\">Max vedl\u00e4ngd<\/td>\n<td data-col-size=\"sm\" data-start=\"1557\" data-end=\"1567\">520 mm<\/td>\n<\/tr>\n<tr data-start=\"1568\" data-end=\"1599\">\n<td data-start=\"1568\" data-end=\"1584\" data-col-size=\"sm\">Veddiameter<\/td>\n<td data-col-size=\"sm\" data-start=\"1584\" data-end=\"1599\">80 \u2013 450 mm<\/td>\n<\/tr>\n<tr data-start=\"1600\" data-end=\"1646\">\n<td data-start=\"1600\" data-end=\"1626\" data-col-size=\"sm\">Klyvhastighet<\/td>\n<td data-col-size=\"sm\" data-start=\"1626\" data-end=\"1646\">0,029 \u2013 0,04 m\/s<\/td>\n<\/tr>\n<tr data-start=\"1647\" data-end=\"1683\">\n<td data-start=\"1647\" data-end=\"1671\" data-col-size=\"sm\">Returhastighet<\/td>\n<td data-col-size=\"sm\" data-start=\"1671\" data-end=\"1683\">0,15 m\/s<\/td>\n<\/tr>\n<tr data-start=\"1684\" data-end=\"1714\">\n<td data-start=\"1684\" data-end=\"1703\" data-col-size=\"sm\">Max hydraultryck<\/td>\n<td data-col-size=\"sm\" data-start=\"1703\" data-end=\"1714\">265 bar<\/td>\n<\/tr>\n<tr data-start=\"1715\" data-end=\"1744\">\n<td data-start=\"1715\" data-end=\"1733\" data-col-size=\"sm\">Hydrauloljetank<\/td>\n<td data-col-size=\"sm\" data-start=\"1733\" data-end=\"1744\">4 liter<\/td>\n<\/tr>\n<tr data-start=\"1745\" data-end=\"1790\">\n<td data-start=\"1745\" data-end=\"1764\" data-col-size=\"sm\">M\u00e5tt (L \u00d7 B \u00d7 H)<\/td>\n<td data-col-size=\"sm\" data-start=\"1764\" data-end=\"1790\">1 070 \u00d7 800 \u00d7 1 500 mm<\/td>\n<\/tr>\n<tr data-start=\"1791\" data-end=\"1808\">\n<td data-start=\"1791\" data-end=\"1798\" data-col-size=\"sm\">Vikt<\/td>\n<td data-col-size=\"sm\" data-start=\"1798\" data-end=\"1808\">120 kg<\/td>\n<\/tr>\n<tr data-start=\"1809\" data-end=\"1833\">\n<td data-start=\"1809\" data-end=\"1823\" data-col-size=\"sm\">Tillverkare<\/td>\n<td data-col-size=\"sm\" data-start=\"1823\" data-end=\"1833\">Cormak<\/td>\n<\/tr>\n<\/tbody>\n<\/table>\n<\/div>\n<\/div>\n","protected":false},"excerpt":{"rendered":"<h3 data-start=\"92\" data-end=\"136\">Vedklyv 8 Ton CORMAK LUP8E 400V + Fyrv\u00e4gskniv<\/h3>\n<p data-start=\"138\" data-end=\"287\">Professionell och kraftfull vedklyv. CORMAK LUP8E ger 8 tons klyvkraft och klyver stockar upp till 450 mm i diameter och maximalt 520 mm i l\u00e4ngd. Den medf\u00f6ljande l\u00e4ttmonterade fyrv\u00e4gskniven samt snabbjusterad klyvl\u00e4ngd g\u00f6r arbetet snabbare och mer effektivt.<\/p>\n<h3 data-start=\"453\" data-end=\"467\"><\/h3>\n<h3 data-start=\"453\" data-end=\"467\">Egenskaper<\/h3>\n<ul>\n<li>Fyrv\u00e4gskniv ing\u00e5r.<\/li>\n<li>Hydraulcylinder med automatisk kolvretur<\/li>\n<li>Justerbar returh\u00f6jd<\/li>\n<li>Sidobord ing\u00e5r f\u00f6r att underl\u00e4tta hantering av veden vid klyvning.<\/li>\n<li>P\u00e5litlig och kraftfull 400V-motor.<\/li>\n<li>3,0 kW motor (med tillf\u00e4llig effekt\u00f6kning upp till 3,5 kW vid tung belastning) ger effektiv drift.<\/li>\n<li>S\u00e4ker anv\u00e4ndning med tv\u00e5handsman\u00f6vrering.<\/li>\n<li data-start=\"969\" data-end=\"1044\">Levereras f\u00f6rfylld med 4 liter hydraulolja \u2013 redo att anv\u00e4ndas direkt<\/li>\n<li data-start=\"1047\" data-end=\"1098\">Vinklad klyvkil f\u00f6r smidigare intr\u00e4ngning i veden<\/li>\n<li>Niv\u00e5indikator f\u00f6r hydraulolja.<\/li>\n<li>Transporthjul f\u00f6r enkel f\u00f6rflyttning.<\/li>\n<li>Praktiskt transporthandtag.<\/li>\n<li>Stor basplatta s\u00e4kerst\u00e4ller att maskinen st\u00e5r stadigt under arbetet<\/li>\n<li>P\u00e5litlig och h\u00e5llbar hydraulpump garanterar l\u00e5ng och problemfri drift.<\/li>\n<\/ul>\n<h3 data-start=\"1375\" data-end=\"1400\"><\/h3>\n<hr data-start=\"1402\" data-end=\"1405\" \/>\n<div class=\"TyagGW_tableContainer\">\n<div class=\"group TyagGW_tableWrapper flex flex-col-reverse w-fit\" tabindex=\"-1\"><\/div>\n<\/div>\n","protected":false},"featured_media":30981,"template":"","meta":{"_acf_changed":false,"_seopress_robots_primary_cat":"none","_seopress_titles_title":"","_seopress_titles_desc":"","_seopress_robots_index":""},"product_cat":[781,784],"product_tag":[],"class_list":{"0":"post-30967","1":"product","2":"type-product","3":"status-publish","4":"has-post-thumbnail","6":"product_cat-hem-tradgard","7":"product_cat-vedklyvar","9":"first","10":"instock","11":"taxable","12":"shipping-taxable","13":"purchasable","14":"product-type-simple","swatches":"rey-swatches","show_selected":""},"acf":[],"_links":{"self":[{"href":"https:\/\/toolhouse.fi\/sv\/wp-json\/wp\/v2\/product\/30967","targetHints":{"allow":["GET"]}}],"collection":[{"href":"https:\/\/toolhouse.fi\/sv\/wp-json\/wp\/v2\/product"}],"about":[{"href":"https:\/\/toolhouse.fi\/sv\/wp-json\/wp\/v2\/types\/product"}],"version-history":[{"count":1,"href":"https:\/\/toolhouse.fi\/sv\/wp-json\/wp\/v2\/product\/30967\/revisions"}],"predecessor-version":[{"id":32862,"href":"https:\/\/toolhouse.fi\/sv\/wp-json\/wp\/v2\/product\/30967\/revisions\/32862"}],"wp:featuredmedia":[{"embeddable":true,"href":"https:\/\/toolhouse.fi\/sv\/wp-json\/wp\/v2\/media\/30981"}],"wp:attachment":[{"href":"https:\/\/toolhouse.fi\/sv\/wp-json\/wp\/v2\/media?parent=30967"}],"wp:term":[{"taxonomy":"product_cat","embeddable":true,"href":"https:\/\/toolhouse.fi\/sv\/wp-json\/wp\/v2\/product_cat?post=30967"},{"taxonomy":"product_tag","embeddable":true,"href":"https:\/\/toolhouse.fi\/sv\/wp-json\/wp\/v2\/product_tag?post=30967"}],"curies":[{"name":"wp","href":"https:\/\/api.w.org\/{rel}","templated":true}]}}