{"id":30994,"date":"2026-02-03T13:54:59","date_gmt":"2026-02-03T11:54:59","guid":{"rendered":"https:\/\/toolhouse.fi\/?post_type=product&#038;p=30994"},"modified":"2026-04-13T12:02:18","modified_gmt":"2026-04-13T09:02:18","slug":"vedklyv-cormak-14-ton","status":"publish","type":"product","link":"https:\/\/toolhouse.fi\/sv\/produkt\/vedklyv-cormak-14-ton\/","title":{"rendered":"Vedklyv Cormak 14 ton"},"content":{"rendered":"<h2 data-start=\"1407\" data-end=\"1434\"><\/h2>\n<div class=\"TyagGW_tableContainer\">\n<div class=\"group TyagGW_tableWrapper flex flex-col-reverse w-fit\" tabindex=\"-1\">\n<table class=\"w-fit min-w-(--thread-content-width)\" data-start=\"1436\" data-end=\"1833\">\n<thead data-start=\"1436\" data-end=\"1460\">\n<tr data-start=\"1436\" data-end=\"1460\">\n<th data-start=\"1436\" data-end=\"1452\" data-col-size=\"sm\">CORMAK LUP14<\/th>\n<th data-start=\"1452\" data-end=\"1460\" data-col-size=\"sm\"><\/th>\n<\/tr>\n<\/thead>\n<tbody data-start=\"1484\" data-end=\"1833\">\n<tr data-start=\"1484\" data-end=\"1517\">\n<td data-start=\"1484\" data-end=\"1492\" data-col-size=\"sm\">Motor<\/td>\n<td data-col-size=\"sm\" data-start=\"1492\" data-end=\"1517\">3,5 kW \/ 400 V<\/td>\n<\/tr>\n<tr data-start=\"1518\" data-end=\"1539\">\n<td data-start=\"1518\" data-end=\"1530\" data-col-size=\"sm\">Klyvkraft<\/td>\n<td data-col-size=\"sm\" data-start=\"1530\" data-end=\"1539\">14 ton<\/td>\n<\/tr>\n<tr data-start=\"1540\" data-end=\"1567\">\n<td data-start=\"1540\" data-end=\"1557\" data-col-size=\"sm\">Max vedl\u00e4ngd<\/td>\n<td data-col-size=\"sm\" data-start=\"1557\" data-end=\"1567\">1040 mm<\/td>\n<\/tr>\n<tr data-start=\"1568\" data-end=\"1599\">\n<td data-start=\"1568\" data-end=\"1584\" data-col-size=\"sm\">Veddiameter<\/td>\n<td data-col-size=\"sm\" data-start=\"1584\" data-end=\"1599\">100 \u2013 700 mm<\/td>\n<\/tr>\n<tr data-start=\"1600\" data-end=\"1646\">\n<td data-start=\"1600\" data-end=\"1626\" data-col-size=\"sm\">Klyvhastighet<\/td>\n<td data-col-size=\"sm\" data-start=\"1626\" data-end=\"1646\"><span dir=\"auto\">4.2 cm\/s till 21.8 cm\/s<\/span><\/td>\n<\/tr>\n<tr data-start=\"1647\" data-end=\"1683\">\n<td data-start=\"1647\" data-end=\"1671\" data-col-size=\"sm\">Cylinderdiameter inner \/ ytter<\/td>\n<td data-col-size=\"sm\" data-start=\"1671\" data-end=\"1683\">80 \/ 90 mm<\/td>\n<\/tr>\n<tr data-start=\"1684\" data-end=\"1714\">\n<td data-start=\"1684\" data-end=\"1703\" data-col-size=\"sm\">Max hydraultryck<\/td>\n<td data-col-size=\"sm\" data-start=\"1703\" data-end=\"1714\">bar<\/td>\n<\/tr>\n<tr data-start=\"1715\" data-end=\"1744\">\n<td data-start=\"1715\" data-end=\"1733\" data-col-size=\"sm\">Hydrauloljetank<\/td>\n<td data-col-size=\"sm\" data-start=\"1733\" data-end=\"1744\">liter<\/td>\n<\/tr>\n<tr data-start=\"1745\" data-end=\"1790\">\n<td data-start=\"1745\" data-end=\"1764\" data-col-size=\"sm\">M\u00e5tt (L \u00d7 B \u00d7 H)<\/td>\n<td data-col-size=\"sm\" data-start=\"1764\" data-end=\"1790\"><span dir=\"auto\">1440 x 1350 x 2280 mm<\/span><\/td>\n<\/tr>\n<tr data-start=\"1791\" data-end=\"1808\">\n<td data-start=\"1791\" data-end=\"1798\" data-col-size=\"sm\">Transporth\u00f6jd<\/p>\n<p>Vikt<\/td>\n<td data-col-size=\"sm\" data-start=\"1798\" data-end=\"1808\">1650 mm<\/p>\n<p>185 kg<\/td>\n<\/tr>\n<tr data-start=\"1809\" data-end=\"1833\">\n<td data-start=\"1809\" data-end=\"1823\" data-col-size=\"sm\">CE-m\u00e4rkt<\/p>\n<p>Tillverkare<\/td>\n<td data-col-size=\"sm\" data-start=\"1823\" data-end=\"1833\">Ja<\/p>\n<p>Cormak<\/td>\n<\/tr>\n<\/tbody>\n<\/table>\n<\/div>\n<\/div>\n","protected":false},"excerpt":{"rendered":"<h3 data-start=\"92\" data-end=\"136\">Vedklyv 14 Ton CORMAK LUP14 400V + Fyrv\u00e4gskniv<\/h3>\n<p data-start=\"138\" data-end=\"287\">CORMAK LUP14 \u00e4r en professionell vertikal vedklyv med 14 tons klyvkraft och kraftfull 400V motor p\u00e5 3,5 kW. Den klarar stockar upp till 1 040 mm i l\u00e4ngd och 700 mm i diameter. Utrustad med justerbar arbetshastighet, stocklyft, tv\u00e5handsman\u00f6vrering och transporthjul \u2013 perfekt f\u00f6r effektiv och s\u00e4ker vedproduktion<\/p>\n<h3 data-start=\"453\" data-end=\"467\"><\/h3>\n<h3 data-start=\"453\" data-end=\"467\">Egenskaper<\/h3>\n<ul>\n<li>Fyrv\u00e4gskniv ing\u00e5r.<\/li>\n<li data-start=\"842\" data-end=\"930\">Justerbar arbetshastighet (4,2\u201321,8 cm\/s)<\/li>\n<li data-start=\"933\" data-end=\"1027\">Stocklyft \u2013 underl\u00e4ttar hantering av tunga stockar<\/li>\n<li>Hydraulcylinder med 90 mm diameter<\/li>\n<li>Justerbar returh\u00f6jd<\/li>\n<li>Levereras f\u00f6rfylld med hydraulolja<\/li>\n<li>Stabil konstruktion med f\u00f6rst\u00e4rkt st\u00e5lram<\/li>\n<li>P\u00e5litlig och kraftfull 400V-motor.<\/li>\n<li>3,5 kW motor ger effektiv drift.<\/li>\n<li>S\u00e4ker anv\u00e4ndning\u00a0 med tv\u00e5handsman\u00f6vrering.<\/li>\n<li>Transporthjul f\u00f6r enkel f\u00f6rflyttning.<\/li>\n<li>Praktiskt transporthandtag.<\/li>\n<li>Stor basplatta s\u00e4kerst\u00e4ller att maskinen st\u00e5r stadigt under arbetet<\/li>\n<li>Hydraulcylindern kan enkelt f\u00e4llas ner, vilket underl\u00e4ttar transport och f\u00f6rvaring<\/li>\n<li>Hydraulpump av h\u00f6g kvalitet garanterar problemfri drift.<\/li>\n<\/ul>\n<h3 data-start=\"1375\" data-end=\"1400\"><\/h3>\n<hr data-start=\"1402\" data-end=\"1405\" \/>\n<div class=\"TyagGW_tableContainer\">\n<div class=\"group TyagGW_tableWrapper flex flex-col-reverse w-fit\" tabindex=\"-1\"><\/div>\n<\/div>\n","protected":false},"featured_media":31015,"template":"","meta":{"_acf_changed":false,"_seopress_robots_primary_cat":"none","_seopress_titles_title":"","_seopress_titles_desc":"","_seopress_robots_index":""},"product_cat":[781,784],"product_tag":[],"class_list":{"0":"post-30994","1":"product","2":"type-product","3":"status-publish","4":"has-post-thumbnail","6":"product_cat-hem-tradgard","7":"product_cat-vedklyvar","9":"first","10":"outofstock","11":"taxable","12":"shipping-taxable","13":"purchasable","14":"product-type-simple","swatches":"rey-swatches","show_selected":""},"acf":[],"_links":{"self":[{"href":"https:\/\/toolhouse.fi\/sv\/wp-json\/wp\/v2\/product\/30994","targetHints":{"allow":["GET"]}}],"collection":[{"href":"https:\/\/toolhouse.fi\/sv\/wp-json\/wp\/v2\/product"}],"about":[{"href":"https:\/\/toolhouse.fi\/sv\/wp-json\/wp\/v2\/types\/product"}],"version-history":[{"count":0,"href":"https:\/\/toolhouse.fi\/sv\/wp-json\/wp\/v2\/product\/30994\/revisions"}],"wp:featuredmedia":[{"embeddable":true,"href":"https:\/\/toolhouse.fi\/sv\/wp-json\/wp\/v2\/media\/31015"}],"wp:attachment":[{"href":"https:\/\/toolhouse.fi\/sv\/wp-json\/wp\/v2\/media?parent=30994"}],"wp:term":[{"taxonomy":"product_cat","embeddable":true,"href":"https:\/\/toolhouse.fi\/sv\/wp-json\/wp\/v2\/product_cat?post=30994"},{"taxonomy":"product_tag","embeddable":true,"href":"https:\/\/toolhouse.fi\/sv\/wp-json\/wp\/v2\/product_tag?post=30994"}],"curies":[{"name":"wp","href":"https:\/\/api.w.org\/{rel}","templated":true}]}}