{"id":31052,"date":"2026-02-04T17:10:18","date_gmt":"2026-02-04T15:10:18","guid":{"rendered":"https:\/\/toolhouse.fi\/?post_type=product&#038;p=31052"},"modified":"2026-04-17T12:33:51","modified_gmt":"2026-04-17T09:33:51","slug":"evo-45e-400v","status":"publish","type":"product","link":"https:\/\/toolhouse.fi\/sv\/produkt\/evo-45e-400v\/","title":{"rendered":"EVO-45E 400V"},"content":{"rendered":"<p>&nbsp;<\/p>\n<table style=\"height: 485px;\" border=\"0\" width=\"436\" cellspacing=\"0\" cellpadding=\"2\">\n<tbody>\n<tr>\n<td width=\"322\"><b>Lyftkapacitet\u00a0:<\/b><\/td>\n<td width=\"93\">4500 kg<\/td>\n<\/tr>\n<tr>\n<td bgcolor=\"#f1f1f1\" width=\"322\"><b>Lyfth\u00f6jd:<\/b><\/td>\n<td bgcolor=\"#f1f1f1\" width=\"93\">92 \u20131850mm<\/td>\n<\/tr>\n<tr>\n<td width=\"322\"><b>Automatiska s\u00e4kerhetsl\u00e5s :<\/b><\/td>\n<td width=\"93\">Ja<\/td>\n<\/tr>\n<tr>\n<td bgcolor=\"#f1f1f1\" width=\"322\"><b>Drift\u00a0:<\/b><\/td>\n<td bgcolor=\"#f1f1f1\" width=\"93\">Hydraulisk<\/td>\n<\/tr>\n<tr>\n<td width=\"322\"><b>Lyfttid\u00a0:<\/b><\/td>\n<td width=\"93\">30 sekunder<\/td>\n<\/tr>\n<tr>\n<td bgcolor=\"#f1f1f1\" width=\"322\"><b>230V elutag :<\/b><\/td>\n<td bgcolor=\"#f1f1f1\" width=\"93\">ja<\/td>\n<\/tr>\n<tr>\n<td width=\"322\"><b>Bredd mellan pelare:<\/b><\/p>\n<p><strong>Genomk\u00f6rningsbredd:<\/strong><\/td>\n<td width=\"93\">2800 mm<\/p>\n<p>2550 mm<\/td>\n<\/tr>\n<tr>\n<td bgcolor=\"#f1f1f1\" width=\"322\"><b>H\u00f6jd :<\/b><\/td>\n<td bgcolor=\"#f1f1f1\" width=\"93\">2880 mm<\/td>\n<\/tr>\n<tr>\n<td width=\"322\"><b>Bredd\u00a0:<\/b><\/p>\n<p><strong>Vikt:<\/strong><\/td>\n<td width=\"93\">3420 mm<\/p>\n<p>690kg<\/td>\n<\/tr>\n<tr>\n<td bgcolor=\"#f1f1f1\" width=\"322\"><b>Sp\u00e4nning\u00a0:<\/b><\/td>\n<td bgcolor=\"#f1f1f1\" width=\"93\">400V<\/td>\n<\/tr>\n<tr>\n<td width=\"322\"><strong>Symetriska 3-delade lyftarmar:\u00a0<\/strong><\/td>\n<td width=\"93\">721 mm &#8211; 1511 mm<\/td>\n<\/tr>\n<tr>\n<td bgcolor=\"#f1f1f1\" width=\"322\"><strong>Ce m\u00e4rkt\u00a0:<\/strong><\/td>\n<td bgcolor=\"#f1f1f1\" width=\"93\">Ja<\/td>\n<\/tr>\n<tr>\n<td width=\"322\"><b>Garanti\u00a0:<\/b><\/td>\n<td width=\"93\">12 m\u00e5nader<\/td>\n<\/tr>\n<tr>\n<td bgcolor=\"#f1f1f1\" width=\"322\"><strong>Motoreffekt:<\/strong><\/td>\n<td bgcolor=\"#f1f1f1\" width=\"93\">2,2kw<\/td>\n<\/tr>\n<tr>\n<td width=\"322\"><strong>Man\u00f6versp\u00e4nning<\/strong><\/p>\n<p>&nbsp;<\/p>\n<p><strong>Modell<\/strong><\/td>\n<td width=\"93\">24 v<\/p>\n<p>&nbsp;<\/p>\n<p><strong>Evolution 45E<\/strong><\/td>\n<\/tr>\n<\/tbody>\n<\/table>\n","protected":false},"excerpt":{"rendered":"<ul>\n<li>Hydraulisk tv\u00e5pelarlyft.<\/li>\n<li>400V<\/li>\n<li>Lyftkapacitet 4500kg.<\/li>\n<li>Lyfth\u00f6jd 92 \u2013 1850 mm<\/li>\n<li>L\u00e5nga symetriska 3-delade lyftarmar<\/li>\n<li>Stora lyfttassar med dubbel justering<\/li>\n<li>Automatiska 24 volts s\u00e4kerhetsl\u00e5s.<\/li>\n<li>Totalh\u00f6jd 2880mm<\/li>\n<li>230V eluttag<\/li>\n<\/ul>\n<p><!--more--><\/p>\n<p data-start=\"228\" data-end=\"444\"><strong>Evolution 45E<\/strong> \u00e4r en kraftfull hydraulisk tv\u00e5pelarlyft, med lyftkapacitet p\u00e5 4500 kg och l\u00e5nga, symmetriska 3-delade lyftarmar passar den b\u00e5de mindre och st\u00f6rre fordon.<\/p>\n<p data-start=\"446\" data-end=\"709\">Lyften \u00e4r byggd med h\u00f6g kvalitet och fokus p\u00e5 s\u00e4kerhet och h\u00e5llbarhet. Pelarna har en dubbel-S-profil som ger mycket h\u00f6g vridstyvhet och l\u00e5ng livsl\u00e4ngd. Evo 45E \u00e4r som standard utrustad med en p\u00e5litlig hydraulenhet av h\u00f6g kvalitet fr\u00e5n Boucher Hydraulics.<\/p>\n<p>&nbsp;<\/p>\n<p><strong>H\u00f6g s\u00e4kerhet<\/strong><\/p>\n<p>P\u00e5 Evo 45E aktiveras s\u00e4kerhetsl\u00e5sen automatiskt n\u00e4r bilen lyfts, dessutom stoppas lyftprocessen n\u00e4r bilen n\u00e5r maximal lyfth\u00f6jd, detta garanterar h\u00f6gsta s\u00e4kerhet vid anv\u00e4ndning.<\/p>\n<p data-start=\"1056\" data-end=\"1237\">Evolution 45E \u00e4r utvecklad f\u00f6r maximal s\u00e4kerhet i daglig drift. S\u00e4kerhetsl\u00e5sen aktiveras automatiskt, och lyftprocessen stoppas automatiskt n\u00e4r maximal lyfth\u00f6jd uppn\u00e5s.<\/p>\n<p data-start=\"1239\" data-end=\"1275\">Lyften \u00e4r \u00e4ven standardutrustad med:<\/p>\n<ul>\n<li data-start=\"1278\" data-end=\"1324\">Gummiskydd som skyddar bild\u00f6rrar vid \u00f6ppning<\/li>\n<li data-start=\"1327\" data-end=\"1337\">N\u00f6dstopp<\/li>\n<li data-start=\"1340\" data-end=\"1351\">Kl\u00e4mskydd<\/li>\n<\/ul>\n<p>&nbsp;<\/p>\n<p><strong>Automatisk<\/strong><\/p>\n<p data-start=\"1382\" data-end=\"1557\">Den automatiska funktionen ger smidig och s\u00e4ker hantering av b\u00e5de lyft och s\u00e4nkning. All styrning sker via kontrollpanelen \u2013 utan behov av manuell uppl\u00e5sning vid varje pelare.<\/p>\n<p data-start=\"1559\" data-end=\"1726\">B\u00e5da pelarna \u00e4r utrustade med 24 V elektromagneter som automatiskt inaktiverar s\u00e4kerhetsl\u00e5sen n\u00e4r s\u00e4nkningsknappen trycks in, <span style=\"color: #484f56; font-size: 1.125rem;\">vilket m\u00f6jligg\u00f6r <\/span><span style=\"color: #484f56; font-size: 1.125rem;\">effektiv och s\u00e4ker man\u00f6vrering<\/span><span style=\"color: #484f56; font-size: 1.125rem;\">.<\/span><\/p>\n<p><strong>Tillbeh\u00f6r<\/strong><\/p>\n<p><em><a href=\"https:\/\/toolhouse.fi\/sv\/produkt\/stort-faste-till-evo-45e\/\">Stora golvf\u00e4sten\ud83d\udd17<\/a><\/em><\/p>\n<p><a href=\"https:\/\/toolhouse.fi\/sv\/produkt\/forhojningssats-til-billyft-100-mm\/\"><em>F\u00f6rh\u00f6jningssats\ud83d\udd17<\/em><\/a><\/p>\n<p><!--more--><\/p>\n<p>&nbsp;<\/p>\n<p>&nbsp;<\/p>\n<p><span style=\"color: #ffffff;\">p<\/span><\/p>\n","protected":false},"featured_media":31098,"template":"","meta":{"_acf_changed":false,"_seopress_robots_primary_cat":"none","_seopress_titles_title":"","_seopress_titles_desc":"","_seopress_robots_index":""},"product_cat":[278,458,20],"product_tag":[],"class_list":{"0":"post-31052","1":"product","2":"type-product","3":"status-publish","4":"has-post-thumbnail","6":"product_cat-2-pelarlyft","7":"product_cat-fordonslyftar","8":"product_cat-lyftteknik","9":"product_shipping_class-l-220-l-220r","11":"first","12":"instock","13":"taxable","14":"shipping-taxable","15":"purchasable","16":"product-type-simple","swatches":"rey-swatches","show_selected":""},"acf":[],"_links":{"self":[{"href":"https:\/\/toolhouse.fi\/sv\/wp-json\/wp\/v2\/product\/31052","targetHints":{"allow":["GET"]}}],"collection":[{"href":"https:\/\/toolhouse.fi\/sv\/wp-json\/wp\/v2\/product"}],"about":[{"href":"https:\/\/toolhouse.fi\/sv\/wp-json\/wp\/v2\/types\/product"}],"version-history":[{"count":0,"href":"https:\/\/toolhouse.fi\/sv\/wp-json\/wp\/v2\/product\/31052\/revisions"}],"wp:featuredmedia":[{"embeddable":true,"href":"https:\/\/toolhouse.fi\/sv\/wp-json\/wp\/v2\/media\/31098"}],"wp:attachment":[{"href":"https:\/\/toolhouse.fi\/sv\/wp-json\/wp\/v2\/media?parent=31052"}],"wp:term":[{"taxonomy":"product_cat","embeddable":true,"href":"https:\/\/toolhouse.fi\/sv\/wp-json\/wp\/v2\/product_cat?post=31052"},{"taxonomy":"product_tag","embeddable":true,"href":"https:\/\/toolhouse.fi\/sv\/wp-json\/wp\/v2\/product_tag?post=31052"}],"curies":[{"name":"wp","href":"https:\/\/api.w.org\/{rel}","templated":true}]}}