{"id":31274,"date":"2026-02-12T16:38:04","date_gmt":"2026-02-12T14:38:04","guid":{"rendered":"https:\/\/toolhouse.fi\/?post_type=product&#038;p=31274"},"modified":"2026-04-17T12:34:54","modified_gmt":"2026-04-17T09:34:54","slug":"stort-faste-till-evo-45e","status":"publish","type":"product","link":"https:\/\/toolhouse.fi\/sv\/produkt\/stort-faste-till-evo-45e\/","title":{"rendered":"Stort f\u00e4ste till EVO-45E"},"content":{"rendered":"","protected":false},"excerpt":{"rendered":"<p>&nbsp;<\/p>\n<p>Golvf\u00e4sten f\u00f6r billyft som bultas fast i lyftens befintliga f\u00e4stplattor samt i golvet. De tre mittersta f\u00e4st\u00f6ronen monteras ovanp\u00e5 lyftens f\u00e4stplatta.<\/p>\n<p data-start=\"224\" data-end=\"349\">F\u00e4stena f\u00f6rdelar belastningen \u00f6ver en st\u00f6rre golvyta och ger fler inf\u00e4stningspunkter.<\/p>\n<p>&nbsp;<\/p>\n<ul>\n<li>L\u00e4ngd: 1400 mm<\/li>\n<li>Materialtjocklek: 80 x 60 x 5\u00a0 mm<\/li>\n<li>F\u00e4st\u00f6ron: 60 x 60 x 12 mm<\/li>\n<li>Bultar: M18 x 160<\/li>\n<li>Vikt: 32 kg<\/li>\n<\/ul>\n<p>&nbsp;<\/p>\n<p>Passar till:<\/p>\n<ul>\n<li class=\"product_title entry-title\"><a href=\"https:\/\/toolhouse.fi\/sv\/produkt\/evo-45e-230v\/\">EVO-45E 230V<\/a><\/li>\n<li><a href=\"https:\/\/toolhouse.fi\/sv\/produkt\/evo-45e-400v\/\">EVO-45E 400V<\/a><\/li>\n<\/ul>\n<p>Levereras parvis.<\/p>\n","protected":false},"featured_media":31894,"template":"","meta":{"_acf_changed":false,"_seopress_robots_primary_cat":"none","_seopress_titles_title":"","_seopress_titles_desc":"","_seopress_robots_index":""},"product_cat":[278,458,20,282],"product_tag":[],"class_list":{"0":"post-31274","1":"product","2":"type-product","3":"status-publish","4":"has-post-thumbnail","6":"product_cat-2-pelarlyft","7":"product_cat-fordonslyftar","8":"product_cat-lyftteknik","9":"product_cat-tillbehor-reservdelar","10":"product_shipping_class-k-160","12":"first","13":"instock","14":"taxable","15":"shipping-taxable","16":"purchasable","17":"product-type-simple","swatches":"rey-swatches","show_selected":""},"acf":[],"_links":{"self":[{"href":"https:\/\/toolhouse.fi\/sv\/wp-json\/wp\/v2\/product\/31274","targetHints":{"allow":["GET"]}}],"collection":[{"href":"https:\/\/toolhouse.fi\/sv\/wp-json\/wp\/v2\/product"}],"about":[{"href":"https:\/\/toolhouse.fi\/sv\/wp-json\/wp\/v2\/types\/product"}],"version-history":[{"count":5,"href":"https:\/\/toolhouse.fi\/sv\/wp-json\/wp\/v2\/product\/31274\/revisions"}],"predecessor-version":[{"id":31911,"href":"https:\/\/toolhouse.fi\/sv\/wp-json\/wp\/v2\/product\/31274\/revisions\/31911"}],"wp:featuredmedia":[{"embeddable":true,"href":"https:\/\/toolhouse.fi\/sv\/wp-json\/wp\/v2\/media\/31894"}],"wp:attachment":[{"href":"https:\/\/toolhouse.fi\/sv\/wp-json\/wp\/v2\/media?parent=31274"}],"wp:term":[{"taxonomy":"product_cat","embeddable":true,"href":"https:\/\/toolhouse.fi\/sv\/wp-json\/wp\/v2\/product_cat?post=31274"},{"taxonomy":"product_tag","embeddable":true,"href":"https:\/\/toolhouse.fi\/sv\/wp-json\/wp\/v2\/product_tag?post=31274"}],"curies":[{"name":"wp","href":"https:\/\/api.w.org\/{rel}","templated":true}]}}