{"id":31330,"date":"2026-02-13T16:17:21","date_gmt":"2026-02-13T14:17:21","guid":{"rendered":"https:\/\/toolhouse.fi\/?post_type=product&#038;p=31330"},"modified":"2026-02-16T16:39:14","modified_gmt":"2026-02-16T14:39:14","slug":"evolution-300-pro-55kw-400v-125bar","status":"publish","type":"product","link":"https:\/\/toolhouse.fi\/sv\/produkt\/evolution-300-pro-55kw-400v-125bar\/","title":{"rendered":"Evolution-300-PRO 5,5KW \/ 400V \/ 12,5bar"},"content":{"rendered":"<table>\n<tbody>\n<tr>\n<td><strong><span class=\"\">Tillverkare<\/span><\/strong><\/td>\n<td><strong>Evolution<\/strong><\/td>\n<\/tr>\n<tr>\n<td><strong>Modell<\/strong><\/td>\n<td><strong>300-pro<\/strong><\/td>\n<\/tr>\n<tr>\n<td><strong>Sugfl\u00f6de (L\/Min)<\/strong><\/td>\n<td><strong>670<\/strong><\/td>\n<\/tr>\n<tr>\n<td><\/td>\n<td><\/td>\n<\/tr>\n<tr>\n<td><strong>Tryck (bar)<\/strong><\/td>\n<td><strong>12,5<\/strong><\/td>\n<\/tr>\n<tr>\n<td><strong>Effekt (kW\/HP)<\/strong><\/td>\n<td><strong>5,5 \/ 7,5<\/strong><\/td>\n<\/tr>\n<tr>\n<td><strong>Tankvolym (L)<\/strong><\/td>\n<td><strong>300<\/strong><\/td>\n<\/tr>\n<tr>\n<td><strong>Cylinderantal<\/strong><\/td>\n<td><strong>2<\/strong><\/td>\n<\/tr>\n<tr>\n<td><\/td>\n<td><\/td>\n<\/tr>\n<tr>\n<td><strong>Bredd (mm)<\/strong><\/td>\n<td><strong>520<\/strong><\/td>\n<\/tr>\n<tr>\n<td><strong>H\u00f6jd (mm)<\/strong><\/td>\n<td><strong>1190<\/strong><\/td>\n<\/tr>\n<tr>\n<td><strong>L\u00e4ngd (mm)<\/strong><\/td>\n<td><strong><span class=\"goog-text-highlight\">1610<\/span><\/strong><\/td>\n<\/tr>\n<\/tbody>\n<\/table>\n<table>\n<tbody>\n<tr>\n<td><strong>Vikt (kg)\u00a0 \u00a0 \u00a0 \u00a0 \u00a0 \u00a0 \u00a0 \u00a0 \u00a0<\/strong><\/td>\n<td><strong>220\u00a0 \u00a0 \u00a0 \u00a0 \u00a0 \u00a0 \u00a0 \u00a0 \u00a0 \u00a0 \u00a0 \u00a0 \u00a0 \u00a0 \u00a0 \u00a0 \u00a0 \u00a0 \u00a0 \u00a0<\/strong><\/td>\n<\/tr>\n<tr>\n<td><strong>Sp\u00e4nning (V)<\/strong><\/td>\n<td><strong>400<\/strong><\/td>\n<\/tr>\n<tr>\n<td><\/td>\n<td><\/td>\n<\/tr>\n<tr>\n<td><strong>Ce-m\u00e4rkt<\/strong><\/td>\n<td><strong>Ja<\/strong><\/td>\n<\/tr>\n<tr>\n<td><strong>Garanti<\/strong><\/td>\n<td><strong>12 M\u00e5nader<\/strong><\/td>\n<\/tr>\n<\/tbody>\n<\/table>\n","protected":false},"excerpt":{"rendered":"<p>&nbsp;<\/p>\n<h2 data-start=\"105\" data-end=\"173\">EVO-300 Pro \u2013 Kraftfull 2-stegskompressor<\/h2>\n<ul>\n<li data-start=\"175\" data-end=\"343\">Maxtryck: 12,5 bar<\/li>\n<li data-start=\"175\" data-end=\"343\">Motoreffekt: 5,5 kW \/ 7,5 hk<\/li>\n<li data-start=\"175\" data-end=\"343\">Tankvolym: 300 liter<\/li>\n<li data-start=\"175\" data-end=\"343\">Sugkapacitet: 670 L\/min<\/li>\n<li>Tv\u00e5stegs komprimering<\/li>\n<li data-start=\"175\" data-end=\"343\">Motor: 2-cylindrig<\/li>\n<\/ul>\n<p data-start=\"345\" data-end=\"563\">EVO-300 Pro \u00e4r en kraftfull och drifts\u00e4ker kompressor utvecklad f\u00f6r kr\u00e4vande anv\u00e4ndning. Med tv\u00e5stegskomprimering levererar den h\u00f6g prestanda, b\u00e4ttre effektivitet och stabilt lufttryck upp till 12,5 bar.<\/p>\n<p data-start=\"565\" data-end=\"721\">Den stora 300-liters tanken tillsammans med en sugkapacitet p\u00e5 670 L\/min g\u00f6r den idealisk f\u00f6r verktyg och arbeten som kr\u00e4ver j\u00e4mn och h\u00f6g lufttillf\u00f6rsel.<\/p>\n<div class=\"flex flex-col text-sm\">\n<article class=\"text-token-text-primary w-full focus:outline-none [--shadow-height:45px] has-data-writing-block:pointer-events-none has-data-writing-block:-mt-(--shadow-height) has-data-writing-block:pt-(--shadow-height) [&amp;:has([data-writing-block])&gt;*]:pointer-events-auto scroll-mt-[calc(var(--header-height)+min(200px,max(70px,20svh)))]\" dir=\"auto\" tabindex=\"-1\" data-turn-id=\"request-WEB:3708edc8-278a-4de7-9463-319c44da51b1-4\" data-testid=\"conversation-turn-10\" data-scroll-anchor=\"true\" data-turn=\"assistant\">\n<div class=\"text-base my-auto mx-auto pb-10 [--thread-content-margin:--spacing(4)] @w-sm\/main:[--thread-content-margin:--spacing(6)] @w-lg\/main:[--thread-content-margin:--spacing(16)] px-(--thread-content-margin)\">\n<div class=\"[--thread-content-max-width:40rem] @w-lg\/main:[--thread-content-max-width:48rem] mx-auto max-w-(--thread-content-max-width) flex-1 group\/turn-messages focus-visible:outline-hidden relative flex w-full min-w-0 flex-col agent-turn\" tabindex=\"-1\">\n<div class=\"flex max-w-full flex-col grow\">\n<div class=\"min-h-8 text-message relative flex w-full flex-col items-end gap-2 text-start break-words whitespace-normal [.text-message+&amp;]:mt-1\" dir=\"auto\" data-message-author-role=\"assistant\" data-message-id=\"35be8aed-db58-45eb-89e2-233289add082\" data-message-model-slug=\"gpt-5-2\">\n<div class=\"flex w-full flex-col gap-1 empty:hidden first:pt-[1px]\">\n<div class=\"markdown prose dark:prose-invert w-full wrap-break-word light markdown-new-styling\">\n<p data-start=\"12\" data-end=\"101\" data-is-last-node=\"\" data-is-only-node=\"\">Ett stort sv\u00e4nghjul samt stora mellan- och efterkylare s\u00e4kerst\u00e4ller effektiv kylning. Remhjul och cylindrar \u00e4t tillverkade i gjutj\u00e4rn.<\/p>\n<\/div>\n<\/div>\n<\/div>\n<\/div>\n<div class=\"z-0 flex min-h-[46px] justify-start\"><span style=\"color: #484f56; font-size: 1.125rem;\">Fyra hjul ger b\u00e4ttre stabilitet och g\u00f6r kompressorn l\u00e4tt att flytta. Till skillnad fr\u00e5n trehjuliga modeller st\u00e5r EVO-300 Pro stadigt och tippar inte.<\/span><\/div>\n<div><\/div>\n<\/div>\n<\/div>\n<\/article>\n<\/div>\n<h3 data-start=\"723\" data-end=\"750\">Klar att anv\u00e4nda<\/h3>\n<ul>\n<li data-start=\"753\" data-end=\"789\">Tryckregulator med tv\u00e5 luftuttag<\/li>\n<li data-start=\"792\" data-end=\"824\">Extra luftuttag direkt fr\u00e5n tanken<\/li>\n<li data-start=\"827\" data-end=\"871\">F\u00f6rberedd f\u00f6r ytterligare fyra luftuttag(3x 1\/2&#8243;, 1x 1\/4&#8243;)<\/li>\n<li data-start=\"827\" data-end=\"871\">Elkabel och 16 A stickpropp \u00e4r f\u00e4rdigmonterade<\/li>\n<\/ul>\n<p data-start=\"1018\" data-end=\"1167\">\n","protected":false},"featured_media":31355,"template":"","meta":{"_acf_changed":false,"_seopress_robots_primary_cat":"none","_seopress_titles_title":"","_seopress_titles_desc":"","_seopress_robots_index":""},"product_cat":[317,216],"product_tag":[],"class_list":{"0":"post-31330","1":"product","2":"type-product","3":"status-publish","4":"has-post-thumbnail","6":"product_cat-kompressorer","7":"product_cat-tryckluft-och-kompressor","9":"first","10":"instock","11":"taxable","12":"shipping-taxable","13":"purchasable","14":"product-type-simple","swatches":"rey-swatches","show_selected":""},"acf":[],"_links":{"self":[{"href":"https:\/\/toolhouse.fi\/sv\/wp-json\/wp\/v2\/product\/31330","targetHints":{"allow":["GET"]}}],"collection":[{"href":"https:\/\/toolhouse.fi\/sv\/wp-json\/wp\/v2\/product"}],"about":[{"href":"https:\/\/toolhouse.fi\/sv\/wp-json\/wp\/v2\/types\/product"}],"version-history":[{"count":5,"href":"https:\/\/toolhouse.fi\/sv\/wp-json\/wp\/v2\/product\/31330\/revisions"}],"predecessor-version":[{"id":31456,"href":"https:\/\/toolhouse.fi\/sv\/wp-json\/wp\/v2\/product\/31330\/revisions\/31456"}],"wp:featuredmedia":[{"embeddable":true,"href":"https:\/\/toolhouse.fi\/sv\/wp-json\/wp\/v2\/media\/31355"}],"wp:attachment":[{"href":"https:\/\/toolhouse.fi\/sv\/wp-json\/wp\/v2\/media?parent=31330"}],"wp:term":[{"taxonomy":"product_cat","embeddable":true,"href":"https:\/\/toolhouse.fi\/sv\/wp-json\/wp\/v2\/product_cat?post=31330"},{"taxonomy":"product_tag","embeddable":true,"href":"https:\/\/toolhouse.fi\/sv\/wp-json\/wp\/v2\/product_tag?post=31330"}],"curies":[{"name":"wp","href":"https:\/\/api.w.org\/{rel}","templated":true}]}}