{"id":31361,"date":"2026-02-14T15:10:10","date_gmt":"2026-02-14T13:10:10","guid":{"rendered":"https:\/\/toolhouse.fi\/?post_type=product&#038;p=31361"},"modified":"2026-02-17T15:47:51","modified_gmt":"2026-02-17T13:47:51","slug":"sm26jf-pro-10-24%e2%80%b3","status":"publish","type":"product","link":"https:\/\/toolhouse.fi\/sv\/produkt\/sm26jf-pro-10-24%e2%80%b3\/","title":{"rendered":"SM26JF PRO 10-24\u2033"},"content":{"rendered":"<table border=\"0\" width=\"587\" cellspacing=\"0\" cellpadding=\"2\">\n<tbody>\n<tr>\n<td width=\"258\"><strong>Typ\u00a0:<\/strong><\/p>\n<p><strong>Tillverkare :<\/strong><\/p>\n<p><strong>Modell :<\/strong><\/td>\n<td width=\"322\">Halvautomatisk<\/p>\n<p>Smart Equipment<\/p>\n<p>SM26JF PRO<\/td>\n<\/tr>\n<tr>\n<td bgcolor=\"#f1f1f1\" width=\"258\"><b>Sp\u00e4nning\u00a0:<\/b><\/td>\n<td bgcolor=\"#f1f1f1\" width=\"322\">230V 50Hz<\/td>\n<\/tr>\n<tr>\n<td width=\"258\"><b>Rotationshastighet:<\/b><\/td>\n<td width=\"322\">6 rpm<\/td>\n<\/tr>\n<tr>\n<td bgcolor=\"#f1f1f1\" width=\"258\"><b>Presstryck<\/b><\/td>\n<td bgcolor=\"#f1f1f1\" width=\"322\">2500 kg<\/td>\n<\/tr>\n<tr>\n<td width=\"258\"><b>Maximal hjuldiameter\u00a0:<\/b><\/td>\n<td width=\"322\">1040 mm<\/td>\n<\/tr>\n<tr>\n<td bgcolor=\"#f1f1f1\" width=\"258\"><b>Maximal hjulbredd\u00a0:<\/b><\/td>\n<td bgcolor=\"#f1f1f1\" width=\"322\">355 mm<\/td>\n<\/tr>\n<tr>\n<td width=\"258\"><b>F\u00e4lgstorlek inv\u00e4ndig\u00a0:<\/b><\/td>\n<td width=\"322\">\u00a012\u201c- 24\u201d<\/td>\n<\/tr>\n<tr>\n<td bgcolor=\"#f1f1f1\" width=\"258\"><b>F\u00e4lgstorlek utv\u00e4ndig<\/b><\/td>\n<td bgcolor=\"#f1f1f1\" width=\"322\">\u00a010\u201c- 21\u201d<\/td>\n<\/tr>\n<tr>\n<td width=\"258\"><b>Lufttryck:<\/b><\/td>\n<td width=\"322\">8 \u2013 10 Bar<\/td>\n<\/tr>\n<tr>\n<td bgcolor=\"#f1f1f1\" width=\"258\"><b>Ljudniv\u00e5\u00a0:<\/b><\/td>\n<td bgcolor=\"#f1f1f1\" width=\"322\">&lt;75 dB<\/td>\n<\/tr>\n<tr>\n<td width=\"258\"><b>Motoreffekt\u00a0:<\/b><\/td>\n<td width=\"322\">0,75 kW<\/td>\n<\/tr>\n<tr>\n<td bgcolor=\"#f1f1f1\" width=\"258\"><b>Vikt :<\/b><\/td>\n<td bgcolor=\"#f1f1f1\" width=\"322\">230 kg<\/td>\n<\/tr>\n<tr>\n<td width=\"258\"><b>Dimensioner (H x D x B)\u00a0:<\/b><\/p>\n<p><strong>Ce-godk\u00e4nd :<\/strong><\/p>\n<p><strong>Garanti :<\/strong><\/td>\n<td width=\"322\">.<\/p>\n<p>Ja<\/p>\n<p>12 m\u00e5nader<\/td>\n<\/tr>\n<tr>\n<td bgcolor=\"#f1f1f1\" width=\"258\"><b>Standardutrustning\u00a0:<\/b><\/td>\n<td bgcolor=\"#f1f1f1\" width=\"322\">Tryckregulator med sm\u00f6rjare och vattenavskiljare.<\/p>\n<p>D\u00e4ckj\u00e4rn.<\/p>\n<p>Luftp\u00e5fyllare<\/p>\n<p>Plastskydd till monterinshuvud.<\/p>\n<p>Plastskydd till k\u00e4ftar.<\/p>\n<p>Plastskydd till klinchpress.<\/p>\n<p>&nbsp;<\/p>\n<p>&nbsp;<\/td>\n<\/tr>\n<\/tbody>\n<\/table>\n","protected":false},"excerpt":{"rendered":"<p>&nbsp;<\/p>\n<h2 data-start=\"68\" data-end=\"109\">D\u00e4ckmaskin med hj\u00e4lparmar \u2013 SM26JF PRO<\/h2>\n<p data-start=\"111\" data-end=\"223\">SM26JF PRO \u00e4r utrustad med dubbla pneumatiska hj\u00e4lparmar som avsev\u00e4rt underl\u00e4ttar arbetet med l\u00e5gprofild\u00e4ck.<\/p>\n<ul>\n<li data-start=\"247\" data-end=\"292\">F\u00e4lgstorlek, inv\u00e4ndig: 12&#8243;\u201324&#8243;<\/li>\n<li data-start=\"295\" data-end=\"340\">F\u00e4lgstorlek, utv\u00e4ndig: 10&#8243;\u201321&#8243;<\/li>\n<li data-start=\"343\" data-end=\"374\">Maximal hjuldiameter: 1040 mm<\/li>\n<li data-start=\"377\" data-end=\"404\">Maximal hjulbredd: 355 mm<\/li>\n<li data-start=\"407\" data-end=\"428\">Presskraft: 2500 kg<\/li>\n<li data-start=\"431\" data-end=\"456\">Str\u00f6mf\u00f6rs\u00f6rjning: 230 V<\/li>\n<li data-start=\"459\" data-end=\"473\">Vikt: 230 kg<\/li>\n<\/ul>\n<p data-start=\"475\" data-end=\"497\"><strong>Standardutrustning<\/strong><\/p>\n<ul>\n<li data-start=\"500\" data-end=\"528\">Luftp\u00e5fyllare<\/li>\n<li data-start=\"531\" data-end=\"563\">Plastskydd f\u00f6r monteringshuvud<\/li>\n<li data-start=\"566\" data-end=\"595\">Plastskydd f\u00f6r bordets klor<\/li>\n<li data-start=\"598\" data-end=\"626\">Plastskydd f\u00f6r klinchpress<\/li>\n<li data-start=\"598\" data-end=\"626\">D\u00e4ckj\u00e4rn<\/li>\n<\/ul>\n","protected":false},"featured_media":31389,"template":"","meta":{"_acf_changed":false,"_seopress_robots_primary_cat":"none","_seopress_titles_title":"","_seopress_titles_desc":"","_seopress_robots_index":""},"product_cat":[18,186,591],"product_tag":[],"class_list":{"0":"post-31361","1":"product","2":"type-product","3":"status-publish","4":"has-post-thumbnail","6":"product_cat-dackarbete","7":"product_cat-dackmaskiner","8":"product_cat-dackmonteringsmaskiner","10":"first","11":"instock","12":"sale","13":"taxable","14":"shipping-taxable","15":"purchasable","16":"product-type-simple","swatches":"rey-swatches","show_selected":""},"acf":[],"_links":{"self":[{"href":"https:\/\/toolhouse.fi\/sv\/wp-json\/wp\/v2\/product\/31361","targetHints":{"allow":["GET"]}}],"collection":[{"href":"https:\/\/toolhouse.fi\/sv\/wp-json\/wp\/v2\/product"}],"about":[{"href":"https:\/\/toolhouse.fi\/sv\/wp-json\/wp\/v2\/types\/product"}],"version-history":[{"count":5,"href":"https:\/\/toolhouse.fi\/sv\/wp-json\/wp\/v2\/product\/31361\/revisions"}],"predecessor-version":[{"id":31364,"href":"https:\/\/toolhouse.fi\/sv\/wp-json\/wp\/v2\/product\/31361\/revisions\/31364"}],"wp:featuredmedia":[{"embeddable":true,"href":"https:\/\/toolhouse.fi\/sv\/wp-json\/wp\/v2\/media\/31389"}],"wp:attachment":[{"href":"https:\/\/toolhouse.fi\/sv\/wp-json\/wp\/v2\/media?parent=31361"}],"wp:term":[{"taxonomy":"product_cat","embeddable":true,"href":"https:\/\/toolhouse.fi\/sv\/wp-json\/wp\/v2\/product_cat?post=31361"},{"taxonomy":"product_tag","embeddable":true,"href":"https:\/\/toolhouse.fi\/sv\/wp-json\/wp\/v2\/product_tag?post=31361"}],"curies":[{"name":"wp","href":"https:\/\/api.w.org\/{rel}","templated":true}]}}