{"id":31393,"date":"2026-02-15T13:43:02","date_gmt":"2026-02-15T11:43:02","guid":{"rendered":"https:\/\/toolhouse.fi\/?post_type=product&#038;p=31393"},"modified":"2026-02-17T15:08:21","modified_gmt":"2026-02-17T13:08:21","slug":"fjaderkompressor-lufthydraulisk-1t","status":"publish","type":"product","link":"https:\/\/toolhouse.fi\/sv\/produkt\/fjaderkompressor-lufthydraulisk-1t\/","title":{"rendered":"Fj\u00e4derkompressor lufthydraulisk 1T"},"content":{"rendered":"<table class=\"n54117_dictionary\">\n<tbody>\n<tr>\n<td class=\"n54117_item_a1\"><span class=\"n67256colon\">Tillverkare:<\/span><\/td>\n<td class=\"n54117_item_b1\">\n<div class=\"n54117_item_b_sub\"><span class=\"n54117_name_sub\">Evolution<\/span><\/div>\n<\/td>\n<\/tr>\n<tr>\n<td class=\"n54117_item_a2\"><span class=\"n67256colon\">Modell:<\/span><\/td>\n<td class=\"n54117_item_b2\">\n<div class=\"n54117_item_b_sub\">1T<\/div>\n<\/td>\n<\/tr>\n<tr>\n<td class=\"n54117_item_a1\">Typ:<\/td>\n<td class=\"n54117_item_b1\">\n<div class=\"n54117_item_b_sub\">Lufthydraulisk fj\u00e4derkompressor<\/div>\n<\/td>\n<\/tr>\n<tr>\n<td class=\"n54117_item_a2\">L\u00e4ngd:<\/td>\n<td class=\"n54117_item_b2\">\n<div class=\"n54117_item_b_sub\">490 mm<\/div>\n<\/td>\n<\/tr>\n<tr>\n<td class=\"n54117_item_a1\">Bredd:<\/td>\n<td class=\"n54117_item_b1\">\n<div class=\"n54117_item_b_sub\">375 mm<\/div>\n<\/td>\n<\/tr>\n<tr>\n<td class=\"n54117_item_a2\">H\u00f6jd:<\/td>\n<td class=\"n54117_item_b2\">1180 mm<\/td>\n<\/tr>\n<tr>\n<td class=\"n54117_item_a1\">Vikt:<\/td>\n<td class=\"n54117_item_b1\">40 kg<\/td>\n<\/tr>\n<tr>\n<td class=\"n54117_item_a2\">Kapacitet:<\/td>\n<td class=\"n54117_item_b2\">1000 kg<\/td>\n<\/tr>\n<tr>\n<td class=\"n54117_item_a1\">Slagl\u00e4ngd cylinder:<\/td>\n<td class=\"n54117_item_b1\">350 mm<\/td>\n<\/tr>\n<tr>\n<td class=\"n54117_item_a2\">Arbetsomr\u00e5de:<\/td>\n<td class=\"n54117_item_b2\">upp till 500 mm<\/td>\n<\/tr>\n<tr>\n<td class=\"n54117_item_a1\">Inkluderat:<\/td>\n<td class=\"n54117_item_b1\">2 st fj\u00e4derkl\u00e4mmor 90 &#8211; 135 mm<\/p>\n<p>2 st fj\u00e4derkl\u00e4mmor 100 &#8211; 177 mm<\/p>\n<p>S\u00e4kerhetskedja<\/p>\n<p>Tryckluftsslang med handventil<\/td>\n<\/tr>\n<tr>\n<td class=\"n54117_item_a2\"><span class=\"n67256colon\">CE-m\u00e4rkt:<\/span><\/td>\n<td class=\"n54117_item_b2\">Ja<\/td>\n<\/tr>\n<tr>\n<td class=\"n54117_item_a1\">Garanti\u00a0<span class=\"n67256colon\">:<\/span><\/td>\n<td class=\"n54117_item_b1\">12 m\u00e5nader<\/td>\n<\/tr>\n<tr>\n<td class=\"n54117_item_a2\"><\/td>\n<td class=\"n54117_item_b2\"><\/td>\n<\/tr>\n<tr>\n<td class=\"n54117_item_a1\"><\/td>\n<td class=\"n54117_item_b1\"><\/td>\n<\/tr>\n<tr>\n<td class=\"n54117_item_a2\"><\/td>\n<td class=\"n54117_item_b2\">\n<div class=\"n54117_item_b_sub\"><\/div>\n<\/td>\n<\/tr>\n<tr>\n<td class=\"n54117_item_a1\"><\/td>\n<td class=\"n54117_item_b1\">\n<div class=\"n54117_item_b_sub\"><\/div>\n<\/td>\n<\/tr>\n<\/tbody>\n<\/table>\n","protected":false},"excerpt":{"rendered":"<p>Mycket stabil fj\u00e4dersp\u00e4nnare fr\u00e5n Evolution med 1000 kg kapacitet.<\/p>\n<p>Utrustad med b\u00e5de fotpedal och tryckluftspump f\u00f6r komprimering av fj\u00e4dern.<\/p>\n<ul>\n<li>2 st fj\u00e4derkl\u00e4mmor 90 &#8211; 135 mm<\/li>\n<li>2 st fj\u00e4derkl\u00e4mmor 100 &#8211; 177 mm<\/li>\n<li>Fotpedal f\u00f6r komprimering<\/li>\n<li>Fotpedal f\u00f6r dekomprimering<\/li>\n<li>Tryckluftshandtag f\u00f6r komprimering<\/li>\n<li>S\u00e4kerhetskedja<\/li>\n<li>Justerm\u00e5n upp till 500mm<\/li>\n<li>Maximal kapacitet 1000 kg<\/li>\n<li>H\u00f6jd: 1180mm<\/li>\n<li>Vikt: 40 kg<\/li>\n<\/ul>\n","protected":false},"featured_media":31397,"template":"","meta":{"_acf_changed":false,"_seopress_robots_primary_cat":"none","_seopress_titles_title":"","_seopress_titles_desc":"","_seopress_robots_index":""},"product_cat":[338,585,21],"product_tag":[],"class_list":{"0":"post-31393","1":"product","2":"type-product","3":"status-publish","4":"has-post-thumbnail","6":"product_cat-fordonsverktyg","7":"product_cat-verktyg-for-underrede-och-transmission","8":"product_cat-verkstadsutrustning","9":"product_shipping_class-268","11":"first","12":"instock","13":"taxable","14":"shipping-taxable","15":"purchasable","16":"product-type-simple","swatches":"rey-swatches","show_selected":""},"acf":[],"_links":{"self":[{"href":"https:\/\/toolhouse.fi\/sv\/wp-json\/wp\/v2\/product\/31393","targetHints":{"allow":["GET"]}}],"collection":[{"href":"https:\/\/toolhouse.fi\/sv\/wp-json\/wp\/v2\/product"}],"about":[{"href":"https:\/\/toolhouse.fi\/sv\/wp-json\/wp\/v2\/types\/product"}],"version-history":[{"count":5,"href":"https:\/\/toolhouse.fi\/sv\/wp-json\/wp\/v2\/product\/31393\/revisions"}],"predecessor-version":[{"id":31437,"href":"https:\/\/toolhouse.fi\/sv\/wp-json\/wp\/v2\/product\/31393\/revisions\/31437"}],"wp:featuredmedia":[{"embeddable":true,"href":"https:\/\/toolhouse.fi\/sv\/wp-json\/wp\/v2\/media\/31397"}],"wp:attachment":[{"href":"https:\/\/toolhouse.fi\/sv\/wp-json\/wp\/v2\/media?parent=31393"}],"wp:term":[{"taxonomy":"product_cat","embeddable":true,"href":"https:\/\/toolhouse.fi\/sv\/wp-json\/wp\/v2\/product_cat?post=31393"},{"taxonomy":"product_tag","embeddable":true,"href":"https:\/\/toolhouse.fi\/sv\/wp-json\/wp\/v2\/product_tag?post=31393"}],"curies":[{"name":"wp","href":"https:\/\/api.w.org\/{rel}","templated":true}]}}