{"id":31490,"date":"2026-02-17T13:02:25","date_gmt":"2026-02-17T11:02:25","guid":{"rendered":"https:\/\/toolhouse.fi\/?post_type=product&#038;p=31490"},"modified":"2026-02-17T15:00:37","modified_gmt":"2026-02-17T13:00:37","slug":"hjullagerverktyg-vag-72-mm","status":"publish","type":"product","link":"https:\/\/toolhouse.fi\/sv\/produkt\/hjullagerverktyg-vag-72-mm\/","title":{"rendered":"Hjullagerverktyg VAG 72 mm"},"content":{"rendered":"","protected":false},"excerpt":{"rendered":"<p><strong>Professionellt verktyg f\u00f6r att avl\u00e4gsna 72 mm nav p\u00e5 Audi, Seat, Skoda och VW<\/strong><\/p>\n<p>Verktyg som \u00e4r designat f\u00f6r att demontera hjullager och nav med diameter p\u00e5 72 mm, som anv\u00e4nds p\u00e5 VW-bilar. Verktyget m\u00f6jligg\u00f6r enkelt och snabbt byte av hjulnavet direkt p\u00e5 bilen utan att beh\u00f6va demontera fj\u00e4dringskomponenter.<\/p>\n<div class=\"mb-2 flex gap-3 empty:hidden -ml-2\">\n<div class=\"items-center justify-start rounded-xl p-1 flex\">\n<div class=\"flex items-center\">\n<div class=\"flex items-center pb-0\"><\/div>\n<\/div>\n<\/div>\n<\/div>\n<p><strong>Produktfunktioner:<\/strong><\/p>\n<ul>\n<li>H\u00f6gkvalitativt utf\u00f6rande<\/li>\n<li>Snabb och enkel ers\u00e4ttning av hjulnav<\/li>\n<li>Demontering av navet utan att ta bort fj\u00e4dringsdelar<\/li>\n<li>M\u00f6jligg\u00f6r demontering av nav-lager i r\u00e4tt vinkel<\/li>\n<li>Till VAG bilar med 72mm hjullager<\/li>\n<li>Obs: Se till att g\u00e4ngst\u00e5ngen och trycklagret \u00e4r v\u00e4l smorda med fett f\u00f6re anv\u00e4ndning, mutterdragare f\u00e5r ej anv\u00e4ndas<\/li>\n<\/ul>\n<p><strong>Anv\u00e4ndningsomr\u00e5den:<\/strong><\/p>\n<p><strong>Audi<\/strong><\/p>\n<ul>\n<li>A1. 2011 och fram\u00e5t<\/li>\n<li>A2. 2000 och fram\u00e5t<\/li>\n<\/ul>\n<p><strong>Seat<\/strong><\/p>\n<p>Ibiza. 2002 och fram\u00e5t<\/p>\n<p><strong>Skoda<\/strong><\/p>\n<ul>\n<li>Fabia. 2000 och fram\u00e5t<\/li>\n<\/ul>\n<p><strong>Volkswagen<\/strong><\/p>\n<ul>\n<li>Fox. 2005 och fram\u00e5t<\/li>\n<li>Polo. 2002 och fram\u00e5t<\/li>\n<\/ul>\n<p><strong>Inneh\u00e5ll i satsen:<\/strong><\/p>\n<ul>\n<li>Tryckplatta<\/li>\n<li>Distansstift f\u00f6r tryckplatta<\/li>\n<li>G\u00e4ngst\u00e5ng M20 x 2.0 med lager<\/li>\n<li>Mutter<\/li>\n<li>Pressring f\u00f6r hjulnav och lager<\/li>\n<li>Centralring f\u00f6r att pressa ut lagret och navet<\/li>\n<li>Adapterskruvar<\/li>\n<li>Adaptrar f\u00f6r att pressa ut nav och lager<\/li>\n<li>Distansring f\u00f6r att pressa ut lagret och navet<\/li>\n<li>F\u00f6rvaringsl\u00e5da i plast<\/li>\n<\/ul>\n<p>Tillverkare: Smart equipment<\/p>\n","protected":false},"featured_media":31496,"template":"","meta":{"_acf_changed":false,"_seopress_robots_primary_cat":"none","_seopress_titles_title":"","_seopress_titles_desc":"","_seopress_robots_index":""},"product_cat":[338,585,21],"product_tag":[],"class_list":{"0":"post-31490","1":"product","2":"type-product","3":"status-publish","4":"has-post-thumbnail","6":"product_cat-fordonsverktyg","7":"product_cat-verktyg-for-underrede-och-transmission","8":"product_cat-verkstadsutrustning","10":"first","11":"instock","12":"taxable","13":"shipping-taxable","14":"purchasable","15":"product-type-simple","swatches":"rey-swatches","show_selected":""},"acf":[],"_links":{"self":[{"href":"https:\/\/toolhouse.fi\/sv\/wp-json\/wp\/v2\/product\/31490","targetHints":{"allow":["GET"]}}],"collection":[{"href":"https:\/\/toolhouse.fi\/sv\/wp-json\/wp\/v2\/product"}],"about":[{"href":"https:\/\/toolhouse.fi\/sv\/wp-json\/wp\/v2\/types\/product"}],"version-history":[{"count":2,"href":"https:\/\/toolhouse.fi\/sv\/wp-json\/wp\/v2\/product\/31490\/revisions"}],"predecessor-version":[{"id":31494,"href":"https:\/\/toolhouse.fi\/sv\/wp-json\/wp\/v2\/product\/31490\/revisions\/31494"}],"wp:featuredmedia":[{"embeddable":true,"href":"https:\/\/toolhouse.fi\/sv\/wp-json\/wp\/v2\/media\/31496"}],"wp:attachment":[{"href":"https:\/\/toolhouse.fi\/sv\/wp-json\/wp\/v2\/media?parent=31490"}],"wp:term":[{"taxonomy":"product_cat","embeddable":true,"href":"https:\/\/toolhouse.fi\/sv\/wp-json\/wp\/v2\/product_cat?post=31490"},{"taxonomy":"product_tag","embeddable":true,"href":"https:\/\/toolhouse.fi\/sv\/wp-json\/wp\/v2\/product_tag?post=31490"}],"curies":[{"name":"wp","href":"https:\/\/api.w.org\/{rel}","templated":true}]}}