{"id":31502,"date":"2026-02-17T15:06:59","date_gmt":"2026-02-17T13:06:59","guid":{"rendered":"https:\/\/toolhouse.fi\/?post_type=product&#038;p=31502"},"modified":"2026-02-19T16:37:35","modified_gmt":"2026-02-19T14:37:35","slug":"rak-kapmaskin-75-mm-rotake","status":"publish","type":"product","link":"https:\/\/toolhouse.fi\/sv\/produkt\/rak-kapmaskin-75-mm-rotake\/","title":{"rendered":"Rak kapmaskin, 75 mm Rotake"},"content":{"rendered":"","protected":false},"excerpt":{"rendered":"<p data-start=\"91\" data-end=\"142\"><strong data-start=\"91\" data-end=\"140\">ROTAKE RT3701-C \u2013 pneumatisk kapmaskin<\/strong><\/p>\n<p data-start=\"144\" data-end=\"354\">Kraftfull och l\u00e4tt kapmaskin (0,77 kg), perfekt f\u00f6r kaross- och metallarbete. Med en hastighet p\u00e5 upp till 20 000 varv\/min sk\u00e4r den snabbt och effektivt pl\u00e5t, skruvar, r\u00f6r, plast och kompositmaterial. Det bekv\u00e4ma gummikl\u00e4dda handtaget g\u00f6r maskinen enkel och behaglig att h\u00e5lla i, \u00e4ven vid l\u00e4ngre anv\u00e4ndning.<\/p>\n<p data-start=\"356\" data-end=\"371\"><strong data-start=\"356\" data-end=\"369\">F\u00f6rdelar:<\/strong><\/p>\n<ul>\n<li data-start=\"374\" data-end=\"432\">Liten och smidig \u2013 enkel att anv\u00e4nda \u00e4ven p\u00e5 tr\u00e5nga ytor<\/li>\n<li data-start=\"435\" data-end=\"465\">Bekv\u00e4mt grepp<\/li>\n<li data-start=\"468\" data-end=\"502\">H\u00f6g hastighet f\u00f6r snabb sk\u00e4rning<\/li>\n<li data-start=\"505\" data-end=\"560\">M\u00e5ngsidig \u2013 passar metall, pl\u00e5t, plast och kompositer<\/li>\n<\/ul>\n<p data-start=\"617\" data-end=\"637\"><strong data-start=\"617\" data-end=\"635\">Tekniska data:<\/strong><\/p>\n<ul>\n<li data-start=\"640\" data-end=\"666\">Skivdiameter: 3&#8243; (75 mm)<\/li>\n<li data-start=\"669\" data-end=\"706\">Rotationshastighet: 20 000 varv\/min<\/li>\n<li data-start=\"709\" data-end=\"731\">Arbetsstryck: 90 psi \/ 6,2 bar<\/li>\n<li data-start=\"734\" data-end=\"758\">Luftf\u00f6rbrukning: 140 l\/min<\/li>\n<li data-start=\"761\" data-end=\"776\">Vikt: 0,77 kg<\/li>\n<li data-start=\"761\" data-end=\"776\">L\u00e4ngd: 185 mm<\/li>\n<\/ul>\n","protected":false},"featured_media":31508,"template":"","meta":{"_acf_changed":false,"_seopress_robots_primary_cat":"none","_seopress_titles_title":"","_seopress_titles_desc":"","_seopress_robots_index":""},"product_cat":[216,330],"product_tag":[],"class_list":{"0":"post-31502","1":"product","2":"type-product","3":"status-publish","4":"has-post-thumbnail","6":"product_cat-tryckluft-och-kompressor","7":"product_cat-tryckluft-ovrigt","9":"first","10":"instock","11":"taxable","12":"shipping-taxable","13":"purchasable","14":"product-type-simple","swatches":"rey-swatches","show_selected":""},"acf":[],"_links":{"self":[{"href":"https:\/\/toolhouse.fi\/sv\/wp-json\/wp\/v2\/product\/31502","targetHints":{"allow":["GET"]}}],"collection":[{"href":"https:\/\/toolhouse.fi\/sv\/wp-json\/wp\/v2\/product"}],"about":[{"href":"https:\/\/toolhouse.fi\/sv\/wp-json\/wp\/v2\/types\/product"}],"version-history":[{"count":4,"href":"https:\/\/toolhouse.fi\/sv\/wp-json\/wp\/v2\/product\/31502\/revisions"}],"predecessor-version":[{"id":31526,"href":"https:\/\/toolhouse.fi\/sv\/wp-json\/wp\/v2\/product\/31502\/revisions\/31526"}],"wp:featuredmedia":[{"embeddable":true,"href":"https:\/\/toolhouse.fi\/sv\/wp-json\/wp\/v2\/media\/31508"}],"wp:attachment":[{"href":"https:\/\/toolhouse.fi\/sv\/wp-json\/wp\/v2\/media?parent=31502"}],"wp:term":[{"taxonomy":"product_cat","embeddable":true,"href":"https:\/\/toolhouse.fi\/sv\/wp-json\/wp\/v2\/product_cat?post=31502"},{"taxonomy":"product_tag","embeddable":true,"href":"https:\/\/toolhouse.fi\/sv\/wp-json\/wp\/v2\/product_tag?post=31502"}],"curies":[{"name":"wp","href":"https:\/\/api.w.org\/{rel}","templated":true}]}}