{"id":31529,"date":"2026-02-17T16:45:02","date_gmt":"2026-02-17T14:45:02","guid":{"rendered":"https:\/\/toolhouse.fi\/?post_type=product&#038;p=31529"},"modified":"2026-02-19T16:41:59","modified_gmt":"2026-02-19T14:41:59","slug":"silentlager-verktygssats-for-bmw","status":"publish","type":"product","link":"https:\/\/toolhouse.fi\/sv\/produkt\/silentlager-verktygssats-for-bmw\/","title":{"rendered":"Silentlager-verktygssats f\u00f6r BMW"},"content":{"rendered":"","protected":false},"excerpt":{"rendered":"<p data-start=\"103\" data-end=\"141\"><strong data-start=\"103\" data-end=\"139\">Silentlager-verktygssats f\u00f6r BMW<\/strong><\/p>\n<p data-start=\"143\" data-end=\"323\">Verktygssats f\u00f6r demontering och montering av kulleder, silentlager och bussningar p\u00e5 en m\u00e4ngd BMW-modeller, inklusive 1-, 3-, 5-, 6-, 7-, 8-serien samt Z4 och MINI Cooper S R53.<\/p>\n<p data-start=\"325\" data-end=\"339\"><strong data-start=\"325\" data-end=\"337\">Inneh\u00e5ll:<\/strong><\/p>\n<ul>\n<li data-start=\"342\" data-end=\"412\">Spindel M12 x 1,5 med lagrad mutter, l\u00e4ngd: 225 mm<\/li>\n<li data-start=\"415\" data-end=\"439\">Plattor, \u00d8 48, 55, 65 mm<\/li>\n<li data-start=\"442\" data-end=\"494\">Holk, inner-\u00d8: 47 mm, ytter-\u00d8: 55 mm, l\u00e4ngd: 72 mm<\/li>\n<li data-start=\"497\" data-end=\"549\">Holk, inner-\u00d8: 50 mm, ytter-\u00d8: 64 mm, l\u00e4ngd: 70 mm<\/li>\n<li data-start=\"552\" data-end=\"615\">Stegad holk, inner-\u00d8: 36, 40 mm, ytter-\u00d8: 45 mm, l\u00e4ngd: 30 mm<\/li>\n<li data-start=\"618\" data-end=\"681\">Stegad holk, inner-\u00d8: 47, 53 mm, ytter-\u00d8: 58 mm, l\u00e4ngd: 43 mm<\/li>\n<li data-start=\"684\" data-end=\"747\">Stegad holk, inner-\u00d8: 47, 53 mm, ytter-\u00d8: 58 mm, l\u00e4ngd: 61 mm<\/li>\n<li data-start=\"750\" data-end=\"802\">Holk, inner-\u00d8: 32 mm, ytter-\u00d8: 46 mm, l\u00e4ngd: 26 mm<\/li>\n<li data-start=\"805\" data-end=\"857\">Holk, inner-\u00d8: 46 mm, ytter-\u00d8: 55 mm, l\u00e4ngd: 32 mm<\/li>\n<li data-start=\"860\" data-end=\"912\">Holk, inner-\u00d8: 47 mm, ytter-\u00d8: 51 mm, l\u00e4ngd: 35 mm<\/li>\n<li data-start=\"915\" data-end=\"977\">Avfasad holk, inner-\u00d8: 47 mm, ytter-\u00d8: 55 mm, l\u00e4ngd: 32 mm<\/li>\n<li data-start=\"980\" data-end=\"1054\">Stegad, avplattad platta, inner-\u00d8: 57 mm, ytter-\u00d8: 70 mm, tjocklek: 13 mm<\/li>\n<li data-start=\"1057\" data-end=\"1121\">Hylsa, 1\/3 \u00f6ppen, inner-\u00d8: 59 mm, ytter-\u00d8: 70 mm, l\u00e4ngd: 55 mm<\/li>\n<\/ul>\n<h3><strong>Passar till f\u00f6ljande BMW modeller<\/strong><\/h3>\n<p data-start=\"112\" data-end=\"206\"><strong data-start=\"112\" data-end=\"168\">Demontering \/ montering av kulleder bak<\/strong>, l\u00e4mplig f\u00f6r f\u00f6ljande BMW-modeller:<\/p>\n<ul>\n<li data-start=\"209\" data-end=\"242\">5-serien: E39 \/ E60 \/ E61 \/ E70<\/li>\n<li data-start=\"245\" data-end=\"266\">6-serien: E63 \/ E64<\/li>\n<li data-start=\"269\" data-end=\"302\">7-serien: E38 \/ E65 \/ E66 \/ E67<\/li>\n<li data-start=\"305\" data-end=\"320\">8-serien: E52<\/li>\n<\/ul>\n<p data-start=\"322\" data-end=\"429\"><strong data-start=\"322\" data-end=\"391\">Demontering \/ montering av kulleder och gummilager p\u00e5 l\u00e4nkarm<\/strong>, l\u00e4mplig f\u00f6r f\u00f6ljande BMW-modeller:<\/p>\n<ul>\n<li data-start=\"432\" data-end=\"459\">3-serien: E36 \/ E46 \/ E83<\/li>\n<li data-start=\"462\" data-end=\"495\">5-serien: E39 \/ E60 \/ E61 \/ E70<\/li>\n<li data-start=\"498\" data-end=\"519\">6-serien: E63 \/ E64<\/li>\n<li data-start=\"522\" data-end=\"555\">7-serien: E38 \/ E65 \/ E66 \/ E67<\/li>\n<li data-start=\"558\" data-end=\"579\">8-serien: E31 \/ E52<\/li>\n<li data-start=\"582\" data-end=\"606\">Z4-modeller: E85 \/ E86<\/li>\n<\/ul>\n<p data-start=\"608\" data-end=\"740\"><strong data-start=\"608\" data-end=\"702\">Demontering \/ montering av gummibussning i bakaxelbalk<\/strong>, l\u00e4mplig f\u00f6r f\u00f6ljande BMW-modeller:<\/p>\n<ul>\n<li data-start=\"743\" data-end=\"770\">3-serien: E36 \/ E46 \/ E83<\/li>\n<li data-start=\"773\" data-end=\"788\">8-serien: E31<\/li>\n<li data-start=\"791\" data-end=\"815\">Z4-modeller: E85 \/ E86<\/li>\n<\/ul>\n<p data-start=\"817\" data-end=\"942\"><strong data-start=\"817\" data-end=\"904\">Demontering \/ montering av gummilager i transmissionens f\u00e4sten (fram och bak)<\/strong>, l\u00e4mplig f\u00f6r f\u00f6ljande BMW-modeller:<\/p>\n<ul>\n<li data-start=\"945\" data-end=\"966\">1-serien: E81 \/ E87<\/li>\n<li data-start=\"969\" data-end=\"1020\">3-serien: E36 \/ E46 \/ E83 \/ E90 \/ E91 \/ E92 \/ E93<\/li>\n<li data-start=\"1023\" data-end=\"1044\">5-serien: E60 \/ E61<\/li>\n<li data-start=\"1047\" data-end=\"1068\">6-serien: E63 \/ E64<\/li>\n<li data-start=\"1071\" data-end=\"1104\">7-serien: E38 \/ E65 \/ E66 \/ E67<\/li>\n<li data-start=\"1107\" data-end=\"1122\">8-serien: E31<\/li>\n<li data-start=\"1125\" data-end=\"1149\">Z4-modeller: E85 \/ E86<\/li>\n<li data-start=\"1152\" data-end=\"1172\">MINI Cooper S: R53<\/li>\n<\/ul>\n<p>Tillverkare: Smart equipment<\/p>\n","protected":false},"featured_media":31544,"template":"","meta":{"_acf_changed":false,"_seopress_robots_primary_cat":"none","_seopress_titles_title":"","_seopress_titles_desc":"","_seopress_robots_index":""},"product_cat":[338,585,21],"product_tag":[],"class_list":{"0":"post-31529","1":"product","2":"type-product","3":"status-publish","4":"has-post-thumbnail","6":"product_cat-fordonsverktyg","7":"product_cat-verktyg-for-underrede-och-transmission","8":"product_cat-verkstadsutrustning","10":"first","11":"instock","12":"taxable","13":"shipping-taxable","14":"purchasable","15":"product-type-simple","swatches":"rey-swatches","show_selected":""},"acf":[],"_links":{"self":[{"href":"https:\/\/toolhouse.fi\/sv\/wp-json\/wp\/v2\/product\/31529","targetHints":{"allow":["GET"]}}],"collection":[{"href":"https:\/\/toolhouse.fi\/sv\/wp-json\/wp\/v2\/product"}],"about":[{"href":"https:\/\/toolhouse.fi\/sv\/wp-json\/wp\/v2\/types\/product"}],"version-history":[{"count":4,"href":"https:\/\/toolhouse.fi\/sv\/wp-json\/wp\/v2\/product\/31529\/revisions"}],"predecessor-version":[{"id":31548,"href":"https:\/\/toolhouse.fi\/sv\/wp-json\/wp\/v2\/product\/31529\/revisions\/31548"}],"wp:featuredmedia":[{"embeddable":true,"href":"https:\/\/toolhouse.fi\/sv\/wp-json\/wp\/v2\/media\/31544"}],"wp:attachment":[{"href":"https:\/\/toolhouse.fi\/sv\/wp-json\/wp\/v2\/media?parent=31529"}],"wp:term":[{"taxonomy":"product_cat","embeddable":true,"href":"https:\/\/toolhouse.fi\/sv\/wp-json\/wp\/v2\/product_cat?post=31529"},{"taxonomy":"product_tag","embeddable":true,"href":"https:\/\/toolhouse.fi\/sv\/wp-json\/wp\/v2\/product_tag?post=31529"}],"curies":[{"name":"wp","href":"https:\/\/api.w.org\/{rel}","templated":true}]}}