{"id":31554,"date":"2026-02-18T14:24:40","date_gmt":"2026-02-18T12:24:40","guid":{"rendered":"https:\/\/toolhouse.fi\/?post_type=product&#038;p=31554"},"modified":"2026-02-18T14:36:50","modified_gmt":"2026-02-18T12:36:50","slug":"verktygssats-for-hjullager-31-delar","status":"publish","type":"product","link":"https:\/\/toolhouse.fi\/sv\/produkt\/verktygssats-for-hjullager-31-delar\/","title":{"rendered":"Verktygssats f\u00f6r hjullager, 31 delar"},"content":{"rendered":"","protected":false},"excerpt":{"rendered":"<p data-start=\"0\" data-end=\"35\"><strong data-start=\"0\" data-end=\"35\">Verktygssats f\u00f6r hjullager, 31 delar<\/strong><\/p>\n<p data-start=\"37\" data-end=\"102\">Professionell verktygssats l\u00e4mplig f\u00f6r hjullager p\u00e5 m\u00e5nga vanliga personbilar.<\/p>\n<ul>\n<li data-start=\"480\" data-end=\"532\">Universell passform f\u00f6r m\u00e5nga popul\u00e4ra bilmodeller<\/li>\n<li data-start=\"535\" data-end=\"578\">Montering och demontering direkt p\u00e5 bilen<\/li>\n<li data-start=\"581\" data-end=\"620\">Ingen demontering av fj\u00e4derben beh\u00f6vs<\/li>\n<li data-start=\"623\" data-end=\"666\">Ingen hjulinst\u00e4llning kr\u00e4vs efter arbetet<\/li>\n<li data-start=\"669\" data-end=\"724\">Stabil och precis tryckspindel f\u00f6r s\u00e4ker installation<\/li>\n<\/ul>\n<p data-start=\"353\" data-end=\"379\"><strong data-start=\"353\" data-end=\"377\">Inneh\u00e5ll (31 delar):<\/strong><\/p>\n<ul>\n<li data-start=\"382\" data-end=\"396\">Tryckspindel<\/li>\n<li data-start=\"399\" data-end=\"421\">3 st skruvar M12x1,5<\/li>\n<li data-start=\"424\" data-end=\"446\">3 st skruvar M14x1,5<\/li>\n<li data-start=\"449\" data-end=\"482\">4 st h\u00e5ladaptrar: 76, 86, 91, 102 mm<\/li>\n<li data-start=\"485\" data-end=\"599\">14 st tryckplattor:<br data-start=\"884\" data-end=\"887\" \/>50,0 \/ 55,0 \/ 59,0 \/ 63,3 \/ 66,6 \/ 70,3 \/ 71,5 \/ 73,1 \/ 73,4 \/ 74,8 \/ 77,5 \/ 81,5 \/ 83,4 \/ 88,4 mm<\/li>\n<\/ul>\n<p data-start=\"601\" data-end=\"644\" data-is-last-node=\"\" data-is-only-node=\"\"><strong data-start=\"601\" data-end=\"617\">Tillverkare:<\/strong> Condor Werkzeug (Tyskland)<\/p>\n","protected":false},"featured_media":31557,"template":"","meta":{"_acf_changed":false,"_seopress_robots_primary_cat":"none","_seopress_titles_title":"","_seopress_titles_desc":"","_seopress_robots_index":""},"product_cat":[338,585,21],"product_tag":[],"class_list":{"0":"post-31554","1":"product","2":"type-product","3":"status-publish","4":"has-post-thumbnail","6":"product_cat-fordonsverktyg","7":"product_cat-verktyg-for-underrede-och-transmission","8":"product_cat-verkstadsutrustning","10":"first","11":"instock","12":"sale","13":"taxable","14":"shipping-taxable","15":"purchasable","16":"product-type-simple","swatches":"rey-swatches","show_selected":""},"acf":[],"_links":{"self":[{"href":"https:\/\/toolhouse.fi\/sv\/wp-json\/wp\/v2\/product\/31554","targetHints":{"allow":["GET"]}}],"collection":[{"href":"https:\/\/toolhouse.fi\/sv\/wp-json\/wp\/v2\/product"}],"about":[{"href":"https:\/\/toolhouse.fi\/sv\/wp-json\/wp\/v2\/types\/product"}],"version-history":[{"count":1,"href":"https:\/\/toolhouse.fi\/sv\/wp-json\/wp\/v2\/product\/31554\/revisions"}],"predecessor-version":[{"id":31561,"href":"https:\/\/toolhouse.fi\/sv\/wp-json\/wp\/v2\/product\/31554\/revisions\/31561"}],"wp:featuredmedia":[{"embeddable":true,"href":"https:\/\/toolhouse.fi\/sv\/wp-json\/wp\/v2\/media\/31557"}],"wp:attachment":[{"href":"https:\/\/toolhouse.fi\/sv\/wp-json\/wp\/v2\/media?parent=31554"}],"wp:term":[{"taxonomy":"product_cat","embeddable":true,"href":"https:\/\/toolhouse.fi\/sv\/wp-json\/wp\/v2\/product_cat?post=31554"},{"taxonomy":"product_tag","embeddable":true,"href":"https:\/\/toolhouse.fi\/sv\/wp-json\/wp\/v2\/product_tag?post=31554"}],"curies":[{"name":"wp","href":"https:\/\/api.w.org\/{rel}","templated":true}]}}