{"id":31574,"date":"2026-02-19T13:49:11","date_gmt":"2026-02-19T11:49:11","guid":{"rendered":"https:\/\/toolhouse.fi\/?post_type=product&#038;p=31574"},"modified":"2026-02-20T15:39:53","modified_gmt":"2026-02-20T13:39:53","slug":"smb25b-laser","status":"publish","type":"product","link":"https:\/\/toolhouse.fi\/sv\/produkt\/smb25b-laser\/","title":{"rendered":"SMB25-B Laser"},"content":{"rendered":"<table class=\"n54117_dictionary\">\n<tbody>\n<tr>\n<td class=\"n54117_item_a1\">Modell :<\/td>\n<td class=\"n54117_item_b1\">Smart Equipment smb25-b -Laser<\/td>\n<\/tr>\n<tr>\n<td class=\"n54117_item_a2\">Typ\u00a0<span class=\"n67256colon\">:<\/span><\/td>\n<td class=\"n54117_item_b2\">\n<div class=\"n54117_item_b_sub\">Halvautomatisk<\/div>\n<div><\/div>\n<\/td>\n<\/tr>\n<tr>\n<td class=\"n54117_item_a1\">M\u00e5tt(med skyddak\u00e5pa)<\/p>\n<p>(B x D x H) <span class=\"n67256colon\">:<\/span><\/p>\n<p>Vikt :<\/td>\n<td class=\"n54117_item_b1\">\n<div class=\"n54117_item_b_sub\">1008x870x1550mm<\/div>\n<div><\/div>\n<div>100kg<\/div>\n<\/td>\n<\/tr>\n<tr>\n<td class=\"n54117_item_a2\">M\u00e4tningstid\u00a0<span class=\"n67256colon\">:<\/span><\/td>\n<td class=\"n54117_item_b2\">\n<div class=\"n54117_item_b_sub\">7 sekunder<\/div>\n<\/td>\n<\/tr>\n<tr>\n<td class=\"n54117_item_a1\">Ljudniv\u00e5l\u00a0<span class=\"n67256colon\">:<\/span><\/td>\n<td class=\"n54117_item_b1\">\n<div class=\"n54117_item_b_sub\">&gt; 70 dB<\/div>\n<\/td>\n<\/tr>\n<tr>\n<td class=\"n54117_item_a2\">Axel diameter\u00a0<span class=\"n67256colon\">:<\/span><\/td>\n<td class=\"n54117_item_b2\">\n<div class=\"n54117_item_b_sub\">36mm (diameter) x 3mm (g\u00e4ngstigning)<\/div>\n<\/td>\n<\/tr>\n<tr>\n<td class=\"n54117_item_a1\">Balanseringsprogram <span class=\"n67256colon\">:<\/span><\/td>\n<td class=\"n54117_item_b1\">\n<div class=\"n54117_item_b_sub\">Alu1, Alu2, Alu3, dynamisk, statisk<\/div>\n<\/td>\n<\/tr>\n<tr>\n<td class=\"n54117_item_a2\">Maximal hjulvikt <span class=\"n67256colon\">:<\/span><\/td>\n<td class=\"n54117_item_b2\">\n<div class=\"n54117_item_b_sub\">70 kg<\/div>\n<\/td>\n<\/tr>\n<tr>\n<td class=\"n54117_item_a1\">Rotations hastighet\u00a0<span class=\"n67256colon\">:<\/span><\/td>\n<td class=\"n54117_item_b1\">\n<div class=\"n54117_item_b_sub\">200 rpm<\/div>\n<\/td>\n<\/tr>\n<tr>\n<td class=\"n54117_item_a2\">Noggrannhet\u00a0<span class=\"n67256colon\">:<\/span><\/td>\n<td class=\"n54117_item_b2\">\n<div class=\"n54117_item_b_sub\">1g<\/div>\n<\/td>\n<\/tr>\n<tr>\n<td class=\"n54117_item_a1\">F\u00e4lgstorlek\u00a0<span class=\"n67256colon\">:<\/span><\/p>\n<p>F\u00e4lgbredd:<\/td>\n<td class=\"n54117_item_b1\">\n<div class=\"n54117_item_b_sub\">10 \u201c- 24\u201d<\/div>\n<div>1,5&#8243; &#8211; 17,5&#8243;<\/div>\n<\/td>\n<\/tr>\n<tr>\n<td class=\"n54117_item_a2\">Vikt positionering\u00a0<span class=\"n67256colon\">:<\/span><\/td>\n<td class=\"n54117_item_b2\">\n<div class=\"n54117_item_b_sub\">led-display, laser<\/div>\n<\/td>\n<\/tr>\n<tr>\n<td class=\"n54117_item_a1\">Ytterligare funktioner\u00a0<span class=\"n67256colon\">:<\/span><\/td>\n<td class=\"n54117_item_b1\">\n<div class=\"n54117_item_b_sub\">Optimering, Autokalibrering. , Auto-diagnos,<\/div>\n<div><\/div>\n<\/td>\n<\/tr>\n<tr>\n<td class=\"n54117_item_a2\"><\/td>\n<td class=\"n54117_item_b2\">\n<div class=\"n54117_item_b_sub\"><\/div>\n<\/td>\n<\/tr>\n<tr>\n<td class=\"n54117_item_a1\">Str\u00f6mf\u00f6rs\u00f6rjning\u00a0<span class=\"n67256colon\">:<\/span><\/td>\n<td class=\"n54117_item_b1\">\n<div class=\"n54117_item_b_sub\">230V 50Hz<\/div>\n<\/td>\n<\/tr>\n<tr>\n<td class=\"n54117_item_a2\">Garanti\u00a0<span class=\"n67256colon\">:<\/span><\/td>\n<td class=\"n54117_item_b2\">\n<div class=\"n54117_item_b_sub\">12 m\u00e5nader<\/div>\n<\/td>\n<\/tr>\n<tr>\n<td class=\"n54117_item_a1\"><span class=\"n67256colon\">Ce-m\u00e4rkt:<\/span><\/td>\n<td class=\"n54117_item_b1\">\n<div class=\"n54117_item_b_sub\">Ja<\/div>\n<\/td>\n<\/tr>\n<\/tbody>\n<\/table>\n<p>&nbsp;<\/p>\n","protected":false},"excerpt":{"rendered":"<h3><strong>SMB25-B Laser <\/strong><\/h3>\n<p>&nbsp;<\/p>\n<p>&nbsp;<\/p>\n<ul>\n<li><strong>Laser f\u00f6r viktplacering<\/strong>: Snabb och noggrann viktplacering med hj\u00e4lp av laserindikator.<\/li>\n<li><strong>5 balanseringsprogram<\/strong>: Tre l\u00e4gen f\u00f6r aluminiumf\u00e4lgar, normall\u00e4ge, statiskt balanseringsl\u00e4ge.<\/li>\n<li><strong>Optimering och precision<\/strong>: Vid stor obalans anv\u00e4nds OPT-funktionen f\u00f6r att rotera d\u00e4cket p\u00e5 f\u00e4lgen och minimera obalans.<\/li>\n<\/ul>\n<p>&nbsp;<\/p>\n<p><strong>Enkel att anv\u00e4nda<\/strong><br \/>\nDen l\u00e4ttanv\u00e4nda kontrollpanelen och de tydliga displayerna g\u00f6r arbetet snabbt och effektivt.<br \/>\nMaskinen erbjuder problemfri balansering med funktioner som automatisk kalibrering, och optimeringsfunktion f\u00f6r att minska obalans.<\/p>\n<p><strong>Byggkvalitet och stabilitet<\/strong><br \/>\nWK-500 Laser \u00e4r en balanseringsmaskin av h\u00f6gsta kvalitet, byggd med de b\u00e4sta komponenterna. Maskinens stabila chassi och stora format g\u00f6r den perfekt f\u00f6r balansering av stora och tunga hjul. Den robusta konstruktionen garanterar h\u00f6g precision, och skyddsk\u00e5pan bidrar till s\u00e4ker anv\u00e4ndning.<\/p>\n<p><strong>M\u00e5ngsidighet<\/strong><br \/>\n<strong>SMB25-B Laser<\/strong> \u00e4r anpassad f\u00f6r balansering av hjul p\u00e5 personbilar, paketbilar och motorcyklar (MC-adapter finns som tillval). Den har en snabb m\u00e4tningstid p\u00e5 endast 7 sekunder och startar automatiskt n\u00e4r skyddshuven f\u00e4lls ner. N\u00e4r m\u00e4tningen \u00e4r klar stannar maskinen med hj\u00e4lp av den elektromekaniska bromsen.<\/p>\n<h3><\/h3>\n<h3>Komplett leverans<\/h3>\n<p>Med SMB25-B Laser ing\u00e5r:<\/p>\n<ul>\n<li>Svensk- och finskspr\u00e5kig bruksanvisning<\/li>\n<li>Viktt\u00e5ng<\/li>\n<li>F\u00e4lgm\u00e5tt f\u00f6r breddm\u00e4tning<\/li>\n<li>Snabbl\u00e5smutter<\/li>\n<li>4 adaptrar (koner)<\/li>\n<li>Kalibreringsvikt<\/li>\n<\/ul>\n<p>Maskinen \u00e4r CE-m\u00e4rkt och levereras med 12 m\u00e5naders garanti. Alla reservdelar finns tillg\u00e4ngliga.<\/p>\n<p>&nbsp;<\/p>\n","protected":false},"featured_media":31585,"template":"","meta":{"_acf_changed":false,"_seopress_robots_primary_cat":"none","_seopress_titles_title":"","_seopress_titles_desc":"","_seopress_robots_index":""},"product_cat":[185,623],"product_tag":[],"class_list":{"0":"post-31574","1":"product","2":"type-product","3":"status-publish","4":"has-post-thumbnail","6":"product_cat-balanseringsmaskiner","7":"product_cat-dackbalanserare","8":"product_shipping_class-l-220-l-220r","10":"first","11":"instock","12":"sale","13":"taxable","14":"shipping-taxable","15":"purchasable","16":"product-type-simple","swatches":"rey-swatches","show_selected":""},"acf":[],"_links":{"self":[{"href":"https:\/\/toolhouse.fi\/sv\/wp-json\/wp\/v2\/product\/31574","targetHints":{"allow":["GET"]}}],"collection":[{"href":"https:\/\/toolhouse.fi\/sv\/wp-json\/wp\/v2\/product"}],"about":[{"href":"https:\/\/toolhouse.fi\/sv\/wp-json\/wp\/v2\/types\/product"}],"version-history":[{"count":4,"href":"https:\/\/toolhouse.fi\/sv\/wp-json\/wp\/v2\/product\/31574\/revisions"}],"predecessor-version":[{"id":31577,"href":"https:\/\/toolhouse.fi\/sv\/wp-json\/wp\/v2\/product\/31574\/revisions\/31577"}],"wp:featuredmedia":[{"embeddable":true,"href":"https:\/\/toolhouse.fi\/sv\/wp-json\/wp\/v2\/media\/31585"}],"wp:attachment":[{"href":"https:\/\/toolhouse.fi\/sv\/wp-json\/wp\/v2\/media?parent=31574"}],"wp:term":[{"taxonomy":"product_cat","embeddable":true,"href":"https:\/\/toolhouse.fi\/sv\/wp-json\/wp\/v2\/product_cat?post=31574"},{"taxonomy":"product_tag","embeddable":true,"href":"https:\/\/toolhouse.fi\/sv\/wp-json\/wp\/v2\/product_tag?post=31574"}],"curies":[{"name":"wp","href":"https:\/\/api.w.org\/{rel}","templated":true}]}}