{"id":31593,"date":"2026-02-20T14:49:14","date_gmt":"2026-02-20T12:49:14","guid":{"rendered":"https:\/\/toolhouse.fi\/?post_type=product&#038;p=31593"},"modified":"2026-03-27T12:17:23","modified_gmt":"2026-03-27T10:17:23","slug":"bromsrorsverktyg-hydraulisk","status":"publish","type":"product","link":"https:\/\/toolhouse.fi\/sv\/produkt\/bromsrorsverktyg-hydraulisk\/","title":{"rendered":"Bromsr\u00f6rsverktyg hydraulisk"},"content":{"rendered":"","protected":false},"excerpt":{"rendered":"<p data-start=\"41\" data-end=\"122\"><strong data-start=\"41\" data-end=\"122\">Hydrauliskt bromsr\u00f6rsverktyg f\u00f6r professionellt bruk \u2013 ASTA A-ROG 103<\/strong><\/p>\n<p data-start=\"124\" data-end=\"278\">Ett h\u00f6gkvalitativt och h\u00e5llbart hydrauliskt bromsr\u00f6rsverktyg f\u00f6r yrkesm\u00e4ssig anv\u00e4ndning. L\u00e4tt men robust konstruktion som kan anv\u00e4ndas direkt p\u00e5 fordonet.<\/p>\n<p data-start=\"280\" data-end=\"306\"><strong data-start=\"280\" data-end=\"306\">Passar r\u00f6rdimensioner:<\/strong><\/p>\n<ul>\n<li data-start=\"310\" data-end=\"327\">4,75 mm (3\/16&#8243;)<\/li>\n<li data-start=\"330\" data-end=\"339\">5,00 mm<\/li>\n<li data-start=\"342\" data-end=\"351\">6,00 mm<\/li>\n<\/ul>\n<p data-start=\"353\" data-end=\"372\"><strong data-start=\"353\" data-end=\"372\">Kompatibilitet:<\/strong><\/p>\n<ul>\n<li data-start=\"376\" data-end=\"420\">St\u00e5l-, aluminium-, m\u00e4ssings- och kopparr\u00f6r<\/li>\n<li data-start=\"423\" data-end=\"448\">Passar \u00e4ven belagda r\u00f6r<\/li>\n<li data-start=\"451\" data-end=\"494\">L\u00e4mplig f\u00f6r b\u00e5de SAE- och DIN-dimensioner<\/li>\n<\/ul>\n<p data-start=\"496\" data-end=\"553\">F\u00f6rpackningen inneh\u00e5ller en r\u00f6ravsk\u00e4rare med gradverktyg.<\/p>\n<p data-start=\"555\" data-end=\"583\"><strong data-start=\"555\" data-end=\"566\">Modell:<\/strong> ASTA A-ROG 103<\/p>\n","protected":false},"featured_media":31601,"template":"","meta":{"_acf_changed":false,"_seopress_robots_primary_cat":"none","_seopress_titles_title":"","_seopress_titles_desc":"","_seopress_robots_index":""},"product_cat":[584,338,21],"product_tag":[],"class_list":{"0":"post-31593","1":"product","2":"type-product","3":"status-publish","4":"has-post-thumbnail","6":"product_cat-bromsverktyg","7":"product_cat-fordonsverktyg","8":"product_cat-verkstadsutrustning","10":"first","11":"outofstock","12":"taxable","13":"shipping-taxable","14":"purchasable","15":"product-type-simple","swatches":"rey-swatches","show_selected":""},"acf":[],"_links":{"self":[{"href":"https:\/\/toolhouse.fi\/sv\/wp-json\/wp\/v2\/product\/31593","targetHints":{"allow":["GET"]}}],"collection":[{"href":"https:\/\/toolhouse.fi\/sv\/wp-json\/wp\/v2\/product"}],"about":[{"href":"https:\/\/toolhouse.fi\/sv\/wp-json\/wp\/v2\/types\/product"}],"version-history":[{"count":2,"href":"https:\/\/toolhouse.fi\/sv\/wp-json\/wp\/v2\/product\/31593\/revisions"}],"predecessor-version":[{"id":31607,"href":"https:\/\/toolhouse.fi\/sv\/wp-json\/wp\/v2\/product\/31593\/revisions\/31607"}],"wp:featuredmedia":[{"embeddable":true,"href":"https:\/\/toolhouse.fi\/sv\/wp-json\/wp\/v2\/media\/31601"}],"wp:attachment":[{"href":"https:\/\/toolhouse.fi\/sv\/wp-json\/wp\/v2\/media?parent=31593"}],"wp:term":[{"taxonomy":"product_cat","embeddable":true,"href":"https:\/\/toolhouse.fi\/sv\/wp-json\/wp\/v2\/product_cat?post=31593"},{"taxonomy":"product_tag","embeddable":true,"href":"https:\/\/toolhouse.fi\/sv\/wp-json\/wp\/v2\/product_tag?post=31593"}],"curies":[{"name":"wp","href":"https:\/\/api.w.org\/{rel}","templated":true}]}}