{"id":31610,"date":"2026-02-20T15:07:45","date_gmt":"2026-02-20T13:07:45","guid":{"rendered":"https:\/\/toolhouse.fi\/?post_type=product&#038;p=31610"},"modified":"2026-02-20T15:45:47","modified_gmt":"2026-02-20T13:45:47","slug":"lyftkudde-for-billyft-100mm-4st","status":"publish","type":"product","link":"https:\/\/toolhouse.fi\/sv\/produkt\/lyftkudde-for-billyft-100mm-4st\/","title":{"rendered":"Lyftkudde f\u00f6r billyft 100mm 4st"},"content":{"rendered":"","protected":false},"excerpt":{"rendered":"<p><strong>JBM lyftkuddar 100mm<\/strong><\/p>\n<p>&nbsp;<\/p>\n<p>Mjuk yta f\u00f6r b\u00e4sta grepp och skonsam f\u00f6r fordonet p\u00e5 lyften.<\/p>\n<p>Tillverkad av oljeresistent gummi.<\/p>\n<p class=\"product_name__name m-0\">LxBxH:160x120x100mm<\/p>\n<p>Leveransen Inneh\u00e5ller 4st lyftkuddar.<\/p>\n","protected":false},"featured_media":31612,"template":"","meta":{"_acf_changed":false,"_seopress_robots_primary_cat":"none","_seopress_titles_title":"","_seopress_titles_desc":"","_seopress_robots_index":""},"product_cat":[20,282],"product_tag":[],"class_list":{"0":"post-31610","1":"product","2":"type-product","3":"status-publish","4":"has-post-thumbnail","6":"product_cat-lyftteknik","7":"product_cat-tillbehor-reservdelar","8":"product_shipping_class-tillbehor-790","10":"first","11":"instock","12":"taxable","13":"shipping-taxable","14":"purchasable","15":"product-type-simple","swatches":"rey-swatches","show_selected":""},"acf":[],"_links":{"self":[{"href":"https:\/\/toolhouse.fi\/sv\/wp-json\/wp\/v2\/product\/31610","targetHints":{"allow":["GET"]}}],"collection":[{"href":"https:\/\/toolhouse.fi\/sv\/wp-json\/wp\/v2\/product"}],"about":[{"href":"https:\/\/toolhouse.fi\/sv\/wp-json\/wp\/v2\/types\/product"}],"version-history":[{"count":1,"href":"https:\/\/toolhouse.fi\/sv\/wp-json\/wp\/v2\/product\/31610\/revisions"}],"predecessor-version":[{"id":31616,"href":"https:\/\/toolhouse.fi\/sv\/wp-json\/wp\/v2\/product\/31610\/revisions\/31616"}],"wp:featuredmedia":[{"embeddable":true,"href":"https:\/\/toolhouse.fi\/sv\/wp-json\/wp\/v2\/media\/31612"}],"wp:attachment":[{"href":"https:\/\/toolhouse.fi\/sv\/wp-json\/wp\/v2\/media?parent=31610"}],"wp:term":[{"taxonomy":"product_cat","embeddable":true,"href":"https:\/\/toolhouse.fi\/sv\/wp-json\/wp\/v2\/product_cat?post=31610"},{"taxonomy":"product_tag","embeddable":true,"href":"https:\/\/toolhouse.fi\/sv\/wp-json\/wp\/v2\/product_tag?post=31610"}],"curies":[{"name":"wp","href":"https:\/\/api.w.org\/{rel}","templated":true}]}}