{"id":31618,"date":"2026-02-20T15:36:45","date_gmt":"2026-02-20T13:36:45","guid":{"rendered":"https:\/\/toolhouse.fi\/?post_type=product&#038;p=31618"},"modified":"2026-02-23T17:23:53","modified_gmt":"2026-02-23T15:23:53","slug":"motorstativ-900kg-evolution-med-vaxel","status":"publish","type":"product","link":"https:\/\/toolhouse.fi\/sv\/produkt\/motorstativ-900kg-evolution-med-vaxel\/","title":{"rendered":"Motorstativ 900kg Evolution med v\u00e4xel"},"content":{"rendered":"","protected":false},"excerpt":{"rendered":"<p>Mycket stabilt motorstativ fr\u00e5n Evolution med vinkelv\u00e4xel f\u00f6r enkel rotation av motorn.<\/p>\n<p>&nbsp;<\/p>\n<ul>\n<li>Fyra justerbara monteringsarmar<\/li>\n<li>Vinkelv\u00e4xel med utv\u00e4xling<\/li>\n<li>360\u00b0 roterande f\u00e4stplatta<\/li>\n<li>Automatisk l\u00e5sning<\/li>\n<li>Fyra sv\u00e4ngbara hjul<\/li>\n<li>Tv\u00e5 l\u00e5sbara hjul<\/li>\n<li>Max. kapacitet 907 kg<\/li>\n<li>Vikt: 50 kg<\/li>\n<li>M\u00e5tt (LxBxH): 1010x940x1060 mm<\/li>\n<li>H\u00f6jd till centrum av platta: 810 mm<\/li>\n<li>CE-M\u00e4rkt<\/li>\n<li>Garanti 1\u00e5r<\/li>\n<li>Tillverkare: Evolution<\/li>\n<\/ul>\n<p>&nbsp;<\/p>\n","protected":false},"featured_media":31681,"template":"","meta":{"_acf_changed":false,"_seopress_robots_primary_cat":"none","_seopress_titles_title":"","_seopress_titles_desc":"","_seopress_robots_index":""},"product_cat":[20,459,281],"product_tag":[],"class_list":{"0":"post-31618","1":"product","2":"type-product","3":"status-publish","4":"has-post-thumbnail","6":"product_cat-lyftteknik","7":"product_cat-motorlyft","8":"product_cat-motorlyft-vaxelladslyft","10":"first","11":"instock","12":"taxable","13":"shipping-taxable","14":"purchasable","15":"product-type-simple","swatches":"rey-swatches","show_selected":""},"acf":[],"_links":{"self":[{"href":"https:\/\/toolhouse.fi\/sv\/wp-json\/wp\/v2\/product\/31618","targetHints":{"allow":["GET"]}}],"collection":[{"href":"https:\/\/toolhouse.fi\/sv\/wp-json\/wp\/v2\/product"}],"about":[{"href":"https:\/\/toolhouse.fi\/sv\/wp-json\/wp\/v2\/types\/product"}],"version-history":[{"count":4,"href":"https:\/\/toolhouse.fi\/sv\/wp-json\/wp\/v2\/product\/31618\/revisions"}],"predecessor-version":[{"id":31686,"href":"https:\/\/toolhouse.fi\/sv\/wp-json\/wp\/v2\/product\/31618\/revisions\/31686"}],"wp:featuredmedia":[{"embeddable":true,"href":"https:\/\/toolhouse.fi\/sv\/wp-json\/wp\/v2\/media\/31681"}],"wp:attachment":[{"href":"https:\/\/toolhouse.fi\/sv\/wp-json\/wp\/v2\/media?parent=31618"}],"wp:term":[{"taxonomy":"product_cat","embeddable":true,"href":"https:\/\/toolhouse.fi\/sv\/wp-json\/wp\/v2\/product_cat?post=31618"},{"taxonomy":"product_tag","embeddable":true,"href":"https:\/\/toolhouse.fi\/sv\/wp-json\/wp\/v2\/product_tag?post=31618"}],"curies":[{"name":"wp","href":"https:\/\/api.w.org\/{rel}","templated":true}]}}