{"id":31627,"date":"2026-02-20T16:03:37","date_gmt":"2026-02-20T14:03:37","guid":{"rendered":"https:\/\/toolhouse.fi\/?post_type=product&#038;p=31627"},"modified":"2026-02-23T15:08:47","modified_gmt":"2026-02-23T13:08:47","slug":"tangamperemeter-autool-bt270","status":"publish","type":"product","link":"https:\/\/toolhouse.fi\/sv\/produkt\/tangamperemeter-autool-bt270\/","title":{"rendered":"T\u00e5ngamperemeter Autool BT270"},"content":{"rendered":"<p data-start=\"91\" data-end=\"133\"><strong>AUTOOL BT270 \u2013 Tekniska specifikationer<\/strong><\/p>\n<div class=\"TyagGW_tableContainer\">\n<div class=\"group TyagGW_tableWrapper flex flex-col-reverse w-fit\" tabindex=\"-1\">\n<table class=\"w-fit min-w-(--thread-content-width)\" data-start=\"135\" data-end=\"846\">\n<thead data-start=\"135\" data-end=\"160\">\n<tr data-start=\"135\" data-end=\"160\">\n<th class=\"\" data-start=\"135\" data-end=\"151\" data-col-size=\"sm\">Specifikation<\/th>\n<th class=\"\" data-start=\"151\" data-end=\"160\" data-col-size=\"md\">V\u00e4rde<\/th>\n<\/tr>\n<\/thead>\n<tbody data-start=\"188\" data-end=\"846\">\n<tr data-start=\"188\" data-end=\"227\">\n<td data-start=\"188\" data-end=\"204\" data-col-size=\"sm\"><strong data-start=\"190\" data-end=\"203\">M\u00e4tomr\u00e5de<\/strong><\/td>\n<td data-col-size=\"md\" data-start=\"204\" data-end=\"227\">0 mA \u2013 60 A (AC\/DC)<\/td>\n<\/tr>\n<tr data-start=\"228\" data-end=\"261\">\n<td data-start=\"228\" data-end=\"245\" data-col-size=\"sm\"><strong data-start=\"230\" data-end=\"244\">Uppl\u00f6sning<\/strong><\/td>\n<td data-col-size=\"md\" data-start=\"245\" data-end=\"261\">1 mA (AC\/DC)<\/td>\n<\/tr>\n<tr data-start=\"262\" data-end=\"324\">\n<td data-start=\"262\" data-end=\"280\" data-col-size=\"sm\"><strong data-start=\"264\" data-end=\"279\">Noggrannhet<\/strong><\/td>\n<td data-col-size=\"md\" data-start=\"280\" data-end=\"324\">\u00b12 % rdg \u00b1 5 dgt (23 \u00b0C \u00b15 \u00b0C, &lt;75 % RH)<\/td>\n<\/tr>\n<tr data-start=\"325\" data-end=\"373\">\n<td data-start=\"325\" data-end=\"350\" data-col-size=\"sm\"><strong data-start=\"327\" data-end=\"349\">Samplingshastighet<\/strong><\/td>\n<td data-col-size=\"md\" data-start=\"350\" data-end=\"373\">2 g\u00e5nger per sekund<\/td>\n<\/tr>\n<tr data-start=\"374\" data-end=\"416\">\n<td data-start=\"374\" data-end=\"398\" data-col-size=\"sm\"><strong data-start=\"376\" data-end=\"397\">AC-frekvensomr\u00e5de<\/strong><\/td>\n<td data-col-size=\"md\" data-start=\"398\" data-end=\"416\">45 Hz \u2013 400 Hz<\/td>\n<\/tr>\n<tr data-start=\"417\" data-end=\"449\">\n<td data-start=\"417\" data-end=\"435\" data-col-size=\"sm\"><strong data-start=\"419\" data-end=\"434\">T\u00e5ng\u00f6ppning<\/strong><\/td>\n<td data-col-size=\"md\" data-start=\"435\" data-end=\"449\">16 \u00d7 18 mm<\/td>\n<\/tr>\n<tr data-start=\"450\" data-end=\"489\">\n<td data-start=\"450\" data-end=\"467\" data-col-size=\"sm\"><strong data-start=\"452\" data-end=\"466\">Omr\u00e5desval<\/strong><\/td>\n<td data-col-size=\"md\" data-start=\"467\" data-end=\"489\">Automatisk v\u00e4xling<\/td>\n<\/tr>\n<tr data-start=\"490\" data-end=\"520\">\n<td data-start=\"490\" data-end=\"509\" data-col-size=\"sm\"><strong data-start=\"492\" data-end=\"508\">Max sp\u00e4nning<\/strong><\/td>\n<td data-col-size=\"md\" data-start=\"509\" data-end=\"520\">&lt; 600 V<\/td>\n<\/tr>\n<tr data-start=\"521\" data-end=\"553\">\n<td data-start=\"521\" data-end=\"537\" data-col-size=\"sm\"><strong data-start=\"523\" data-end=\"536\">Dataminne<\/strong><\/td>\n<td data-col-size=\"md\" data-start=\"537\" data-end=\"553\">99 m\u00e4tv\u00e4rden<\/td>\n<\/tr>\n<tr data-start=\"554\" data-end=\"613\">\n<td data-start=\"554\" data-end=\"586\" data-col-size=\"sm\"><strong data-start=\"556\" data-end=\"585\">\u00d6verbelastningsindikering<\/strong><\/td>\n<td data-col-size=\"md\" data-start=\"586\" data-end=\"613\">\u201cOL\u201d visas p\u00e5 displayen<\/td>\n<\/tr>\n<tr data-start=\"614\" data-end=\"650\">\n<td data-start=\"614\" data-end=\"636\" data-col-size=\"sm\"><strong data-start=\"616\" data-end=\"635\">Nollomr\u00e5de (DC)<\/strong><\/td>\n<td data-col-size=\"md\" data-start=\"636\" data-end=\"650\">Max \u00b120 mA<\/td>\n<\/tr>\n<tr data-start=\"651\" data-end=\"686\">\n<td data-start=\"651\" data-end=\"673\" data-col-size=\"sm\"><strong data-start=\"653\" data-end=\"672\">Arbetsfuktighet<\/strong><\/td>\n<td data-col-size=\"md\" data-start=\"673\" data-end=\"686\">\u2264 80 % RH<\/td>\n<\/tr>\n<tr data-start=\"687\" data-end=\"759\">\n<td data-start=\"687\" data-end=\"712\" data-col-size=\"sm\"><strong data-start=\"689\" data-end=\"711\">Temperaturp\u00e5verkan<\/strong><\/td>\n<td data-col-size=\"md\" data-start=\"712\" data-end=\"759\">-10 \u00b0C \u2013 0 \u00b0C &amp; 40 \u00b0C \u2013 50 \u00b0C: max +2 % rdg<\/td>\n<\/tr>\n<tr data-start=\"760\" data-end=\"807\">\n<td data-start=\"760\" data-end=\"788\" data-col-size=\"sm\"><strong data-start=\"762\" data-end=\"787\">Isolationsh\u00e5llfasthet<\/strong><\/td>\n<td data-col-size=\"md\" data-start=\"788\" data-end=\"807\">AC 3700 V \/ RMS<\/td>\n<\/tr>\n<tr data-start=\"808\" data-end=\"846\">\n<td data-start=\"808\" data-end=\"831\" data-col-size=\"sm\"><strong data-start=\"810\" data-end=\"830\">Str\u00f6mf\u00f6rs\u00f6rjning<\/strong><\/td>\n<td data-col-size=\"md\" data-start=\"831\" data-end=\"846\">9 V batteri<\/td>\n<\/tr>\n<\/tbody>\n<\/table>\n<\/div>\n<\/div>\n","protected":false},"excerpt":{"rendered":"<p data-start=\"61\" data-end=\"85\"><strong data-start=\"61\" data-end=\"85\">BT270 t\u00e5ngamperemeter\u00a0<\/strong><\/p>\n<p data-start=\"87\" data-end=\"281\">AUTOOL BT270 \u00e4r en digital t\u00e5ngamperemeter s\u00e4rskilt utvecklad f\u00f6r m\u00e4tning av bilars vilostr\u00f6m och l\u00e4ckstr\u00f6m. Den identifierar automatiskt AC- och DC-signaler, utan behov av manuell v\u00e4xling mellan m\u00e4tomr\u00e5den.<\/p>\n<p data-start=\"352\" data-end=\"618\">Med BT270 kan du enkelt och snabbt m\u00e4ta l\u00e4ckstr\u00f6m, str\u00f6mf\u00f6rbrukning, startstr\u00f6m samt generatorns laddningsstr\u00f6m. Detta g\u00f6r det m\u00f6jligt att identifiera problem som kabelbrott, l\u00e4ckage i kabelstammar, on\u00f6dig str\u00f6mf\u00f6rbrukning fr\u00e5n elektriska komponenter samt jordfel.<\/p>\n<p data-start=\"620\" data-end=\"732\">En h\u00f6gpresterande och avancerad AC\/DC-str\u00f6mt\u00e5ng som sparar tid och \u00f6kar noggrannheten vid fels\u00f6kning i fordon.<\/p>\n<p data-start=\"76\" data-end=\"95\"><strong data-start=\"76\" data-end=\"93\">Arbetsprincip<\/strong><\/p>\n<p data-start=\"97\" data-end=\"391\">AUTOOL BT270 digitala t\u00e5ngamperemeter anv\u00e4nder den senaste digitala integrationstekniken och elektromagnetisk induktion f\u00f6r att detektera AC- och DC-signaler. Den inbyggda mikroprocessorn bearbetar signalerna och omvandlar dem till motsvarande str\u00f6mv\u00e4rden, som tydligt visas p\u00e5 den HD-klara sk\u00e4rmen.<\/p>\n<hr data-start=\"393\" data-end=\"396\" \/>\n<p data-start=\"452\" data-end=\"468\"><strong data-start=\"452\" data-end=\"466\">Funktioner<\/strong><\/p>\n<ul>\n<li data-start=\"472\" data-end=\"778\"><strong data-start=\"472\" data-end=\"509\">Multifunktionell AC\/DC-t\u00e5ngamperemeter :<\/strong> Identifierar automatiskt AC- och DC-signaler utan manuell v\u00e4xling. Den icke-kontaktbaserade kl\u00e4mm\u00e4tningen ger h\u00f6g precision, stark st\u00f6rningsmotst\u00e5ndskraft och kompakt design. M\u00e4t exakt bilars l\u00e4ckstr\u00f6m, str\u00f6mf\u00f6rbrukning, motorstartstr\u00f6m samt generatorladdningsstr\u00f6m.<\/li>\n<li data-start=\"781\" data-end=\"877\"><strong data-start=\"781\" data-end=\"795\">Dataminne:<\/strong> Spara upp till 99 m\u00e4tv\u00e4rden och granska historiska data med automatisk kodning.<\/li>\n<li data-start=\"880\" data-end=\"976\"><strong data-start=\"880\" data-end=\"918\">HD-display med bakgrundsbelysning:<\/strong> Ger tydliga avl\u00e4sningar i b\u00e5de ljusa och m\u00f6rka milj\u00f6er.<\/li>\n<li data-start=\"979\" data-end=\"1073\"><strong data-start=\"979\" data-end=\"1000\">Enkel anv\u00e4ndning:<\/strong> Tryck p\u00e5 Hold\/Store\/View-knappen f\u00f6r att snabbt l\u00e5sa eller rensa data.<\/li>\n<li data-start=\"1076\" data-end=\"1200\"><strong data-start=\"1076\" data-end=\"1101\">Automatiskt vilol\u00e4ge:<\/strong> St\u00e4nger av sig sj\u00e4lv efter 5 minuters inaktivitet f\u00f6r att spara energi och f\u00f6rl\u00e4nga livsl\u00e4ngden.<\/li>\n<li data-start=\"1203\" data-end=\"1291\"><strong data-start=\"1203\" data-end=\"1234\">H\u00f6gkvalitativ konstruktion:<\/strong> H\u00f6lje med h\u00f6g isolering f\u00f6r s\u00e4kerhet och st\u00f6tmotst\u00e5nd.<\/li>\n<li data-start=\"1294\" data-end=\"1429\"><strong data-start=\"1294\" data-end=\"1322\">Brett anv\u00e4ndningsomr\u00e5de:<\/strong> Perfekt f\u00f6r bilreparationer, elektriskt underh\u00e5ll, industriutrustning, apparatutveckling och mycket mer.<\/li>\n<\/ul>\n<hr data-start=\"1431\" data-end=\"1434\" \/>\n<p data-start=\"1436\" data-end=\"1456\"><strong data-start=\"1436\" data-end=\"1454\">Bruksanvisning<\/strong><\/p>\n<ul data-start=\"1458\" data-end=\"1606\">\n<li data-start=\"1458\" data-end=\"1606\">\n<p data-start=\"1460\" data-end=\"1606\">Vid m\u00e4tning av AC-str\u00f6m \u00e5terst\u00e4lls instrumentet automatiskt till noll. Symbolen \u201c0L\u201d indikerar att m\u00e4tv\u00e4rdet \u00f6verstiger instrumentets m\u00e4tomr\u00e5de.<\/p>\n<\/li>\n<\/ul>\n<ol>\n<li data-start=\"1610\" data-end=\"1662\">Tryck p\u00e5 str\u00f6mbrytaren f\u00f6r att sl\u00e5 p\u00e5 t\u00e5ngamperemetern.<\/li>\n<li data-start=\"1666\" data-end=\"1704\">Instrumentet startar i DC-str\u00f6ml\u00e4ge.<\/li>\n<li data-start=\"1708\" data-end=\"1836\">Tryck p\u00e5 nollst\u00e4llnings-\/bakgrundsbelysningsknappen f\u00f6r att \u00e5terst\u00e4lla data, och kl\u00e4m sedan k\u00e4ftarna runt ledaren f\u00f6r m\u00e4tning.<\/li>\n<\/ol>\n","protected":false},"featured_media":31655,"template":"","meta":{"_acf_changed":false,"_seopress_robots_primary_cat":"none","_seopress_titles_title":"","_seopress_titles_desc":"","_seopress_robots_index":""},"product_cat":[338,577,21],"product_tag":[],"class_list":{"0":"post-31627","1":"product","2":"type-product","3":"status-publish","4":"has-post-thumbnail","6":"product_cat-fordonsverktyg","7":"product_cat-matverktyg","8":"product_cat-verkstadsutrustning","10":"first","11":"instock","12":"taxable","13":"shipping-taxable","14":"purchasable","15":"product-type-simple","swatches":"rey-swatches","show_selected":""},"acf":[],"_links":{"self":[{"href":"https:\/\/toolhouse.fi\/sv\/wp-json\/wp\/v2\/product\/31627","targetHints":{"allow":["GET"]}}],"collection":[{"href":"https:\/\/toolhouse.fi\/sv\/wp-json\/wp\/v2\/product"}],"about":[{"href":"https:\/\/toolhouse.fi\/sv\/wp-json\/wp\/v2\/types\/product"}],"version-history":[{"count":2,"href":"https:\/\/toolhouse.fi\/sv\/wp-json\/wp\/v2\/product\/31627\/revisions"}],"predecessor-version":[{"id":31636,"href":"https:\/\/toolhouse.fi\/sv\/wp-json\/wp\/v2\/product\/31627\/revisions\/31636"}],"wp:featuredmedia":[{"embeddable":true,"href":"https:\/\/toolhouse.fi\/sv\/wp-json\/wp\/v2\/media\/31655"}],"wp:attachment":[{"href":"https:\/\/toolhouse.fi\/sv\/wp-json\/wp\/v2\/media?parent=31627"}],"wp:term":[{"taxonomy":"product_cat","embeddable":true,"href":"https:\/\/toolhouse.fi\/sv\/wp-json\/wp\/v2\/product_cat?post=31627"},{"taxonomy":"product_tag","embeddable":true,"href":"https:\/\/toolhouse.fi\/sv\/wp-json\/wp\/v2\/product_tag?post=31627"}],"curies":[{"name":"wp","href":"https:\/\/api.w.org\/{rel}","templated":true}]}}