{"id":31663,"date":"2026-02-23T14:23:09","date_gmt":"2026-02-23T12:23:09","guid":{"rendered":"https:\/\/toolhouse.fi\/?post_type=product&#038;p=31663"},"modified":"2026-02-23T15:12:47","modified_gmt":"2026-02-23T13:12:47","slug":"verktyg-for-vibrationsdampare-ford-och-volvo","status":"publish","type":"product","link":"https:\/\/toolhouse.fi\/sv\/produkt\/verktyg-for-vibrationsdampare-ford-och-volvo\/","title":{"rendered":"Verktyg f\u00f6r vibrationsd\u00e4mpare, Ford och Volvo"},"content":{"rendered":"","protected":false},"excerpt":{"rendered":"<h2 data-start=\"75\" data-end=\"119\">Condor vevaxelns h\u00e5llverktyg, Ford \/ Volvo<\/h2>\n<p data-start=\"121\" data-end=\"235\">Verktyg f\u00f6r att h\u00e5lla vibrationsd\u00e4mparen (remhjulet) p\u00e5 plats vid lossning av den centrala skruven p\u00e5 vevaxeln.<\/p>\n<h3 data-start=\"237\" data-end=\"265\">Passar f\u00f6ljande motorer:<\/h3>\n<p data-start=\"267\" data-end=\"352\"><strong data-start=\"267\" data-end=\"275\">Ford<\/strong><br data-start=\"275\" data-end=\"278\" \/>2.5L Duratec bensinmotorer, t.ex.:<br data-start=\"312\" data-end=\"315\" \/>Focus, Galaxy, Kuga, Mondeo och S-Max<\/p>\n<p data-start=\"354\" data-end=\"453\"><strong data-start=\"354\" data-end=\"363\">Volvo<\/strong><br data-start=\"363\" data-end=\"366\" \/>Bensinmotorer 1.6, 1.8, 1.9, 2.0, 2.3, 2.4, 2.5, 2.8 och 2.9L<br data-start=\"427\" data-end=\"430\" \/>(4- och 5-cylindriga)<\/p>\n<p data-start=\"455\" data-end=\"498\">Dieselmotorer 2.0 och 2.4L<br data-start=\"481\" data-end=\"484\" \/>(5-cylindriga)<\/p>\n<p data-start=\"500\" data-end=\"581\">Exempel p\u00e5 modeller:<br data-start=\"520\" data-end=\"523\" \/>C30, C70, S40, S60, S70, S80, V40, V50, V70, XC70 och XC90<\/p>\n<hr data-start=\"583\" data-end=\"586\" \/>\n<h3 data-start=\"588\" data-end=\"614\">Exempel p\u00e5 motorkoder:<\/h3>\n<p data-start=\"616\" data-end=\"664\"><strong data-start=\"616\" data-end=\"625\">Ford:<\/strong><br data-start=\"625\" data-end=\"628\" \/>HUBA, HUWA, HYDA, HYDB, JZDA, LCBD<\/p>\n<p data-start=\"666\" data-end=\"772\"><strong data-start=\"666\" data-end=\"676\">Volvo:<\/strong><br data-start=\"676\" data-end=\"679\" \/>B4164, B4184, B4194, B4204, B5204, B5234, B5244, B5254,<br data-start=\"734\" data-end=\"737\" \/>B6284, B6294, B6304, D5204, D5244<\/p>\n<hr data-start=\"774\" data-end=\"777\" \/>\n<h3 data-start=\"779\" data-end=\"800\">\u00d6vrig information<\/h3>\n<ul>\n<li data-start=\"804\" data-end=\"849\"><strong data-start=\"804\" data-end=\"829\">OEM-j\u00e4mf\u00f6relsenummer:<\/strong> 3031179 \/ 9995433<\/li>\n<li data-start=\"852\" data-end=\"896\"><strong data-start=\"852\" data-end=\"882\">Passar fordonstillverkare:<\/strong> Ford, Volvo<\/li>\n<li data-start=\"899\" data-end=\"923\"><strong data-start=\"899\" data-end=\"913\">Vikt:<\/strong> 0,6 kg<\/li>\n<li data-start=\"899\" data-end=\"923\"><strong>L\u00e4ngd:<\/strong> 255 mm<\/li>\n<\/ul>\n","protected":false},"featured_media":31671,"template":"","meta":{"_acf_changed":false,"_seopress_robots_primary_cat":"none","_seopress_titles_title":"","_seopress_titles_desc":"","_seopress_robots_index":""},"product_cat":[338,582,21],"product_tag":[],"class_list":{"0":"post-31663","1":"product","2":"type-product","3":"status-publish","4":"has-post-thumbnail","6":"product_cat-fordonsverktyg","7":"product_cat-motorverktyg","8":"product_cat-verkstadsutrustning","10":"first","11":"instock","12":"taxable","13":"shipping-taxable","14":"purchasable","15":"product-type-simple","swatches":"rey-swatches","show_selected":""},"acf":[],"_links":{"self":[{"href":"https:\/\/toolhouse.fi\/sv\/wp-json\/wp\/v2\/product\/31663","targetHints":{"allow":["GET"]}}],"collection":[{"href":"https:\/\/toolhouse.fi\/sv\/wp-json\/wp\/v2\/product"}],"about":[{"href":"https:\/\/toolhouse.fi\/sv\/wp-json\/wp\/v2\/types\/product"}],"version-history":[{"count":1,"href":"https:\/\/toolhouse.fi\/sv\/wp-json\/wp\/v2\/product\/31663\/revisions"}],"predecessor-version":[{"id":31666,"href":"https:\/\/toolhouse.fi\/sv\/wp-json\/wp\/v2\/product\/31663\/revisions\/31666"}],"wp:featuredmedia":[{"embeddable":true,"href":"https:\/\/toolhouse.fi\/sv\/wp-json\/wp\/v2\/media\/31671"}],"wp:attachment":[{"href":"https:\/\/toolhouse.fi\/sv\/wp-json\/wp\/v2\/media?parent=31663"}],"wp:term":[{"taxonomy":"product_cat","embeddable":true,"href":"https:\/\/toolhouse.fi\/sv\/wp-json\/wp\/v2\/product_cat?post=31663"},{"taxonomy":"product_tag","embeddable":true,"href":"https:\/\/toolhouse.fi\/sv\/wp-json\/wp\/v2\/product_tag?post=31663"}],"curies":[{"name":"wp","href":"https:\/\/api.w.org\/{rel}","templated":true}]}}